{"id":65417,"date":"2026-01-13T15:08:04","date_gmt":"2026-01-13T14:08:04","guid":{"rendered":"https:\/\/vitalstoffversand.com\/produkt\/gen-immunity-essentials-180-kapsulek\/"},"modified":"2026-03-21T15:52:26","modified_gmt":"2026-03-21T14:52:26","slug":"gen-immunity-essentials-180-kapsulek","status":"publish","type":"product","link":"https:\/\/vitalstoffversand.com\/pl\/produkt-pl\/gen-immunity-essentials-180-kapsulek\/","title":{"rendered":"GEN <br>Immunity Essentials \u2013 180 kapsu\u0142ek"},"content":{"rendered":"<p>Immunity Essentials to po\u0142\u0105czenie 10 starannie dobranych sk\u0142adnik\u00f3w, a dok\u0142adniej ekstrakt\u00f3w najwy\u017cszej jako\u015bci, kt\u00f3re wzajemnie si\u0119 uzupe\u0142niaj\u0105, tworz\u0105c efekt synergii.<\/p>\n<p>Opr\u00f3cz witaminy C i cynku zawiera r\u00f3wnie\u017c pochodz\u0105c\u0105 z ro\u015blin witamin\u0119 D3 (RAWD3\u00ae), kt\u00f3re przyczyniaj\u0105 si\u0119 do prawid\u0142owego funkcjonowania uk\u0142adu odporno\u015bciowego, a tak\u017ce wyci\u0105gi z zielonej herbaty, je\u017c\u00f3wki, czarnego bzu i kory sosny, a tak\u017ce beta-glukany i kwercetyn\u0119.<\/p>\n<ul>\n<li>Wegan<\/li>\n<li>Bez glutenu<\/li>\n<li>Bez laktozy<\/li>\n<li>Bez GMO<\/li>\n<li>Wyprodukowane zgodnie z surowymi normami jako\u015bci UE<\/li>\n<\/ul>\n","protected":false},"excerpt":{"rendered":"<p>Immunity Essentials to po\u0142\u0105czenie 10 starannie dobranych sk\u0142adnik\u00f3w, a dok\u0142adniej ekstrakt\u00f3w najwy\u017cszej jako\u015bci, kt\u00f3re wzajemnie si\u0119 uzupe\u0142niaj\u0105, tworz\u0105c efekt synergii. Opr\u00f3cz witaminy C i cynku zawiera r\u00f3wnie\u017c pochodz\u0105c\u0105 z ro\u015blin witamin\u0119 D3 (RAWD3\u00ae), kt\u00f3re przyczyniaj\u0105 si\u0119 do prawid\u0142owego funkcjonowania uk\u0142adu odporno\u015bciowego, a tak\u017ce wyci\u0105gi z zielonej herbaty, je\u017c\u00f3wki, czarnego bzu i kory sosny, a tak\u017ce [&hellip;]<\/p>\n","protected":false},"featured_media":65414,"template":"","meta":{"_acf_changed":false},"product_brand":[10199],"product_cat":[560,569],"product_tag":[],"class_list":{"0":"post-65417","1":"product","2":"type-product","3":"status-publish","4":"has-post-thumbnail","6":"product_brand-gen-german-elite-nutrition-pl","7":"product_cat-skladniki-odzywcze","8":"product_cat-produkty-od-a-z","10":"first","11":"instock","12":"taxable","13":"shipping-taxable","14":"purchasable","15":"product-type-simple"},"acf":[],"_links":{"self":[{"href":"https:\/\/vitalstoffversand.com\/pl\/wp-json\/wp\/v2\/product\/65417","targetHints":{"allow":["GET"]}}],"collection":[{"href":"https:\/\/vitalstoffversand.com\/pl\/wp-json\/wp\/v2\/product"}],"about":[{"href":"https:\/\/vitalstoffversand.com\/pl\/wp-json\/wp\/v2\/types\/product"}],"wp:featuredmedia":[{"embeddable":true,"href":"https:\/\/vitalstoffversand.com\/pl\/wp-json\/wp\/v2\/media\/65414"}],"wp:attachment":[{"href":"https:\/\/vitalstoffversand.com\/pl\/wp-json\/wp\/v2\/media?parent=65417"}],"wp:term":[{"taxonomy":"product_brand","embeddable":true,"href":"https:\/\/vitalstoffversand.com\/pl\/wp-json\/wp\/v2\/product_brand?post=65417"},{"taxonomy":"product_cat","embeddable":true,"href":"https:\/\/vitalstoffversand.com\/pl\/wp-json\/wp\/v2\/product_cat?post=65417"},{"taxonomy":"product_tag","embeddable":true,"href":"https:\/\/vitalstoffversand.com\/pl\/wp-json\/wp\/v2\/product_tag?post=65417"}],"curies":[{"name":"wp","href":"https:\/\/api.w.org\/{rel}","templated":true}]}}