{"id":65399,"date":"2025-10-01T15:31:28","date_gmt":"2025-10-01T13:31:28","guid":{"rendered":"https:\/\/vitalstoffversand.com\/produkt\/gen-invictus-gda-120-kapsulek\/"},"modified":"2026-03-21T15:53:24","modified_gmt":"2026-03-21T14:53:24","slug":"gen-invictus-gda-120-kapsulek","status":"publish","type":"product","link":"https:\/\/vitalstoffversand.com\/pl\/produkt-pl\/gen-invictus-gda-120-kapsulek\/","title":{"rendered":"GEN <br>Invictus GDA \u2013 120 kapsu\u0142ek"},"content":{"rendered":"<p>GEN Invictus GDA to edycja sygnowana, opracowana we wsp\u00f3\u0142pracy z trenerem zawodowych sportowc\u00f3w, Maxem Madsenem.<\/p>\n<p>W sumie 5 starannie dobranych ekstrakt\u00f3w ro\u015blinnych o wysokim st\u0119\u017ceniu, takich jak berberyna, Cinnulin PF\u00ae, kwas R-alfa-liponowy i gymnema, tworzy tutaj skuteczny \u015brodek wspomagaj\u0105cy metabolizm glukozy (GDA).<\/p>\n<p>Stworzone specjalnie z my\u015bl\u0105 o ambitnych sportowcach i og\u00f3lnym stylu \u017cycia opartym na aktywno\u015bci fizycznej.<\/p>\n<ul>\n<li>Wegan<\/li>\n<li>Bez glutenu<\/li>\n<li>Bez laktozy<\/li>\n<li>Bez GMO<\/li>\n<li>Wyprodukowane zgodnie z surowymi normami jako\u015bci UE<\/li>\n<\/ul>\n","protected":false},"excerpt":{"rendered":"<p>GEN Invictus GDA to edycja sygnowana, opracowana we wsp\u00f3\u0142pracy z trenerem zawodowych sportowc\u00f3w, Maxem Madsenem. W sumie 5 starannie dobranych ekstrakt\u00f3w ro\u015blinnych o wysokim st\u0119\u017ceniu, takich jak berberyna, Cinnulin PF\u00ae, kwas R-alfa-liponowy i gymnema, tworzy tutaj skuteczny \u015brodek wspomagaj\u0105cy metabolizm glukozy (GDA). Stworzone specjalnie z my\u015bl\u0105 o ambitnych sportowcach i og\u00f3lnym stylu \u017cycia opartym na [&hellip;]<\/p>\n","protected":false},"featured_media":60145,"template":"","meta":{"_acf_changed":false},"product_brand":[10199],"product_cat":[560,569],"product_tag":[],"class_list":{"0":"post-65399","1":"product","2":"type-product","3":"status-publish","4":"has-post-thumbnail","6":"product_brand-gen-german-elite-nutrition-pl","7":"product_cat-skladniki-odzywcze","8":"product_cat-produkty-od-a-z","10":"first","11":"instock","12":"taxable","13":"shipping-taxable","14":"purchasable","15":"product-type-simple"},"acf":[],"_links":{"self":[{"href":"https:\/\/vitalstoffversand.com\/pl\/wp-json\/wp\/v2\/product\/65399","targetHints":{"allow":["GET"]}}],"collection":[{"href":"https:\/\/vitalstoffversand.com\/pl\/wp-json\/wp\/v2\/product"}],"about":[{"href":"https:\/\/vitalstoffversand.com\/pl\/wp-json\/wp\/v2\/types\/product"}],"wp:featuredmedia":[{"embeddable":true,"href":"https:\/\/vitalstoffversand.com\/pl\/wp-json\/wp\/v2\/media\/60145"}],"wp:attachment":[{"href":"https:\/\/vitalstoffversand.com\/pl\/wp-json\/wp\/v2\/media?parent=65399"}],"wp:term":[{"taxonomy":"product_brand","embeddable":true,"href":"https:\/\/vitalstoffversand.com\/pl\/wp-json\/wp\/v2\/product_brand?post=65399"},{"taxonomy":"product_cat","embeddable":true,"href":"https:\/\/vitalstoffversand.com\/pl\/wp-json\/wp\/v2\/product_cat?post=65399"},{"taxonomy":"product_tag","embeddable":true,"href":"https:\/\/vitalstoffversand.com\/pl\/wp-json\/wp\/v2\/product_tag?post=65399"}],"curies":[{"name":"wp","href":"https:\/\/api.w.org\/{rel}","templated":true}]}}