{"id":65391,"date":"2025-09-19T17:26:19","date_gmt":"2025-09-19T15:26:19","guid":{"rendered":"https:\/\/vitalstoffversand.com\/produkt\/gen-gut-control-120-kapsulek\/"},"modified":"2026-03-21T15:53:35","modified_gmt":"2026-03-21T14:53:35","slug":"gen-gut-control-120-kapsulek","status":"publish","type":"product","link":"https:\/\/vitalstoffversand.com\/pl\/produkt-pl\/gen-gut-control-120-kapsulek\/","title":{"rendered":"GEN <br>Gut Control \u2013 120 kapsu\u0142ek"},"content":{"rendered":"<p>Gut Control \u0142\u0105czy 10 wyselekcjonowanych sk\u0142adnik\u00f3w w jeden suplement, kt\u00f3ry mo\u017ce wspomaga\u0107 prac\u0119 jelit i og\u00f3lne samopoczucie.<\/p>\n<p>Produkt ten gwarantuje najwy\u017csz\u0105 jako\u015b\u0107 i zawiera kilka opatentowanych sk\u0142adnik\u00f3w, takich jak Meriva\u00ae Curcumin Indena Phytosome\u00ae oraz AstraGin\u00ae.<\/p>\n<ul>\n<li>Wegan<\/li>\n<li>Bez glutenu<\/li>\n<li>Bez laktozy<\/li>\n<li>Bez GMO<\/li>\n<li>Wyprodukowane zgodnie z surowymi normami jako\u015bci UE<\/li>\n<\/ul>\n","protected":false},"excerpt":{"rendered":"<p>Gut Control \u0142\u0105czy 10 wyselekcjonowanych sk\u0142adnik\u00f3w w jeden suplement, kt\u00f3ry mo\u017ce wspomaga\u0107 prac\u0119 jelit i og\u00f3lne samopoczucie. Produkt ten gwarantuje najwy\u017csz\u0105 jako\u015b\u0107 i zawiera kilka opatentowanych sk\u0142adnik\u00f3w, takich jak Meriva\u00ae Curcumin Indena Phytosome\u00ae oraz AstraGin\u00ae. Wegan Bez glutenu Bez laktozy Bez GMO Wyprodukowane zgodnie z surowymi normami jako\u015bci UE<\/p>\n","protected":false},"featured_media":49086,"template":"","meta":{"_acf_changed":false},"product_brand":[10199],"product_cat":[560,569],"product_tag":[],"class_list":{"0":"post-65391","1":"product","2":"type-product","3":"status-publish","4":"has-post-thumbnail","6":"product_brand-gen-german-elite-nutrition-pl","7":"product_cat-skladniki-odzywcze","8":"product_cat-produkty-od-a-z","10":"first","11":"instock","12":"taxable","13":"shipping-taxable","14":"purchasable","15":"product-type-simple"},"acf":[],"_links":{"self":[{"href":"https:\/\/vitalstoffversand.com\/pl\/wp-json\/wp\/v2\/product\/65391","targetHints":{"allow":["GET"]}}],"collection":[{"href":"https:\/\/vitalstoffversand.com\/pl\/wp-json\/wp\/v2\/product"}],"about":[{"href":"https:\/\/vitalstoffversand.com\/pl\/wp-json\/wp\/v2\/types\/product"}],"wp:featuredmedia":[{"embeddable":true,"href":"https:\/\/vitalstoffversand.com\/pl\/wp-json\/wp\/v2\/media\/49086"}],"wp:attachment":[{"href":"https:\/\/vitalstoffversand.com\/pl\/wp-json\/wp\/v2\/media?parent=65391"}],"wp:term":[{"taxonomy":"product_brand","embeddable":true,"href":"https:\/\/vitalstoffversand.com\/pl\/wp-json\/wp\/v2\/product_brand?post=65391"},{"taxonomy":"product_cat","embeddable":true,"href":"https:\/\/vitalstoffversand.com\/pl\/wp-json\/wp\/v2\/product_cat?post=65391"},{"taxonomy":"product_tag","embeddable":true,"href":"https:\/\/vitalstoffversand.com\/pl\/wp-json\/wp\/v2\/product_tag?post=65391"}],"curies":[{"name":"wp","href":"https:\/\/api.w.org\/{rel}","templated":true}]}}