{"id":65376,"date":"2025-11-30T12:52:26","date_gmt":"2025-11-30T11:52:26","guid":{"rendered":"https:\/\/vitalstoffversand.com\/produkt\/gen-creatin-ultra-tabs-300-tabletek\/"},"modified":"2026-03-21T15:52:45","modified_gmt":"2026-03-21T14:52:45","slug":"gen-creatin-ultra-tabs-300-tabletek","status":"publish","type":"product","link":"https:\/\/vitalstoffversand.com\/pl\/produkt-pl\/gen-creatin-ultra-tabs-300-tabletek\/","title":{"rendered":"GEN <br>Creatin Ultra Tabs \u2013 300 tabletek"},"content":{"rendered":"<p><span style=\"color: #0000ff;\"><strong><a href=\"https:\/\/vitalstoffversand.com\/knowledge-base\/creatin-kreatin\/\" target=\"_blank\" rel=\"noopener\">\u2192 Creatin<\/a><\/strong><\/span> Ultra Caps firmy GEN dostarcza w 3 tabletkach dok\u0142adnie tak\u0105 ilo\u015b\u0107 czystego monohydratu kreatyny, jak\u0105 liczne badania uznaj\u0105 za skuteczn\u0105.<\/p>\n<p>Dzi\u0119ki postaci tabletek nie musisz ju\u017c m\u0119czy\u0107 si\u0119 z mieszaniem, a kreatyna jest zawsze pod r\u0119k\u0105.<\/p>\n<ul>\n<li>Wegan<\/li>\n<li>Bez glutenu<\/li>\n<li>Bez laktozy<\/li>\n<li>Bez GMO<\/li>\n<li>Wyprodukowane zgodnie z surowymi normami jako\u015bci UE<\/li>\n<\/ul>\n","protected":false},"excerpt":{"rendered":"<p>\u2192 Creatin Ultra Caps firmy GEN dostarcza w 3 tabletkach dok\u0142adnie tak\u0105 ilo\u015b\u0107 czystego monohydratu kreatyny, jak\u0105 liczne badania uznaj\u0105 za skuteczn\u0105. Dzi\u0119ki postaci tabletek nie musisz ju\u017c m\u0119czy\u0107 si\u0119 z mieszaniem, a kreatyna jest zawsze pod r\u0119k\u0105. Wegan Bez glutenu Bez laktozy Bez GMO Wyprodukowane zgodnie z surowymi normami jako\u015bci UE<\/p>\n","protected":false},"featured_media":65371,"template":"","meta":{"_acf_changed":false},"product_brand":[10199],"product_cat":[561,569],"product_tag":[],"class_list":{"0":"post-65376","1":"product","2":"type-product","3":"status-publish","4":"has-post-thumbnail","6":"product_brand-gen-german-elite-nutrition-pl","7":"product_cat-suplementy-sportowe","8":"product_cat-produkty-od-a-z","10":"first","11":"instock","12":"taxable","13":"shipping-taxable","14":"purchasable","15":"product-type-simple"},"acf":[],"_links":{"self":[{"href":"https:\/\/vitalstoffversand.com\/pl\/wp-json\/wp\/v2\/product\/65376","targetHints":{"allow":["GET"]}}],"collection":[{"href":"https:\/\/vitalstoffversand.com\/pl\/wp-json\/wp\/v2\/product"}],"about":[{"href":"https:\/\/vitalstoffversand.com\/pl\/wp-json\/wp\/v2\/types\/product"}],"wp:featuredmedia":[{"embeddable":true,"href":"https:\/\/vitalstoffversand.com\/pl\/wp-json\/wp\/v2\/media\/65371"}],"wp:attachment":[{"href":"https:\/\/vitalstoffversand.com\/pl\/wp-json\/wp\/v2\/media?parent=65376"}],"wp:term":[{"taxonomy":"product_brand","embeddable":true,"href":"https:\/\/vitalstoffversand.com\/pl\/wp-json\/wp\/v2\/product_brand?post=65376"},{"taxonomy":"product_cat","embeddable":true,"href":"https:\/\/vitalstoffversand.com\/pl\/wp-json\/wp\/v2\/product_cat?post=65376"},{"taxonomy":"product_tag","embeddable":true,"href":"https:\/\/vitalstoffversand.com\/pl\/wp-json\/wp\/v2\/product_tag?post=65376"}],"curies":[{"name":"wp","href":"https:\/\/api.w.org\/{rel}","templated":true}]}}