{"id":65344,"date":"2025-09-19T17:19:10","date_gmt":"2025-09-19T15:19:10","guid":{"rendered":"https:\/\/vitalstoffversand.com\/produkt\/gen-l-leucyna-w-proszku-500-g\/"},"modified":"2026-03-21T15:53:42","modified_gmt":"2026-03-21T14:53:42","slug":"gen-l-leucyna-w-proszku-500-g","status":"publish","type":"product","link":"https:\/\/vitalstoffversand.com\/pl\/produkt-pl\/gen-l-leucyna-w-proszku-500-g\/","title":{"rendered":"GEN <br>L-leucyna w proszku \u2013 500 g"},"content":{"rendered":"<p>Czysta, sfermentowana leucyna jest aminokwasem egzogennym, kt\u00f3ry odgrywa kluczow\u0105 rol\u0119 w budowie mi\u0119\u015bni.<\/p>\n<ul>\n<li>Wegan<\/li>\n<li>Bez glutenu<\/li>\n<li>Bez laktozy<\/li>\n<li>Bez GMO<\/li>\n<li>Wyprodukowane zgodnie z surowymi normami jako\u015bci UE<\/li>\n<\/ul>\n","protected":false},"excerpt":{"rendered":"<p>Czysta, sfermentowana leucyna jest aminokwasem egzogennym, kt\u00f3ry odgrywa kluczow\u0105 rol\u0119 w budowie mi\u0119\u015bni. Wegan Bez glutenu Bez laktozy Bez GMO Wyprodukowane zgodnie z surowymi normami jako\u015bci UE<\/p>\n","protected":false},"featured_media":48950,"template":"","meta":{"_acf_changed":false},"product_brand":[10199],"product_cat":[552,569],"product_tag":[],"class_list":{"0":"post-65344","1":"product","2":"type-product","3":"status-publish","4":"has-post-thumbnail","6":"product_brand-gen-german-elite-nutrition-pl","7":"product_cat-aminokwasy","8":"product_cat-produkty-od-a-z","10":"first","11":"instock","12":"taxable","13":"shipping-taxable","14":"purchasable","15":"product-type-simple"},"acf":[],"_links":{"self":[{"href":"https:\/\/vitalstoffversand.com\/pl\/wp-json\/wp\/v2\/product\/65344","targetHints":{"allow":["GET"]}}],"collection":[{"href":"https:\/\/vitalstoffversand.com\/pl\/wp-json\/wp\/v2\/product"}],"about":[{"href":"https:\/\/vitalstoffversand.com\/pl\/wp-json\/wp\/v2\/types\/product"}],"wp:featuredmedia":[{"embeddable":true,"href":"https:\/\/vitalstoffversand.com\/pl\/wp-json\/wp\/v2\/media\/48950"}],"wp:attachment":[{"href":"https:\/\/vitalstoffversand.com\/pl\/wp-json\/wp\/v2\/media?parent=65344"}],"wp:term":[{"taxonomy":"product_brand","embeddable":true,"href":"https:\/\/vitalstoffversand.com\/pl\/wp-json\/wp\/v2\/product_brand?post=65344"},{"taxonomy":"product_cat","embeddable":true,"href":"https:\/\/vitalstoffversand.com\/pl\/wp-json\/wp\/v2\/product_cat?post=65344"},{"taxonomy":"product_tag","embeddable":true,"href":"https:\/\/vitalstoffversand.com\/pl\/wp-json\/wp\/v2\/product_tag?post=65344"}],"curies":[{"name":"wp","href":"https:\/\/api.w.org\/{rel}","templated":true}]}}