{"id":65331,"date":"2025-09-19T16:33:24","date_gmt":"2025-09-19T14:33:24","guid":{"rendered":"https:\/\/vitalstoffversand.com\/produkt\/gen-aakg-ultra-caps-365-kapsulek\/"},"modified":"2026-03-21T15:53:48","modified_gmt":"2026-03-21T14:53:48","slug":"gen-aakg-ultra-caps-365-kapsulek","status":"publish","type":"product","link":"https:\/\/vitalstoffversand.com\/pl\/produkt-pl\/gen-aakg-ultra-caps-365-kapsulek\/","title":{"rendered":"GEN <br>AAKG Ultra Caps \u2013 365 kapsu\u0142ek"},"content":{"rendered":"<p>Alfa-ketoglutaran argininy w optymalnym stosunku 2:1.<\/p>\n<p>Kapsu\u0142ki o wysokiej dawce s\u0105 \u0142atwe do po\u0142kni\u0119cia i idealnie nadaj\u0105 si\u0119 do zabrania ze sob\u0105 oraz do spo\u017cycia przed treningiem.<\/p>\n<ul>\n<li>Bez glutenu<\/li>\n<li>Bez laktozy<\/li>\n<li>Bez GMO<\/li>\n<li>Wyprodukowane zgodnie z surowymi normami jako\u015bci UE<\/li>\n<\/ul>\n","protected":false},"excerpt":{"rendered":"<p>Alfa-ketoglutaran argininy w optymalnym stosunku 2:1. Kapsu\u0142ki o wysokiej dawce s\u0105 \u0142atwe do po\u0142kni\u0119cia i idealnie nadaj\u0105 si\u0119 do zabrania ze sob\u0105 oraz do spo\u017cycia przed treningiem. Bez glutenu Bez laktozy Bez GMO Wyprodukowane zgodnie z surowymi normami jako\u015bci UE<\/p>\n","protected":false},"featured_media":48902,"template":"","meta":{"_acf_changed":false},"product_brand":[10199],"product_cat":[552,569],"product_tag":[],"class_list":{"0":"post-65331","1":"product","2":"type-product","3":"status-publish","4":"has-post-thumbnail","6":"product_brand-gen-german-elite-nutrition-pl","7":"product_cat-aminokwasy","8":"product_cat-produkty-od-a-z","10":"first","11":"instock","12":"taxable","13":"shipping-taxable","14":"purchasable","15":"product-type-simple"},"acf":[],"_links":{"self":[{"href":"https:\/\/vitalstoffversand.com\/pl\/wp-json\/wp\/v2\/product\/65331","targetHints":{"allow":["GET"]}}],"collection":[{"href":"https:\/\/vitalstoffversand.com\/pl\/wp-json\/wp\/v2\/product"}],"about":[{"href":"https:\/\/vitalstoffversand.com\/pl\/wp-json\/wp\/v2\/types\/product"}],"wp:featuredmedia":[{"embeddable":true,"href":"https:\/\/vitalstoffversand.com\/pl\/wp-json\/wp\/v2\/media\/48902"}],"wp:attachment":[{"href":"https:\/\/vitalstoffversand.com\/pl\/wp-json\/wp\/v2\/media?parent=65331"}],"wp:term":[{"taxonomy":"product_brand","embeddable":true,"href":"https:\/\/vitalstoffversand.com\/pl\/wp-json\/wp\/v2\/product_brand?post=65331"},{"taxonomy":"product_cat","embeddable":true,"href":"https:\/\/vitalstoffversand.com\/pl\/wp-json\/wp\/v2\/product_cat?post=65331"},{"taxonomy":"product_tag","embeddable":true,"href":"https:\/\/vitalstoffversand.com\/pl\/wp-json\/wp\/v2\/product_tag?post=65331"}],"curies":[{"name":"wp","href":"https:\/\/api.w.org\/{rel}","templated":true}]}}