{"id":65326,"date":"2025-09-19T16:30:24","date_gmt":"2025-09-19T14:30:24","guid":{"rendered":"https:\/\/vitalstoffversand.com\/produkt\/gen-focus-caps-mental-performance-blend-120-kapsulek\/"},"modified":"2026-03-21T15:53:50","modified_gmt":"2026-03-21T14:53:50","slug":"gen-focus-caps-mental-performance-blend-120-kapsulek","status":"publish","type":"product","link":"https:\/\/vitalstoffversand.com\/pl\/produkt-pl\/gen-focus-caps-mental-performance-blend-120-kapsulek\/","title":{"rendered":"GEN <br>Focus Caps Mental Performance Blend \u2013 120 kapsu\u0142ek"},"content":{"rendered":"<p>GEN Focus Caps \u0142\u0105czy funkcjonalne ekstrakty ro\u015blinne z L-teanin\u0105, D-glukuronolaktonem i kofein\u0105, tworz\u0105c preparat przeznaczony dla wszystkich, kt\u00f3rzy chc\u0105 zachowa\u0107 jasno\u015b\u0107 umys\u0142u, skupienie i wydajno\u015b\u0107 w sytuacjach stresowych.<\/p>\n<ul>\n<li>Wegan<\/li>\n<li>Bez glutenu<\/li>\n<li>Bez laktozy<\/li>\n<li>Bez GMO<\/li>\n<li>Wyprodukowane zgodnie z surowymi normami jako\u015bci UE<\/li>\n<\/ul>\n","protected":false},"excerpt":{"rendered":"<p>GEN Focus Caps \u0142\u0105czy funkcjonalne ekstrakty ro\u015blinne z L-teanin\u0105, D-glukuronolaktonem i kofein\u0105, tworz\u0105c preparat przeznaczony dla wszystkich, kt\u00f3rzy chc\u0105 zachowa\u0107 jasno\u015b\u0107 umys\u0142u, skupienie i wydajno\u015b\u0107 w sytuacjach stresowych. Wegan Bez glutenu Bez laktozy Bez GMO Wyprodukowane zgodnie z surowymi normami jako\u015bci UE<\/p>\n","protected":false},"featured_media":48862,"template":"","meta":{"_acf_changed":false},"product_brand":[10199],"product_cat":[560,569],"product_tag":[],"class_list":{"0":"post-65326","1":"product","2":"type-product","3":"status-publish","4":"has-post-thumbnail","6":"product_brand-gen-german-elite-nutrition-pl","7":"product_cat-skladniki-odzywcze","8":"product_cat-produkty-od-a-z","10":"first","11":"instock","12":"taxable","13":"shipping-taxable","14":"purchasable","15":"product-type-simple"},"acf":[],"_links":{"self":[{"href":"https:\/\/vitalstoffversand.com\/pl\/wp-json\/wp\/v2\/product\/65326","targetHints":{"allow":["GET"]}}],"collection":[{"href":"https:\/\/vitalstoffversand.com\/pl\/wp-json\/wp\/v2\/product"}],"about":[{"href":"https:\/\/vitalstoffversand.com\/pl\/wp-json\/wp\/v2\/types\/product"}],"wp:featuredmedia":[{"embeddable":true,"href":"https:\/\/vitalstoffversand.com\/pl\/wp-json\/wp\/v2\/media\/48862"}],"wp:attachment":[{"href":"https:\/\/vitalstoffversand.com\/pl\/wp-json\/wp\/v2\/media?parent=65326"}],"wp:term":[{"taxonomy":"product_brand","embeddable":true,"href":"https:\/\/vitalstoffversand.com\/pl\/wp-json\/wp\/v2\/product_brand?post=65326"},{"taxonomy":"product_cat","embeddable":true,"href":"https:\/\/vitalstoffversand.com\/pl\/wp-json\/wp\/v2\/product_cat?post=65326"},{"taxonomy":"product_tag","embeddable":true,"href":"https:\/\/vitalstoffversand.com\/pl\/wp-json\/wp\/v2\/product_tag?post=65326"}],"curies":[{"name":"wp","href":"https:\/\/api.w.org\/{rel}","templated":true}]}}