{"id":65314,"date":"2025-09-19T15:58:56","date_gmt":"2025-09-19T13:58:56","guid":{"rendered":"https:\/\/vitalstoffversand.com\/produkt\/gen-focus-to-the-limit-240-g-rozne-smaki\/"},"modified":"2026-03-13T14:06:06","modified_gmt":"2026-03-13T13:06:06","slug":"gen-focus-to-the-limit-240-g-rozne-smaki","status":"publish","type":"product","link":"https:\/\/vitalstoffversand.com\/pl\/produkt-pl\/gen-focus-to-the-limit-240-g-rozne-smaki\/","title":{"rendered":"GEN <br>Focus to the Limit \u2013 240 g \u2013 r\u00f3\u017cne smaki"},"content":{"rendered":"<p>Focus to the Limit, zawieraj\u0105cy kofein\u0119, \u017ce\u0144-sze\u0144, r\u00f3\u017ce\u0144ca g\u00f3rskiego, mi\u0142orz\u0105b, L-tyrozyn\u0119 i tauryn\u0119, dostarcza dok\u0142adnie to, czego potrzebujesz, aby zachowa\u0107 koncentracj\u0119.<\/p>\n<p>Ponadto zawiera witaminy B1, B3, B6, B12 oraz kwas foliowy.<\/p>\n<p>Sk\u0142adniki dzia\u0142aj\u0105 tu raczej jak delikatny bodziec, a nie jak silny booster.<\/p>\n<ul>\n<li>Wegan<\/li>\n<li>Bez glutenu<\/li>\n<li>Bez laktozy<\/li>\n<li>Bez GMO<\/li>\n<li>Wyprodukowane zgodnie z surowymi normami jako\u015bci UE<\/li>\n<\/ul>\n","protected":false},"excerpt":{"rendered":"<p>Focus to the Limit, zawieraj\u0105cy kofein\u0119, \u017ce\u0144-sze\u0144, r\u00f3\u017ce\u0144ca g\u00f3rskiego, mi\u0142orz\u0105b, L-tyrozyn\u0119 i tauryn\u0119, dostarcza dok\u0142adnie to, czego potrzebujesz, aby zachowa\u0107 koncentracj\u0119. Ponadto zawiera witaminy B1, B3, B6, B12 oraz kwas foliowy. Sk\u0142adniki dzia\u0142aj\u0105 tu raczej jak delikatny bodziec, a nie jak silny booster. Wegan Bez glutenu Bez laktozy Bez GMO Wyprodukowane zgodnie z surowymi normami [&hellip;]<\/p>\n","protected":false},"featured_media":48814,"template":"","meta":{"_acf_changed":false},"product_brand":[10199],"product_cat":[561,569],"product_tag":[],"class_list":{"0":"post-65314","1":"product","2":"type-product","3":"status-publish","4":"has-post-thumbnail","6":"product_brand-gen-german-elite-nutrition-pl","7":"product_cat-suplementy-sportowe","8":"product_cat-produkty-od-a-z","10":"first","11":"instock","12":"taxable","13":"shipping-taxable","14":"purchasable","15":"product-type-variable"},"acf":[],"_links":{"self":[{"href":"https:\/\/vitalstoffversand.com\/pl\/wp-json\/wp\/v2\/product\/65314","targetHints":{"allow":["GET"]}}],"collection":[{"href":"https:\/\/vitalstoffversand.com\/pl\/wp-json\/wp\/v2\/product"}],"about":[{"href":"https:\/\/vitalstoffversand.com\/pl\/wp-json\/wp\/v2\/types\/product"}],"wp:featuredmedia":[{"embeddable":true,"href":"https:\/\/vitalstoffversand.com\/pl\/wp-json\/wp\/v2\/media\/48814"}],"wp:attachment":[{"href":"https:\/\/vitalstoffversand.com\/pl\/wp-json\/wp\/v2\/media?parent=65314"}],"wp:term":[{"taxonomy":"product_brand","embeddable":true,"href":"https:\/\/vitalstoffversand.com\/pl\/wp-json\/wp\/v2\/product_brand?post=65314"},{"taxonomy":"product_cat","embeddable":true,"href":"https:\/\/vitalstoffversand.com\/pl\/wp-json\/wp\/v2\/product_cat?post=65314"},{"taxonomy":"product_tag","embeddable":true,"href":"https:\/\/vitalstoffversand.com\/pl\/wp-json\/wp\/v2\/product_tag?post=65314"}],"curies":[{"name":"wp","href":"https:\/\/api.w.org\/{rel}","templated":true}]}}