{"id":65288,"date":"2025-09-19T15:51:06","date_gmt":"2025-09-19T13:51:06","guid":{"rendered":"https:\/\/vitalstoffversand.com\/produkt\/gen-l-glutamina-smakowa-750-g-rozne-smaki\/"},"modified":"2025-09-19T15:51:06","modified_gmt":"2025-09-19T13:51:06","slug":"gen-l-glutamina-smakowa-750-g-rozne-smaki","status":"publish","type":"product","link":"https:\/\/vitalstoffversand.com\/pl\/produkt-pl\/gen-l-glutamina-smakowa-750-g-rozne-smaki\/","title":{"rendered":"GEN <br>L-glutamina smakowa \u2013 750 g \u2013 r\u00f3\u017cne smaki"},"content":{"rendered":"<p>GEN Flavoured L-Glutamine+ to L-glutamina w wysokim st\u0119\u017ceniu z tauryn\u0105, o orze\u017awiaj\u0105cym smaku cytrynowym lub pomara\u0144czowym.<\/p>\n<p>Produkt wyr\u00f3\u017cnia si\u0119 wysok\u0105 jako\u015bci\u0105, dobr\u0105 rozpuszczalno\u015bci\u0105 i wspania\u0142ym smakiem bez cukru.<\/p>\n<ul>\n<li>Wegan<\/li>\n<li>Bez glutenu<\/li>\n<li>Bez laktozy<\/li>\n<li>Bez GMO<\/li>\n<li>Wyprodukowane zgodnie z surowymi normami jako\u015bci UE<\/li>\n<\/ul>\n","protected":false},"excerpt":{"rendered":"<p>GEN Flavoured L-Glutamine+ to L-glutamina w wysokim st\u0119\u017ceniu z tauryn\u0105, o orze\u017awiaj\u0105cym smaku cytrynowym lub pomara\u0144czowym. Produkt wyr\u00f3\u017cnia si\u0119 wysok\u0105 jako\u015bci\u0105, dobr\u0105 rozpuszczalno\u015bci\u0105 i wspania\u0142ym smakiem bez cukru. Wegan Bez glutenu Bez laktozy Bez GMO Wyprodukowane zgodnie z surowymi normami jako\u015bci UE<\/p>\n","protected":false},"featured_media":48686,"template":"","meta":{"_acf_changed":false},"product_brand":[10199],"product_cat":[552,569],"product_tag":[],"class_list":{"0":"post-65288","1":"product","2":"type-product","3":"status-publish","4":"has-post-thumbnail","6":"product_brand-gen-german-elite-nutrition-pl","7":"product_cat-aminokwasy","8":"product_cat-produkty-od-a-z","10":"first","11":"instock","12":"taxable","13":"shipping-taxable","14":"purchasable","15":"product-type-variable"},"acf":[],"_links":{"self":[{"href":"https:\/\/vitalstoffversand.com\/pl\/wp-json\/wp\/v2\/product\/65288","targetHints":{"allow":["GET"]}}],"collection":[{"href":"https:\/\/vitalstoffversand.com\/pl\/wp-json\/wp\/v2\/product"}],"about":[{"href":"https:\/\/vitalstoffversand.com\/pl\/wp-json\/wp\/v2\/types\/product"}],"wp:featuredmedia":[{"embeddable":true,"href":"https:\/\/vitalstoffversand.com\/pl\/wp-json\/wp\/v2\/media\/48686"}],"wp:attachment":[{"href":"https:\/\/vitalstoffversand.com\/pl\/wp-json\/wp\/v2\/media?parent=65288"}],"wp:term":[{"taxonomy":"product_brand","embeddable":true,"href":"https:\/\/vitalstoffversand.com\/pl\/wp-json\/wp\/v2\/product_brand?post=65288"},{"taxonomy":"product_cat","embeddable":true,"href":"https:\/\/vitalstoffversand.com\/pl\/wp-json\/wp\/v2\/product_cat?post=65288"},{"taxonomy":"product_tag","embeddable":true,"href":"https:\/\/vitalstoffversand.com\/pl\/wp-json\/wp\/v2\/product_tag?post=65288"}],"curies":[{"name":"wp","href":"https:\/\/api.w.org\/{rel}","templated":true}]}}