{"id":65272,"date":"2025-07-07T17:58:54","date_gmt":"2025-07-07T15:58:54","guid":{"rendered":"https:\/\/vitalstoffversand.com\/produkt\/gen-all-in-one-kompleks-mineralow-i-witamin-240-tabletek\/"},"modified":"2025-07-07T17:58:54","modified_gmt":"2025-07-07T15:58:54","slug":"gen-all-in-one-kompleks-mineralow-i-witamin-240-tabletek","status":"publish","type":"product","link":"https:\/\/vitalstoffversand.com\/pl\/produkt-pl\/gen-all-in-one-kompleks-mineralow-i-witamin-240-tabletek\/","title":{"rendered":"GEN <br>All in one \u2013 kompleks minera\u0142\u00f3w i witamin \u2013 240 tabletek"},"content":{"rendered":"<p>GEN Mineral &amp; Vitamin Complex dostarcza 25 starannie dobranych witamin i minera\u0142\u00f3w w formach bioaktywnych.<\/p>\n<p>Produkt ten jest przeznaczony dla wszystkich, kt\u00f3rzy ceni\u0105 sobie dobre uzupe\u0142nienie sk\u0142adnik\u00f3w od\u017cywczych lub chc\u0105 wesprze\u0107 swoje treningi.<\/p>\n<ul>\n<li>Wegan<\/li>\n<li>Bez glutenu<\/li>\n<li>Bez laktozy<\/li>\n<li>Bez GMO<\/li>\n<li>Wyprodukowane zgodnie z surowymi normami jako\u015bci UE<\/li>\n<\/ul>\n","protected":false},"excerpt":{"rendered":"<p>GEN Mineral &amp; Vitamin Complex dostarcza 25 starannie dobranych witamin i minera\u0142\u00f3w w formach bioaktywnych. Produkt ten jest przeznaczony dla wszystkich, kt\u00f3rzy ceni\u0105 sobie dobre uzupe\u0142nienie sk\u0142adnik\u00f3w od\u017cywczych lub chc\u0105 wesprze\u0107 swoje treningi. Wegan Bez glutenu Bez laktozy Bez GMO Wyprodukowane zgodnie z surowymi normami jako\u015bci UE<\/p>\n","protected":false},"featured_media":48638,"template":"","meta":{"_acf_changed":false},"product_brand":[10199],"product_cat":[556,569],"product_tag":[],"class_list":{"0":"post-65272","1":"product","2":"type-product","3":"status-publish","4":"has-post-thumbnail","6":"product_brand-gen-german-elite-nutrition-pl","7":"product_cat-mineraly-i-pierwiastki-sladowe","8":"product_cat-produkty-od-a-z","10":"first","11":"outofstock","12":"taxable","13":"shipping-taxable","14":"purchasable","15":"product-type-simple"},"acf":[],"_links":{"self":[{"href":"https:\/\/vitalstoffversand.com\/pl\/wp-json\/wp\/v2\/product\/65272","targetHints":{"allow":["GET"]}}],"collection":[{"href":"https:\/\/vitalstoffversand.com\/pl\/wp-json\/wp\/v2\/product"}],"about":[{"href":"https:\/\/vitalstoffversand.com\/pl\/wp-json\/wp\/v2\/types\/product"}],"wp:featuredmedia":[{"embeddable":true,"href":"https:\/\/vitalstoffversand.com\/pl\/wp-json\/wp\/v2\/media\/48638"}],"wp:attachment":[{"href":"https:\/\/vitalstoffversand.com\/pl\/wp-json\/wp\/v2\/media?parent=65272"}],"wp:term":[{"taxonomy":"product_brand","embeddable":true,"href":"https:\/\/vitalstoffversand.com\/pl\/wp-json\/wp\/v2\/product_brand?post=65272"},{"taxonomy":"product_cat","embeddable":true,"href":"https:\/\/vitalstoffversand.com\/pl\/wp-json\/wp\/v2\/product_cat?post=65272"},{"taxonomy":"product_tag","embeddable":true,"href":"https:\/\/vitalstoffversand.com\/pl\/wp-json\/wp\/v2\/product_tag?post=65272"}],"curies":[{"name":"wp","href":"https:\/\/api.w.org\/{rel}","templated":true}]}}