{"id":65264,"date":"2025-07-07T17:57:28","date_gmt":"2025-07-07T15:57:28","guid":{"rendered":"https:\/\/vitalstoffversand.com\/produkt\/gen-ashwagandha-shoden-60-kapsulek\/"},"modified":"2025-07-07T17:57:28","modified_gmt":"2025-07-07T15:57:28","slug":"gen-ashwagandha-shoden-60-kapsulek","status":"publish","type":"product","link":"https:\/\/vitalstoffversand.com\/pl\/produkt-pl\/gen-ashwagandha-shoden-60-kapsulek\/","title":{"rendered":"GEN <br>Ashwagandha Shoden\u00ae \u2013 60 kapsu\u0142ek"},"content":{"rendered":"<p>Ashwagandha jest stosowana w medycynie ajurwedyjskiej ju\u017c od tysi\u0119cy lat.<\/p>\n<p>Shoden\u00ae nale\u017cy do najnowocze\u015bniejszych, wysoce standaryzowanych form ashwagandhy i zawiera 35% glikozyd\u00f3w withanolidowych, czyli znacznie wi\u0119cej ni\u017c zwyk\u0142y, standardowy ekstrakt z korzenia.<\/p>\n<ul>\n<li>Wegan<\/li>\n<li>Bez glutenu<\/li>\n<li>Bez laktozy<\/li>\n<li>Bez GMO<\/li>\n<li>Wyprodukowane zgodnie z surowymi normami jako\u015bci UE<\/li>\n<\/ul>\n","protected":false},"excerpt":{"rendered":"<p>Ashwagandha jest stosowana w medycynie ajurwedyjskiej ju\u017c od tysi\u0119cy lat. Shoden\u00ae nale\u017cy do najnowocze\u015bniejszych, wysoce standaryzowanych form ashwagandhy i zawiera 35% glikozyd\u00f3w withanolidowych, czyli znacznie wi\u0119cej ni\u017c zwyk\u0142y, standardowy ekstrakt z korzenia. Wegan Bez glutenu Bez laktozy Bez GMO Wyprodukowane zgodnie z surowymi normami jako\u015bci UE<\/p>\n","protected":false},"featured_media":48598,"template":"","meta":{"_acf_changed":false},"product_brand":[10199],"product_cat":[560,569],"product_tag":[],"class_list":{"0":"post-65264","1":"product","2":"type-product","3":"status-publish","4":"has-post-thumbnail","6":"product_brand-gen-german-elite-nutrition-pl","7":"product_cat-skladniki-odzywcze","8":"product_cat-produkty-od-a-z","10":"first","11":"instock","12":"taxable","13":"shipping-taxable","14":"purchasable","15":"product-type-simple"},"acf":[],"_links":{"self":[{"href":"https:\/\/vitalstoffversand.com\/pl\/wp-json\/wp\/v2\/product\/65264","targetHints":{"allow":["GET"]}}],"collection":[{"href":"https:\/\/vitalstoffversand.com\/pl\/wp-json\/wp\/v2\/product"}],"about":[{"href":"https:\/\/vitalstoffversand.com\/pl\/wp-json\/wp\/v2\/types\/product"}],"wp:featuredmedia":[{"embeddable":true,"href":"https:\/\/vitalstoffversand.com\/pl\/wp-json\/wp\/v2\/media\/48598"}],"wp:attachment":[{"href":"https:\/\/vitalstoffversand.com\/pl\/wp-json\/wp\/v2\/media?parent=65264"}],"wp:term":[{"taxonomy":"product_brand","embeddable":true,"href":"https:\/\/vitalstoffversand.com\/pl\/wp-json\/wp\/v2\/product_brand?post=65264"},{"taxonomy":"product_cat","embeddable":true,"href":"https:\/\/vitalstoffversand.com\/pl\/wp-json\/wp\/v2\/product_cat?post=65264"},{"taxonomy":"product_tag","embeddable":true,"href":"https:\/\/vitalstoffversand.com\/pl\/wp-json\/wp\/v2\/product_tag?post=65264"}],"curies":[{"name":"wp","href":"https:\/\/api.w.org\/{rel}","templated":true}]}}