{"id":65225,"date":"2025-06-11T17:55:46","date_gmt":"2025-06-11T15:55:46","guid":{"rendered":"https:\/\/vitalstoffversand.com\/produkt\/gen-kreatyna-smakowa-550-g-rozne-smaki\/"},"modified":"2026-03-13T12:31:17","modified_gmt":"2026-03-13T11:31:17","slug":"gen-kreatyna-smakowa-550-g-rozne-smaki","status":"publish","type":"product","link":"https:\/\/vitalstoffversand.com\/pl\/produkt-pl\/gen-kreatyna-smakowa-550-g-rozne-smaki\/","title":{"rendered":"GEN <br>Kreatyna smakowa \u2013 550 g \u2013 r\u00f3\u017cne smaki"},"content":{"rendered":"<p>Kreatyna smakowa+ z tauryna.<\/p>\n<p>Ka\u017cda porcja dostarcza 3 g czystego <span style=\"color: #0000ff;\"><strong><a href=\"https:\/\/vitalstoffversand.com\/knowledge-base\/creatin-kreatin\/\" target=\"_blank\" rel=\"noopener\">\u2192 monohydratu kreatyny<\/a><\/strong><\/span> i 500 mg L-tauryny.<\/p>\n<p>Tutaj smak \u0142\u0105czy si\u0119 z wydajno\u015bci\u0105, poniewa\u017c proszek jest dost\u0119pny w 8 pysznych smakach.<\/p>\n<ul>\n<li>Wegan<\/li>\n<li>Bez glutenu<\/li>\n<li>Bez laktozy<\/li>\n<li>Bez GMO<\/li>\n<li>Wyprodukowane zgodnie z surowymi normami jako\u015bci UE<\/li>\n<\/ul>\n","protected":false},"excerpt":{"rendered":"<p>Kreatyna smakowa+ z tauryna. Ka\u017cda porcja dostarcza 3 g czystego \u2192 monohydratu kreatyny i 500 mg L-tauryny. Tutaj smak \u0142\u0105czy si\u0119 z wydajno\u015bci\u0105, poniewa\u017c proszek jest dost\u0119pny w 8 pysznych smakach. Wegan Bez glutenu Bez laktozy Bez GMO Wyprodukowane zgodnie z surowymi normami jako\u015bci UE<\/p>\n","protected":false},"featured_media":48518,"template":"","meta":{"_acf_changed":false},"product_brand":[10199],"product_cat":[561,569],"product_tag":[],"class_list":{"0":"post-65225","1":"product","2":"type-product","3":"status-publish","4":"has-post-thumbnail","6":"product_brand-gen-german-elite-nutrition-pl","7":"product_cat-suplementy-sportowe","8":"product_cat-produkty-od-a-z","10":"first","11":"instock","12":"taxable","13":"shipping-taxable","14":"purchasable","15":"product-type-variable"},"acf":[],"_links":{"self":[{"href":"https:\/\/vitalstoffversand.com\/pl\/wp-json\/wp\/v2\/product\/65225","targetHints":{"allow":["GET"]}}],"collection":[{"href":"https:\/\/vitalstoffversand.com\/pl\/wp-json\/wp\/v2\/product"}],"about":[{"href":"https:\/\/vitalstoffversand.com\/pl\/wp-json\/wp\/v2\/types\/product"}],"wp:featuredmedia":[{"embeddable":true,"href":"https:\/\/vitalstoffversand.com\/pl\/wp-json\/wp\/v2\/media\/48518"}],"wp:attachment":[{"href":"https:\/\/vitalstoffversand.com\/pl\/wp-json\/wp\/v2\/media?parent=65225"}],"wp:term":[{"taxonomy":"product_brand","embeddable":true,"href":"https:\/\/vitalstoffversand.com\/pl\/wp-json\/wp\/v2\/product_brand?post=65225"},{"taxonomy":"product_cat","embeddable":true,"href":"https:\/\/vitalstoffversand.com\/pl\/wp-json\/wp\/v2\/product_cat?post=65225"},{"taxonomy":"product_tag","embeddable":true,"href":"https:\/\/vitalstoffversand.com\/pl\/wp-json\/wp\/v2\/product_tag?post=65225"}],"curies":[{"name":"wp","href":"https:\/\/api.w.org\/{rel}","templated":true}]}}