{"id":65186,"date":"2025-06-11T17:52:05","date_gmt":"2025-06-11T15:52:05","guid":{"rendered":"https:\/\/vitalstoffversand.com\/produkt\/gen-kompleks-enzymow-premium-120-kapsulek\/"},"modified":"2025-06-11T17:52:05","modified_gmt":"2025-06-11T15:52:05","slug":"gen-kompleks-enzymow-premium-120-kapsulek","status":"publish","type":"product","link":"https:\/\/vitalstoffversand.com\/pl\/produkt-pl\/gen-kompleks-enzymow-premium-120-kapsulek\/","title":{"rendered":"GEN <br>Kompleks enzym\u00f3w Premium \u2013 120 kapsu\u0142ek"},"content":{"rendered":"<p>Pomimo zdrowego od\u017cywiania i przyjmowania wysokiej jako\u015bci suplement\u00f3w cz\u0119sto stajemy przed problemem, \u017ce sk\u0142adniki od\u017cywcze nie s\u0105 wch\u0142aniane w optymalny spos\u00f3b.<\/p>\n<p>W tym miejscu do akcji wkracza Enzyme Complex, poniewa\u017c sk\u0142ada si\u0119 on z mieszanki opatentowanych enzym\u00f3w DigeZyme\u00ae, ekstrakt\u00f3w ro\u015blinnych, enzym\u00f3w trawiennych i probiotyk\u00f3w, kt\u00f3re wspomagaj\u0105 nasz uk\u0142ad pokarmowy i mog\u0105 poprawia\u0107 przyswajalno\u015b\u0107 przyjmowanych sk\u0142adnik\u00f3w od\u017cywczych.<\/p>\n<ul>\n<li>Wegan<\/li>\n<li>Bez glutenu<\/li>\n<li>Bez laktozy<\/li>\n<li>Bez GMO<\/li>\n<li>Wyprodukowane zgodnie z surowymi normami jako\u015bci UE<\/li>\n<\/ul>\n","protected":false},"excerpt":{"rendered":"<p>Pomimo zdrowego od\u017cywiania i przyjmowania wysokiej jako\u015bci suplement\u00f3w cz\u0119sto stajemy przed problemem, \u017ce sk\u0142adniki od\u017cywcze nie s\u0105 wch\u0142aniane w optymalny spos\u00f3b. W tym miejscu do akcji wkracza Enzyme Complex, poniewa\u017c sk\u0142ada si\u0119 on z mieszanki opatentowanych enzym\u00f3w DigeZyme\u00ae, ekstrakt\u00f3w ro\u015blinnych, enzym\u00f3w trawiennych i probiotyk\u00f3w, kt\u00f3re wspomagaj\u0105 nasz uk\u0142ad pokarmowy i mog\u0105 poprawia\u0107 przyswajalno\u015b\u0107 przyjmowanych sk\u0142adnik\u00f3w [&hellip;]<\/p>\n","protected":false},"featured_media":48398,"template":"","meta":{"_acf_changed":false},"product_brand":[10199],"product_cat":[560,569],"product_tag":[],"class_list":{"0":"post-65186","1":"product","2":"type-product","3":"status-publish","4":"has-post-thumbnail","6":"product_brand-gen-german-elite-nutrition-pl","7":"product_cat-skladniki-odzywcze","8":"product_cat-produkty-od-a-z","10":"first","11":"instock","12":"taxable","13":"shipping-taxable","14":"purchasable","15":"product-type-simple"},"acf":[],"_links":{"self":[{"href":"https:\/\/vitalstoffversand.com\/pl\/wp-json\/wp\/v2\/product\/65186","targetHints":{"allow":["GET"]}}],"collection":[{"href":"https:\/\/vitalstoffversand.com\/pl\/wp-json\/wp\/v2\/product"}],"about":[{"href":"https:\/\/vitalstoffversand.com\/pl\/wp-json\/wp\/v2\/types\/product"}],"wp:featuredmedia":[{"embeddable":true,"href":"https:\/\/vitalstoffversand.com\/pl\/wp-json\/wp\/v2\/media\/48398"}],"wp:attachment":[{"href":"https:\/\/vitalstoffversand.com\/pl\/wp-json\/wp\/v2\/media?parent=65186"}],"wp:term":[{"taxonomy":"product_brand","embeddable":true,"href":"https:\/\/vitalstoffversand.com\/pl\/wp-json\/wp\/v2\/product_brand?post=65186"},{"taxonomy":"product_cat","embeddable":true,"href":"https:\/\/vitalstoffversand.com\/pl\/wp-json\/wp\/v2\/product_cat?post=65186"},{"taxonomy":"product_tag","embeddable":true,"href":"https:\/\/vitalstoffversand.com\/pl\/wp-json\/wp\/v2\/product_tag?post=65186"}],"curies":[{"name":"wp","href":"https:\/\/api.w.org\/{rel}","templated":true}]}}