{"id":65163,"date":"2025-06-11T17:54:17","date_gmt":"2025-06-11T15:54:17","guid":{"rendered":"https:\/\/vitalstoffversand.com\/produkt\/gen-intra-charge-1200-g-rozne-smaki\/"},"modified":"2025-06-11T17:54:17","modified_gmt":"2025-06-11T15:54:17","slug":"gen-intra-charge-1200-g-rozne-smaki","status":"publish","type":"product","link":"https:\/\/vitalstoffversand.com\/pl\/produkt-pl\/gen-intra-charge-1200-g-rozne-smaki\/","title":{"rendered":"GEN <br>Intra Charge \u2013 1200 g \u2013 r\u00f3\u017cne smaki"},"content":{"rendered":"<p>Intra Charge dostarcza szybko przyswajaln\u0105 energi\u0119, niezb\u0119dne aminokwasy oraz przemy\u015blan\u0105 mieszank\u0119 elektrolit\u00f3w.<\/p>\n<p>Podczas intensywnych trening\u00f3w po\u0142\u0105cz funkcjonalno\u015b\u0107 z orze\u017awiaj\u0105cym smakiem w wersjach pomara\u0144czowej, kiwi lub melona miodowego.<\/p>\n<ul>\n<li>Wegan<\/li>\n<li>Bez glutenu<\/li>\n<li>Bez laktozy<\/li>\n<li>Bez GMO<\/li>\n<li>Wyprodukowane zgodnie z surowymi normami jako\u015bci UE<\/li>\n<\/ul>\n","protected":false},"excerpt":{"rendered":"<p>Intra Charge dostarcza szybko przyswajaln\u0105 energi\u0119, niezb\u0119dne aminokwasy oraz przemy\u015blan\u0105 mieszank\u0119 elektrolit\u00f3w. Podczas intensywnych trening\u00f3w po\u0142\u0105cz funkcjonalno\u015b\u0107 z orze\u017awiaj\u0105cym smakiem w wersjach pomara\u0144czowej, kiwi lub melona miodowego. Wegan Bez glutenu Bez laktozy Bez GMO Wyprodukowane zgodnie z surowymi normami jako\u015bci UE<\/p>\n","protected":false},"featured_media":48326,"template":"","meta":{"_acf_changed":false},"product_brand":[10199],"product_cat":[561,569],"product_tag":[],"class_list":{"0":"post-65163","1":"product","2":"type-product","3":"status-publish","4":"has-post-thumbnail","6":"product_brand-gen-german-elite-nutrition-pl","7":"product_cat-suplementy-sportowe","8":"product_cat-produkty-od-a-z","10":"first","11":"instock","12":"taxable","13":"shipping-taxable","14":"purchasable","15":"product-type-variable"},"acf":[],"_links":{"self":[{"href":"https:\/\/vitalstoffversand.com\/pl\/wp-json\/wp\/v2\/product\/65163","targetHints":{"allow":["GET"]}}],"collection":[{"href":"https:\/\/vitalstoffversand.com\/pl\/wp-json\/wp\/v2\/product"}],"about":[{"href":"https:\/\/vitalstoffversand.com\/pl\/wp-json\/wp\/v2\/types\/product"}],"wp:featuredmedia":[{"embeddable":true,"href":"https:\/\/vitalstoffversand.com\/pl\/wp-json\/wp\/v2\/media\/48326"}],"wp:attachment":[{"href":"https:\/\/vitalstoffversand.com\/pl\/wp-json\/wp\/v2\/media?parent=65163"}],"wp:term":[{"taxonomy":"product_brand","embeddable":true,"href":"https:\/\/vitalstoffversand.com\/pl\/wp-json\/wp\/v2\/product_brand?post=65163"},{"taxonomy":"product_cat","embeddable":true,"href":"https:\/\/vitalstoffversand.com\/pl\/wp-json\/wp\/v2\/product_cat?post=65163"},{"taxonomy":"product_tag","embeddable":true,"href":"https:\/\/vitalstoffversand.com\/pl\/wp-json\/wp\/v2\/product_tag?post=65163"}],"curies":[{"name":"wp","href":"https:\/\/api.w.org\/{rel}","templated":true}]}}