{"id":65150,"date":"2025-06-11T17:50:40","date_gmt":"2025-06-11T15:50:40","guid":{"rendered":"https:\/\/vitalstoffversand.com\/produkt\/gen-shilajit-complex-180-kapsulek\/"},"modified":"2025-06-11T17:50:40","modified_gmt":"2025-06-11T15:50:40","slug":"gen-shilajit-complex-180-kapsulek","status":"publish","type":"product","link":"https:\/\/vitalstoffversand.com\/pl\/produkt-pl\/gen-shilajit-complex-180-kapsulek\/","title":{"rendered":"GEN <br>Shilajit Complex \u2013 180 kapsu\u0142ek"},"content":{"rendered":"<p>Kompleks Shilatjit \u0142\u0105czy w sobie staro\u017cytn\u0105 wiedz\u0119 z zakresu ajurwedy, tradycyjnej medycyny chi\u0144skiej (TCM) oraz og\u00f3lnej medycyny ro\u015blinnej z nowoczesnymi technikami ekstrakcji.<\/p>\n<p>Produkt zawiera sprawdzon\u0105 laboratoryjnie formu\u0142\u0119 o wysokim st\u0119\u017ceniu, zawieraj\u0105c\u0105 shilajit, triphal\u0119, tulsi, \u017ce\u0144-sze\u0144, schisandr\u0119 i piperyn\u0119.<\/p>\n<ul>\n<li>Wegan<\/li>\n<li>Bez glutenu<\/li>\n<li>Bez laktozy<\/li>\n<li>Bez GMO<\/li>\n<li>Wyprodukowane zgodnie z surowymi normami jako\u015bci UE<\/li>\n<\/ul>\n","protected":false},"excerpt":{"rendered":"<p>Kompleks Shilatjit \u0142\u0105czy w sobie staro\u017cytn\u0105 wiedz\u0119 z zakresu ajurwedy, tradycyjnej medycyny chi\u0144skiej (TCM) oraz og\u00f3lnej medycyny ro\u015blinnej z nowoczesnymi technikami ekstrakcji. Produkt zawiera sprawdzon\u0105 laboratoryjnie formu\u0142\u0119 o wysokim st\u0119\u017ceniu, zawieraj\u0105c\u0105 shilajit, triphal\u0119, tulsi, \u017ce\u0144-sze\u0144, schisandr\u0119 i piperyn\u0119. Wegan Bez glutenu Bez laktozy Bez GMO Wyprodukowane zgodnie z surowymi normami jako\u015bci UE<\/p>\n","protected":false},"featured_media":48278,"template":"","meta":{"_acf_changed":false},"product_brand":[10199],"product_cat":[560,569],"product_tag":[],"class_list":{"0":"post-65150","1":"product","2":"type-product","3":"status-publish","4":"has-post-thumbnail","6":"product_brand-gen-german-elite-nutrition-pl","7":"product_cat-skladniki-odzywcze","8":"product_cat-produkty-od-a-z","10":"first","11":"instock","12":"taxable","13":"shipping-taxable","14":"purchasable","15":"product-type-simple"},"acf":[],"_links":{"self":[{"href":"https:\/\/vitalstoffversand.com\/pl\/wp-json\/wp\/v2\/product\/65150","targetHints":{"allow":["GET"]}}],"collection":[{"href":"https:\/\/vitalstoffversand.com\/pl\/wp-json\/wp\/v2\/product"}],"about":[{"href":"https:\/\/vitalstoffversand.com\/pl\/wp-json\/wp\/v2\/types\/product"}],"wp:featuredmedia":[{"embeddable":true,"href":"https:\/\/vitalstoffversand.com\/pl\/wp-json\/wp\/v2\/media\/48278"}],"wp:attachment":[{"href":"https:\/\/vitalstoffversand.com\/pl\/wp-json\/wp\/v2\/media?parent=65150"}],"wp:term":[{"taxonomy":"product_brand","embeddable":true,"href":"https:\/\/vitalstoffversand.com\/pl\/wp-json\/wp\/v2\/product_brand?post=65150"},{"taxonomy":"product_cat","embeddable":true,"href":"https:\/\/vitalstoffversand.com\/pl\/wp-json\/wp\/v2\/product_cat?post=65150"},{"taxonomy":"product_tag","embeddable":true,"href":"https:\/\/vitalstoffversand.com\/pl\/wp-json\/wp\/v2\/product_tag?post=65150"}],"curies":[{"name":"wp","href":"https:\/\/api.w.org\/{rel}","templated":true}]}}