{"id":65121,"date":"2025-06-11T17:47:58","date_gmt":"2025-06-11T15:47:58","guid":{"rendered":"https:\/\/vitalstoffversand.com\/produkt\/gen-5-htp-max-120-kapsulek\/"},"modified":"2025-06-11T17:47:58","modified_gmt":"2025-06-11T15:47:58","slug":"gen-5-htp-max-120-kapsulek","status":"publish","type":"product","link":"https:\/\/vitalstoffversand.com\/pl\/produkt-pl\/gen-5-htp-max-120-kapsulek\/","title":{"rendered":"GEN <br>5-HTP MAX \u2013 120 kapsu\u0142ek"},"content":{"rendered":"<p>Ro\u015blina Griffonia simplicifolia jest od dawna stosowana tradycyjnie i stanowi naturalne \u017ar\u00f3d\u0142o 5-HTP (5-hydroksytryptofanu).<\/p>\n<p>Produkt zawiera w\u0142a\u015bnie ten sk\u0142adnik aktywny w postaci ekstraktu najwy\u017cszej jako\u015bci.<\/p>\n<ul>\n<li>Wegan<\/li>\n<li>Bez glutenu<\/li>\n<li>Bez laktozy<\/li>\n<li>Bez GMO<\/li>\n<li>Wyprodukowane zgodnie z surowymi normami jako\u015bci UE<\/li>\n<\/ul>\n","protected":false},"excerpt":{"rendered":"<p>Ro\u015blina Griffonia simplicifolia jest od dawna stosowana tradycyjnie i stanowi naturalne \u017ar\u00f3d\u0142o 5-HTP (5-hydroksytryptofanu). Produkt zawiera w\u0142a\u015bnie ten sk\u0142adnik aktywny w postaci ekstraktu najwy\u017cszej jako\u015bci. Wegan Bez glutenu Bez laktozy Bez GMO Wyprodukowane zgodnie z surowymi normami jako\u015bci UE<\/p>\n","protected":false},"featured_media":48190,"template":"","meta":{"_acf_changed":false},"product_brand":[10199],"product_cat":[560,569],"product_tag":[],"class_list":{"0":"post-65121","1":"product","2":"type-product","3":"status-publish","4":"has-post-thumbnail","6":"product_brand-gen-german-elite-nutrition-pl","7":"product_cat-skladniki-odzywcze","8":"product_cat-produkty-od-a-z","10":"first","11":"instock","12":"taxable","13":"shipping-taxable","14":"purchasable","15":"product-type-simple"},"acf":[],"_links":{"self":[{"href":"https:\/\/vitalstoffversand.com\/pl\/wp-json\/wp\/v2\/product\/65121","targetHints":{"allow":["GET"]}}],"collection":[{"href":"https:\/\/vitalstoffversand.com\/pl\/wp-json\/wp\/v2\/product"}],"about":[{"href":"https:\/\/vitalstoffversand.com\/pl\/wp-json\/wp\/v2\/types\/product"}],"wp:featuredmedia":[{"embeddable":true,"href":"https:\/\/vitalstoffversand.com\/pl\/wp-json\/wp\/v2\/media\/48190"}],"wp:attachment":[{"href":"https:\/\/vitalstoffversand.com\/pl\/wp-json\/wp\/v2\/media?parent=65121"}],"wp:term":[{"taxonomy":"product_brand","embeddable":true,"href":"https:\/\/vitalstoffversand.com\/pl\/wp-json\/wp\/v2\/product_brand?post=65121"},{"taxonomy":"product_cat","embeddable":true,"href":"https:\/\/vitalstoffversand.com\/pl\/wp-json\/wp\/v2\/product_cat?post=65121"},{"taxonomy":"product_tag","embeddable":true,"href":"https:\/\/vitalstoffversand.com\/pl\/wp-json\/wp\/v2\/product_tag?post=65121"}],"curies":[{"name":"wp","href":"https:\/\/api.w.org\/{rel}","templated":true}]}}