{"id":65107,"date":"2025-06-11T17:44:36","date_gmt":"2025-06-11T15:44:36","guid":{"rendered":"https:\/\/vitalstoffversand.com\/produkt\/gen-isomax-1000-g-rozne-rodzaje\/"},"modified":"2025-06-11T17:44:36","modified_gmt":"2025-06-11T15:44:36","slug":"gen-isomax-1000-g-rozne-rodzaje","status":"publish","type":"product","link":"https:\/\/vitalstoffversand.com\/pl\/produkt-pl\/gen-isomax-1000-g-rozne-rodzaje\/","title":{"rendered":"GEN <br>Isomax \u2013 1000 g \u2013 r\u00f3\u017cne smaki"},"content":{"rendered":"<p>Isomax dostarcza kombinacj\u0119 szybko przyswajalnych w\u0119glowodan\u00f3w, funkcjonalnych elektrolit\u00f3w i wybranych mikroelement\u00f3w, kt\u00f3re s\u0105 specjalnie dostosowane do faz przed i po treningu.<\/p>\n<p>Produkt jest odpowiedni dla sportowc\u00f3w wszystkich kategorii i dyscyplin, ale tak\u017ce dla innych os\u00f3b wykonuj\u0105cych czynno\u015bci powoduj\u0105ce pocenie si\u0119.<\/p>\n<ul>\n<li>Wegan<\/li>\n<li>Bez glutenu<\/li>\n<li>Bez laktozy<\/li>\n<li>Bez GMO<\/li>\n<li>Wyprodukowane zgodnie z surowymi normami jako\u015bci UE<\/li>\n<\/ul>\n","protected":false},"excerpt":{"rendered":"<p>Isomax dostarcza kombinacj\u0119 szybko przyswajalnych w\u0119glowodan\u00f3w, funkcjonalnych elektrolit\u00f3w i wybranych mikroelement\u00f3w, kt\u00f3re s\u0105 specjalnie dostosowane do faz przed i po treningu. Produkt jest odpowiedni dla sportowc\u00f3w wszystkich kategorii i dyscyplin, ale tak\u017ce dla innych os\u00f3b wykonuj\u0105cych czynno\u015bci powoduj\u0105ce pocenie si\u0119. Wegan Bez glutenu Bez laktozy Bez GMO Wyprodukowane zgodnie z surowymi normami jako\u015bci UE<\/p>\n","protected":false},"featured_media":48174,"template":"","meta":{"_acf_changed":false},"product_brand":[10199],"product_cat":[561,569],"product_tag":[],"class_list":{"0":"post-65107","1":"product","2":"type-product","3":"status-publish","4":"has-post-thumbnail","6":"product_brand-gen-german-elite-nutrition-pl","7":"product_cat-suplementy-sportowe","8":"product_cat-produkty-od-a-z","10":"first","11":"instock","12":"taxable","13":"shipping-taxable","14":"purchasable","15":"product-type-variable"},"acf":[],"_links":{"self":[{"href":"https:\/\/vitalstoffversand.com\/pl\/wp-json\/wp\/v2\/product\/65107","targetHints":{"allow":["GET"]}}],"collection":[{"href":"https:\/\/vitalstoffversand.com\/pl\/wp-json\/wp\/v2\/product"}],"about":[{"href":"https:\/\/vitalstoffversand.com\/pl\/wp-json\/wp\/v2\/types\/product"}],"wp:featuredmedia":[{"embeddable":true,"href":"https:\/\/vitalstoffversand.com\/pl\/wp-json\/wp\/v2\/media\/48174"}],"wp:attachment":[{"href":"https:\/\/vitalstoffversand.com\/pl\/wp-json\/wp\/v2\/media?parent=65107"}],"wp:term":[{"taxonomy":"product_brand","embeddable":true,"href":"https:\/\/vitalstoffversand.com\/pl\/wp-json\/wp\/v2\/product_brand?post=65107"},{"taxonomy":"product_cat","embeddable":true,"href":"https:\/\/vitalstoffversand.com\/pl\/wp-json\/wp\/v2\/product_cat?post=65107"},{"taxonomy":"product_tag","embeddable":true,"href":"https:\/\/vitalstoffversand.com\/pl\/wp-json\/wp\/v2\/product_tag?post=65107"}],"curies":[{"name":"wp","href":"https:\/\/api.w.org\/{rel}","templated":true}]}}