{"id":65086,"date":"2025-09-19T13:38:19","date_gmt":"2025-09-19T11:38:19","guid":{"rendered":"https:\/\/vitalstoffversand.com\/produkt\/gen-kreatyna-hcl-240-kapsulek\/"},"modified":"2026-03-21T15:53:55","modified_gmt":"2026-03-21T14:53:55","slug":"gen-kreatyna-hcl-240-kapsulek","status":"publish","type":"product","link":"https:\/\/vitalstoffversand.com\/pl\/produkt-pl\/gen-kreatyna-hcl-240-kapsulek\/","title":{"rendered":"GEN <br>Kreatyna HCL \u2013 240 kapsu\u0142ek"},"content":{"rendered":"<p>Kreatyna HCL to produkt najwy\u017cszej jako\u015bci, kt\u00f3ry w zalecanej dziennej dawce dostarcza 3000 mg czystej chlorowodorku kreatyny (HCL).<\/p>\n<p><span style=\"color: #0000ff;\"><strong><a href=\"https:\/\/vitalstoffversand.com\/knowledge-base\/creatin-kreatin\/\" target=\"_blank\" rel=\"noopener\">\u2192 Kreatyna<\/a><\/strong><\/span> w tej postaci charakteryzuje si\u0119 szczeg\u00f3lnie wysok\u0105 biodost\u0119pno\u015bci\u0105, dlatego ju\u017c niewielkie ilo\u015bci wystarczaj\u0105, aby optymalnie uzupe\u0142ni\u0107 zapasy energii.<\/p>\n<p>W por\u00f3wnaniu z monohydratem kreatyny, kreatyna HCL charakteryzuje si\u0119 lepsz\u0105 rozpuszczalno\u015bci\u0105, jest \u0142atwiej przyswajalna i cz\u0119sto bardziej przyjazna dla \u017co\u0142\u0105dka.<\/p>\n<ul>\n<li>Wegan<\/li>\n<li>Bez glutenu<\/li>\n<li>Bez laktozy<\/li>\n<li>Bez GMO<\/li>\n<li>Wyprodukowane zgodnie z surowymi normami jako\u015bci UE<\/li>\n<\/ul>\n","protected":false},"excerpt":{"rendered":"<p>Kreatyna HCL to produkt najwy\u017cszej jako\u015bci, kt\u00f3ry w zalecanej dziennej dawce dostarcza 3000 mg czystej chlorowodorku kreatyny (HCL). \u2192 Kreatyna w tej postaci charakteryzuje si\u0119 szczeg\u00f3lnie wysok\u0105 biodost\u0119pno\u015bci\u0105, dlatego ju\u017c niewielkie ilo\u015bci wystarczaj\u0105, aby optymalnie uzupe\u0142ni\u0107 zapasy energii. W por\u00f3wnaniu z monohydratem kreatyny, kreatyna HCL charakteryzuje si\u0119 lepsz\u0105 rozpuszczalno\u015bci\u0105, jest \u0142atwiej przyswajalna i cz\u0119sto bardziej [&hellip;]<\/p>\n","protected":false},"featured_media":48110,"template":"","meta":{"_acf_changed":false},"product_brand":[10199],"product_cat":[561,569],"product_tag":[],"class_list":{"0":"post-65086","1":"product","2":"type-product","3":"status-publish","4":"has-post-thumbnail","6":"product_brand-gen-german-elite-nutrition-pl","7":"product_cat-suplementy-sportowe","8":"product_cat-produkty-od-a-z","10":"first","11":"outofstock","12":"taxable","13":"shipping-taxable","14":"purchasable","15":"product-type-simple"},"acf":[],"_links":{"self":[{"href":"https:\/\/vitalstoffversand.com\/pl\/wp-json\/wp\/v2\/product\/65086","targetHints":{"allow":["GET"]}}],"collection":[{"href":"https:\/\/vitalstoffversand.com\/pl\/wp-json\/wp\/v2\/product"}],"about":[{"href":"https:\/\/vitalstoffversand.com\/pl\/wp-json\/wp\/v2\/types\/product"}],"wp:featuredmedia":[{"embeddable":true,"href":"https:\/\/vitalstoffversand.com\/pl\/wp-json\/wp\/v2\/media\/48110"}],"wp:attachment":[{"href":"https:\/\/vitalstoffversand.com\/pl\/wp-json\/wp\/v2\/media?parent=65086"}],"wp:term":[{"taxonomy":"product_brand","embeddable":true,"href":"https:\/\/vitalstoffversand.com\/pl\/wp-json\/wp\/v2\/product_brand?post=65086"},{"taxonomy":"product_cat","embeddable":true,"href":"https:\/\/vitalstoffversand.com\/pl\/wp-json\/wp\/v2\/product_cat?post=65086"},{"taxonomy":"product_tag","embeddable":true,"href":"https:\/\/vitalstoffversand.com\/pl\/wp-json\/wp\/v2\/product_tag?post=65086"}],"curies":[{"name":"wp","href":"https:\/\/api.w.org\/{rel}","templated":true}]}}