{"id":65060,"date":"2025-09-01T18:52:26","date_gmt":"2025-09-01T16:52:26","guid":{"rendered":"https:\/\/vitalstoffversand.com\/produkt\/vit4ever-wyciag-z-ostropestu-plamistego-180-kapsulek\/"},"modified":"2026-03-21T15:54:32","modified_gmt":"2026-03-21T14:54:32","slug":"vit4ever-wyciag-z-ostropestu-plamistego-180-kapsulek","status":"publish","type":"product","link":"https:\/\/vitalstoffversand.com\/pl\/produkt-pl\/vit4ever-wyciag-z-ostropestu-plamistego-180-kapsulek\/","title":{"rendered":"Vit4ever <br>Wyci\u0105g z ostropestu plamistego \u2013 180 kapsu\u0142ek"},"content":{"rendered":"<p>Ekstrakt z ostropestu plamistego o zawarto\u015bci sylimaryny wynosz\u0105cej 80%.<\/p>\n<p>Ostropest plamisty jest tradycyjnie stosowany w celu wspierania zdrowia w\u0105troby.<\/p>\n<ul>\n<li>Wegan<\/li>\n<li>Bez glutenu<\/li>\n<li>Bez laktozy<\/li>\n<li>Bez GMO<\/li>\n<li>Wyprodukowane zgodnie z surowymi normami jako\u015bci UE<\/li>\n<\/ul>\n","protected":false},"excerpt":{"rendered":"<p>Ekstrakt z ostropestu plamistego o zawarto\u015bci sylimaryny wynosz\u0105cej 80%. Ostropest plamisty jest tradycyjnie stosowany w celu wspierania zdrowia w\u0105troby. Wegan Bez glutenu Bez laktozy Bez GMO Wyprodukowane zgodnie z surowymi normami jako\u015bci UE<\/p>\n","protected":false},"featured_media":65050,"template":"","meta":{"_acf_changed":false},"product_brand":[10220],"product_cat":[560,569],"product_tag":[],"class_list":{"0":"post-65060","1":"product","2":"type-product","3":"status-publish","4":"has-post-thumbnail","6":"product_brand-vit4ever-pl","7":"product_cat-skladniki-odzywcze","8":"product_cat-produkty-od-a-z","10":"first","11":"instock","12":"taxable","13":"shipping-taxable","14":"purchasable","15":"product-type-simple"},"acf":[],"_links":{"self":[{"href":"https:\/\/vitalstoffversand.com\/pl\/wp-json\/wp\/v2\/product\/65060","targetHints":{"allow":["GET"]}}],"collection":[{"href":"https:\/\/vitalstoffversand.com\/pl\/wp-json\/wp\/v2\/product"}],"about":[{"href":"https:\/\/vitalstoffversand.com\/pl\/wp-json\/wp\/v2\/types\/product"}],"wp:featuredmedia":[{"embeddable":true,"href":"https:\/\/vitalstoffversand.com\/pl\/wp-json\/wp\/v2\/media\/65050"}],"wp:attachment":[{"href":"https:\/\/vitalstoffversand.com\/pl\/wp-json\/wp\/v2\/media?parent=65060"}],"wp:term":[{"taxonomy":"product_brand","embeddable":true,"href":"https:\/\/vitalstoffversand.com\/pl\/wp-json\/wp\/v2\/product_brand?post=65060"},{"taxonomy":"product_cat","embeddable":true,"href":"https:\/\/vitalstoffversand.com\/pl\/wp-json\/wp\/v2\/product_cat?post=65060"},{"taxonomy":"product_tag","embeddable":true,"href":"https:\/\/vitalstoffversand.com\/pl\/wp-json\/wp\/v2\/product_tag?post=65060"}],"curies":[{"name":"wp","href":"https:\/\/api.w.org\/{rel}","templated":true}]}}