{"id":64934,"date":"2025-09-19T17:11:54","date_gmt":"2025-09-19T15:11:54","guid":{"rendered":"https:\/\/vitalstoffversand.com\/produkt\/gen-proszek-hmb-500-g\/"},"modified":"2026-03-21T15:53:46","modified_gmt":"2026-03-21T14:53:46","slug":"gen-proszek-hmb-500-g","status":"publish","type":"product","link":"https:\/\/vitalstoffversand.com\/pl\/produkt-pl\/gen-proszek-hmb-500-g\/","title":{"rendered":"GEN <br>Proszek HMB \u2013 500 g"},"content":{"rendered":"<p>Hydroksymetylo-butyrat (HMB) przyczynia si\u0119 do prawid\u0142owego metabolizmu energetycznego i w po\u0142\u0105czeniu z <strong><a href=\"https:\/\/vitalstoffversand.com\/knowledge-base\/vitamin-b6\/\" target=\"_blank\" rel=\"noopener\">\u2192 witamin\u0105 B6<\/a><\/strong> pomaga zmniejszy\u0107 uczucie zm\u0119czenia i znu\u017cenia.<\/p>\n<p>Idealne uzupe\u0142nienie aktywno\u015bci sportowej i aktywnego stylu \u017cycia.<\/p>\n<ul>\n<li>Wegan<\/li>\n<li>Bez glutenu<\/li>\n<li>Bez laktozy<\/li>\n<li>Bez GMO<\/li>\n<li>Wyprodukowane zgodnie z surowymi normami jako\u015bci UE<\/li>\n<\/ul>\n","protected":false},"excerpt":{"rendered":"<p>Hydroksymetylo-butyrat (HMB) przyczynia si\u0119 do prawid\u0142owego metabolizmu energetycznego i w po\u0142\u0105czeniu z \u2192 witamin\u0105 B6 pomaga zmniejszy\u0107 uczucie zm\u0119czenia i znu\u017cenia. Idealne uzupe\u0142nienie aktywno\u015bci sportowej i aktywnego stylu \u017cycia. Wegan Bez glutenu Bez laktozy Bez GMO Wyprodukowane zgodnie z surowymi normami jako\u015bci UE<\/p>\n","protected":false},"featured_media":47054,"template":"","meta":{"_acf_changed":false},"product_brand":[10199],"product_cat":[561,569],"product_tag":[],"class_list":{"0":"post-64934","1":"product","2":"type-product","3":"status-publish","4":"has-post-thumbnail","6":"product_brand-gen-german-elite-nutrition-pl","7":"product_cat-suplementy-sportowe","8":"product_cat-produkty-od-a-z","10":"first","11":"instock","12":"taxable","13":"shipping-taxable","14":"purchasable","15":"product-type-simple"},"acf":[],"_links":{"self":[{"href":"https:\/\/vitalstoffversand.com\/pl\/wp-json\/wp\/v2\/product\/64934","targetHints":{"allow":["GET"]}}],"collection":[{"href":"https:\/\/vitalstoffversand.com\/pl\/wp-json\/wp\/v2\/product"}],"about":[{"href":"https:\/\/vitalstoffversand.com\/pl\/wp-json\/wp\/v2\/types\/product"}],"wp:featuredmedia":[{"embeddable":true,"href":"https:\/\/vitalstoffversand.com\/pl\/wp-json\/wp\/v2\/media\/47054"}],"wp:attachment":[{"href":"https:\/\/vitalstoffversand.com\/pl\/wp-json\/wp\/v2\/media?parent=64934"}],"wp:term":[{"taxonomy":"product_brand","embeddable":true,"href":"https:\/\/vitalstoffversand.com\/pl\/wp-json\/wp\/v2\/product_brand?post=64934"},{"taxonomy":"product_cat","embeddable":true,"href":"https:\/\/vitalstoffversand.com\/pl\/wp-json\/wp\/v2\/product_cat?post=64934"},{"taxonomy":"product_tag","embeddable":true,"href":"https:\/\/vitalstoffversand.com\/pl\/wp-json\/wp\/v2\/product_tag?post=64934"}],"curies":[{"name":"wp","href":"https:\/\/api.w.org\/{rel}","templated":true}]}}