{"id":63238,"date":"2026-02-16T13:05:08","date_gmt":"2026-02-16T12:05:08","guid":{"rendered":"https:\/\/vitalstoffversand.com\/?post_type=product&#038;p=63238"},"modified":"2026-03-21T15:52:07","modified_gmt":"2026-03-21T14:52:07","slug":"vit4ever-zinc-complex-365-tabletek-rozne-warianty-kopie","status":"publish","type":"product","link":"https:\/\/vitalstoffversand.com\/pl\/produkt-pl\/vit4ever-zinc-complex-365-tabletek-rozne-warianty-kopie\/","title":{"rendered":"Vit4ever <br>Kompleks cynku 25 mg \u2013 400 tabletek"},"content":{"rendered":"<p><a href=\"https:\/\/vitalstoffversand.com\/knowledge-base\/zink\/\" target=\"_blank\" rel=\"noopener\"><span style=\"color: #0000ff;\"><strong>\u2192 Cynk<\/strong><\/span><\/a> jest pierwiastkiem \u015bladowym i niezwykle wa\u017cnym dla naszego organizmu.<\/p>\n<p>Ten produkt dostarcza 25 mg cynku w postaci kompleksowej mieszanki trzech \u017ar\u00f3de\u0142 cynku: bisglicynianu cynku, glukonianu cynku i cytrynianu cynku.<br \/>\nAlternatywnie dost\u0119pna jest r\u00f3wnie\u017c <span style=\"color: #0000ff;\"><a href=\"https:\/\/vitalstoffversand.com\/produkt\/vit4ever-zink-komplex-15-mg-365\/\">wersja zawieraj\u0105ca 15 mg cynku<\/a><\/span>.<\/p>\n<p>Cynk jest budulcem ponad 50 enzym\u00f3w w naszym organizmie, a tak\u017ce odgrywa wa\u017cn\u0105 rol\u0119 w wielu procesach metabolicznych.<\/p>\n<p>Wzmacnia r\u00f3wnie\u017c nasz uk\u0142ad odporno\u015bciowy, wspomaga syntez\u0119 bia\u0142ek i mo\u017ce zwi\u0119kszy\u0107 produkcj\u0119 spermy u m\u0119\u017cczyzn.<\/p>\n<ul>\n<li>Wegan<\/li>\n<li>Bez glutenu<\/li>\n<li>Bez laktozy<\/li>\n<li>Bez GMO<\/li>\n<li>Wyprodukowane zgodnie z surowymi normami jako\u015bci UE<\/li>\n<\/ul>\n","protected":false},"excerpt":{"rendered":"<p>\u2192 Cynk jest pierwiastkiem \u015bladowym i niezwykle wa\u017cnym dla naszego organizmu. Ten produkt dostarcza 25 mg cynku w postaci kompleksowej mieszanki trzech \u017ar\u00f3de\u0142 cynku: bisglicynianu cynku, glukonianu cynku i cytrynianu cynku. Alternatywnie dost\u0119pna jest r\u00f3wnie\u017c wersja zawieraj\u0105ca 15 mg cynku. Cynk jest budulcem ponad 50 enzym\u00f3w w naszym organizmie, a tak\u017ce odgrywa wa\u017cn\u0105 rol\u0119 w [&hellip;]<\/p>\n","protected":false},"featured_media":56065,"template":"","meta":{"_acf_changed":false},"product_brand":[10220],"product_cat":[556,569],"product_tag":[],"class_list":{"0":"post-63238","1":"product","2":"type-product","3":"status-publish","4":"has-post-thumbnail","6":"product_brand-vit4ever-pl","7":"product_cat-mineraly-i-pierwiastki-sladowe","8":"product_cat-produkty-od-a-z","10":"first","11":"instock","12":"taxable","13":"shipping-taxable","14":"purchasable","15":"product-type-simple"},"acf":[],"_links":{"self":[{"href":"https:\/\/vitalstoffversand.com\/pl\/wp-json\/wp\/v2\/product\/63238","targetHints":{"allow":["GET"]}}],"collection":[{"href":"https:\/\/vitalstoffversand.com\/pl\/wp-json\/wp\/v2\/product"}],"about":[{"href":"https:\/\/vitalstoffversand.com\/pl\/wp-json\/wp\/v2\/types\/product"}],"wp:featuredmedia":[{"embeddable":true,"href":"https:\/\/vitalstoffversand.com\/pl\/wp-json\/wp\/v2\/media\/56065"}],"wp:attachment":[{"href":"https:\/\/vitalstoffversand.com\/pl\/wp-json\/wp\/v2\/media?parent=63238"}],"wp:term":[{"taxonomy":"product_brand","embeddable":true,"href":"https:\/\/vitalstoffversand.com\/pl\/wp-json\/wp\/v2\/product_brand?post=63238"},{"taxonomy":"product_cat","embeddable":true,"href":"https:\/\/vitalstoffversand.com\/pl\/wp-json\/wp\/v2\/product_cat?post=63238"},{"taxonomy":"product_tag","embeddable":true,"href":"https:\/\/vitalstoffversand.com\/pl\/wp-json\/wp\/v2\/product_tag?post=63238"}],"curies":[{"name":"wp","href":"https:\/\/api.w.org\/{rel}","templated":true}]}}