{"id":62777,"date":"2026-01-31T19:30:35","date_gmt":"2026-01-31T18:30:35","guid":{"rendered":"https:\/\/vitalstoffversand.com\/produkt\/alphavitalis-bisglicynian-cynku-25-mg-365-tabletek\/"},"modified":"2026-03-21T15:52:11","modified_gmt":"2026-03-21T14:52:11","slug":"alphavitalis-bisglicynian-cynku-25-mg-365-tabletek","status":"publish","type":"product","link":"https:\/\/vitalstoffversand.com\/pl\/produkt-pl\/alphavitalis-bisglicynian-cynku-25-mg-365-tabletek\/","title":{"rendered":"alphavitalis <br>Bisglicynian cynku \u2013 25 mg \u2013 365 tabletek"},"content":{"rendered":"<p><span style=\"color: #0000ff;\"><strong><a href=\"https:\/\/vitalstoffversand.com\/knowledge-base\/zink\/\" target=\"_blank\" rel=\"noopener\">\u2192 Cynk<\/a><\/strong><\/span> jest wa\u017cnym sk\u0142adnikiem aktywnym dla naszego uk\u0142adu odporno\u015bciowego, metabolizmu, a tak\u017ce sk\u00f3ry, w\u0142os\u00f3w i paznokci.<\/p>\n<p>Bisglicynian cynku jest zwi\u0105zkiem zapewniaj\u0105cym optymaln\u0105 biodost\u0119pno\u015b\u0107.<\/p>\n<ul>\n<li>Wegan<\/li>\n<li>Bez glutenu<\/li>\n<li>Bez laktozy<\/li>\n<li>Bez GMO<\/li>\n<li>Wyprodukowane zgodnie z surowymi normami jako\u015bci UE<\/li>\n<\/ul>\n","protected":false},"excerpt":{"rendered":"<p>\u2192 Cynk jest wa\u017cnym sk\u0142adnikiem aktywnym dla naszego uk\u0142adu odporno\u015bciowego, metabolizmu, a tak\u017ce sk\u00f3ry, w\u0142os\u00f3w i paznokci. Bisglicynian cynku jest zwi\u0105zkiem zapewniaj\u0105cym optymaln\u0105 biodost\u0119pno\u015b\u0107. Wegan Bez glutenu Bez laktozy Bez GMO Wyprodukowane zgodnie z surowymi normami jako\u015bci UE<\/p>\n","protected":false},"featured_media":62773,"template":"","meta":{"_acf_changed":false},"product_brand":[10192],"product_cat":[556,569],"product_tag":[],"class_list":{"0":"post-62777","1":"product","2":"type-product","3":"status-publish","4":"has-post-thumbnail","6":"product_brand-alphavitalis-pl","7":"product_cat-mineraly-i-pierwiastki-sladowe","8":"product_cat-produkty-od-a-z","10":"first","11":"instock","12":"taxable","13":"shipping-taxable","14":"purchasable","15":"product-type-simple"},"acf":[],"_links":{"self":[{"href":"https:\/\/vitalstoffversand.com\/pl\/wp-json\/wp\/v2\/product\/62777","targetHints":{"allow":["GET"]}}],"collection":[{"href":"https:\/\/vitalstoffversand.com\/pl\/wp-json\/wp\/v2\/product"}],"about":[{"href":"https:\/\/vitalstoffversand.com\/pl\/wp-json\/wp\/v2\/types\/product"}],"wp:featuredmedia":[{"embeddable":true,"href":"https:\/\/vitalstoffversand.com\/pl\/wp-json\/wp\/v2\/media\/62773"}],"wp:attachment":[{"href":"https:\/\/vitalstoffversand.com\/pl\/wp-json\/wp\/v2\/media?parent=62777"}],"wp:term":[{"taxonomy":"product_brand","embeddable":true,"href":"https:\/\/vitalstoffversand.com\/pl\/wp-json\/wp\/v2\/product_brand?post=62777"},{"taxonomy":"product_cat","embeddable":true,"href":"https:\/\/vitalstoffversand.com\/pl\/wp-json\/wp\/v2\/product_cat?post=62777"},{"taxonomy":"product_tag","embeddable":true,"href":"https:\/\/vitalstoffversand.com\/pl\/wp-json\/wp\/v2\/product_tag?post=62777"}],"curies":[{"name":"wp","href":"https:\/\/api.w.org\/{rel}","templated":true}]}}