{"id":62194,"date":"2025-12-18T15:59:24","date_gmt":"2025-12-18T14:59:24","guid":{"rendered":"https:\/\/vitalstoffversand.com\/?post_type=product&#038;p=62194"},"modified":"2026-03-21T15:52:42","modified_gmt":"2026-03-21T14:52:42","slug":"gen-monohydrat-kreatyny-500-g-kopie","status":"publish","type":"product","link":"https:\/\/vitalstoffversand.com\/pl\/produkt-pl\/gen-monohydrat-kreatyny-500-g-kopie\/","title":{"rendered":"GEN <br>Monohydrat kreatyny \u2013 300 g"},"content":{"rendered":"<p><strong><a href=\"https:\/\/vitalstoffversand.com\/knowledge-base\/creatin-kreatin\/\" target=\"_blank\" rel=\"noopener\">\u2192 Monohydrat kreatyny<\/a><\/strong> nale\u017cy do najbardziej znanych suplement\u00f3w diety w\u015br\u00f3d sportowc\u00f3w, poniewa\u017c wielu z nich samych go stosuje lub przynajmniej s\u0142ysza\u0142o o nim.<\/p>\n<p>S\u0142u\u017cy organizmowi jako magazyn energii i jest wytwarzany przez nasz organizm.<\/p>\n<p>W ka\u017cdym razie warto wspiera\u0107 aktywno\u015b\u0107 sportow\u0105 poprzez suplementacj\u0119 kreatyn\u0105.<\/p>\n<ul>\n<li>Wegan<\/li>\n<li>Bez glutenu<\/li>\n<li>Bez laktozy<\/li>\n<li>Bez GMO<\/li>\n<li>Wyprodukowane zgodnie z surowymi normami jako\u015bci UE<\/li>\n<\/ul>\n","protected":false},"excerpt":{"rendered":"<p>\u2192 Monohydrat kreatyny nale\u017cy do najbardziej znanych suplement\u00f3w diety w\u015br\u00f3d sportowc\u00f3w, poniewa\u017c wielu z nich samych go stosuje lub przynajmniej s\u0142ysza\u0142o o nim. S\u0142u\u017cy organizmowi jako magazyn energii i jest wytwarzany przez nasz organizm. W ka\u017cdym razie warto wspiera\u0107 aktywno\u015b\u0107 sportow\u0105 poprzez suplementacj\u0119 kreatyn\u0105. Wegan Bez glutenu Bez laktozy Bez GMO Wyprodukowane zgodnie z surowymi [&hellip;]<\/p>\n","protected":false},"featured_media":62235,"template":"","meta":{"_acf_changed":false},"product_brand":[10199],"product_cat":[561,569],"product_tag":[],"class_list":{"0":"post-62194","1":"product","2":"type-product","3":"status-publish","4":"has-post-thumbnail","6":"product_brand-gen-german-elite-nutrition-pl","7":"product_cat-suplementy-sportowe","8":"product_cat-produkty-od-a-z","10":"first","11":"outofstock","12":"taxable","13":"shipping-taxable","14":"purchasable","15":"product-type-simple"},"acf":[],"_links":{"self":[{"href":"https:\/\/vitalstoffversand.com\/pl\/wp-json\/wp\/v2\/product\/62194","targetHints":{"allow":["GET"]}}],"collection":[{"href":"https:\/\/vitalstoffversand.com\/pl\/wp-json\/wp\/v2\/product"}],"about":[{"href":"https:\/\/vitalstoffversand.com\/pl\/wp-json\/wp\/v2\/types\/product"}],"wp:featuredmedia":[{"embeddable":true,"href":"https:\/\/vitalstoffversand.com\/pl\/wp-json\/wp\/v2\/media\/62235"}],"wp:attachment":[{"href":"https:\/\/vitalstoffversand.com\/pl\/wp-json\/wp\/v2\/media?parent=62194"}],"wp:term":[{"taxonomy":"product_brand","embeddable":true,"href":"https:\/\/vitalstoffversand.com\/pl\/wp-json\/wp\/v2\/product_brand?post=62194"},{"taxonomy":"product_cat","embeddable":true,"href":"https:\/\/vitalstoffversand.com\/pl\/wp-json\/wp\/v2\/product_cat?post=62194"},{"taxonomy":"product_tag","embeddable":true,"href":"https:\/\/vitalstoffversand.com\/pl\/wp-json\/wp\/v2\/product_tag?post=62194"}],"curies":[{"name":"wp","href":"https:\/\/api.w.org\/{rel}","templated":true}]}}