{"id":60949,"date":"2025-11-14T12:32:22","date_gmt":"2025-11-14T11:32:22","guid":{"rendered":"https:\/\/vitalstoffversand.com\/?post_type=product&#038;p=60949"},"modified":"2026-03-21T15:52:49","modified_gmt":"2026-03-21T14:52:49","slug":"gen-l-tauryna-500-g-kopie","status":"publish","type":"product","link":"https:\/\/vitalstoffversand.com\/pl\/produkt-pl\/gen-l-tauryna-500-g-kopie\/","title":{"rendered":"GEN <br>L-tyrozyna Ultra \u2013 365 kapsu\u0142ek"},"content":{"rendered":"<p>L-tyrozyna nale\u017cy do aminokwas\u00f3w proteinogennych i jest wytwarzana w organizmie z niezb\u0119dnego aminokwasu fenyloalaniny.<\/p>\n<p>Tyrozyna mo\u017ce by\u0107 \u0142\u0105czona z innymi aminokwasami lub produktami przedtreningowymi.<\/p>\n<ul>\n<li>Bez glutenu<\/li>\n<li>Bez laktozy<\/li>\n<li>Bez GMO<\/li>\n<li>Wyprodukowane zgodnie z surowymi normami jako\u015bci UE<\/li>\n<\/ul>\n","protected":false},"excerpt":{"rendered":"<p>L-tyrozyna nale\u017cy do aminokwas\u00f3w proteinogennych i jest wytwarzana w organizmie z niezb\u0119dnego aminokwasu fenyloalaniny. Tyrozyna mo\u017ce by\u0107 \u0142\u0105czona z innymi aminokwasami lub produktami przedtreningowymi. Bez glutenu Bez laktozy Bez GMO Wyprodukowane zgodnie z surowymi normami jako\u015bci UE<\/p>\n","protected":false},"featured_media":60961,"template":"","meta":{"_acf_changed":false},"product_brand":[10199],"product_cat":[552,569],"product_tag":[],"class_list":{"0":"post-60949","1":"product","2":"type-product","3":"status-publish","4":"has-post-thumbnail","6":"product_brand-gen-german-elite-nutrition-pl","7":"product_cat-aminokwasy","8":"product_cat-produkty-od-a-z","10":"first","11":"instock","12":"taxable","13":"shipping-taxable","14":"purchasable","15":"product-type-simple"},"acf":[],"_links":{"self":[{"href":"https:\/\/vitalstoffversand.com\/pl\/wp-json\/wp\/v2\/product\/60949","targetHints":{"allow":["GET"]}}],"collection":[{"href":"https:\/\/vitalstoffversand.com\/pl\/wp-json\/wp\/v2\/product"}],"about":[{"href":"https:\/\/vitalstoffversand.com\/pl\/wp-json\/wp\/v2\/types\/product"}],"wp:featuredmedia":[{"embeddable":true,"href":"https:\/\/vitalstoffversand.com\/pl\/wp-json\/wp\/v2\/media\/60961"}],"wp:attachment":[{"href":"https:\/\/vitalstoffversand.com\/pl\/wp-json\/wp\/v2\/media?parent=60949"}],"wp:term":[{"taxonomy":"product_brand","embeddable":true,"href":"https:\/\/vitalstoffversand.com\/pl\/wp-json\/wp\/v2\/product_brand?post=60949"},{"taxonomy":"product_cat","embeddable":true,"href":"https:\/\/vitalstoffversand.com\/pl\/wp-json\/wp\/v2\/product_cat?post=60949"},{"taxonomy":"product_tag","embeddable":true,"href":"https:\/\/vitalstoffversand.com\/pl\/wp-json\/wp\/v2\/product_tag?post=60949"}],"curies":[{"name":"wp","href":"https:\/\/api.w.org\/{rel}","templated":true}]}}