{"id":43207,"date":"2025-09-01T18:52:02","date_gmt":"2025-09-01T16:52:02","guid":{"rendered":"https:\/\/vitalstoffversand.com\/produkt\/vit4ever-kompleks-ostropestu-plamistego-365-kapsulek\/"},"modified":"2026-03-21T15:54:34","modified_gmt":"2026-03-21T14:54:34","slug":"vit4ever-kompleks-ostropestu-plamistego-365-kapsulek","status":"publish","type":"product","link":"https:\/\/vitalstoffversand.com\/pl\/produkt-pl\/vit4ever-kompleks-ostropestu-plamistego-365-kapsulek\/","title":{"rendered":"Vit4ever <br>Kompleks ostropestu plamistego \u2013 365 kapsu\u0142ek"},"content":{"rendered":"<p>Wysoce dozowany i doskonale zharmonizowany kompleks wyci\u0105gu z ostropestu plamistego (80% sylimaryny), wyci\u0105gu z karczocha (2,5% cynaryny) i wyci\u0105gu z korzenia mniszka lekarskiego.<\/p>\n<p>Zawiera liczne wt\u00f3rne substancje ro\u015blinne, \u015bluzy, flawonoidy, witaminy i naturalne przeciwutleniacze.<\/p>\n<p>W naturopatii m\u00f3wi si\u0119, \u017ce wszystkie 3 ro\u015bliny maj\u0105 pozytywny wp\u0142yw na zdrowie w\u0105troby.<\/p>\n<ul>\n<li>Wegan<\/li>\n<li>Bez glutenu<\/li>\n<li>Bez laktozy<\/li>\n<li>Bez GMO<\/li>\n<li>Wyprodukowane zgodnie z surowymi normami jako\u015bci UE<\/li>\n<\/ul>\n","protected":false},"excerpt":{"rendered":"<p>Wysoce dozowany i doskonale zharmonizowany kompleks wyci\u0105gu z ostropestu plamistego (80% sylimaryny), wyci\u0105gu z karczocha (2,5% cynaryny) i wyci\u0105gu z korzenia mniszka lekarskiego. Zawiera liczne wt\u00f3rne substancje ro\u015blinne, \u015bluzy, flawonoidy, witaminy i naturalne przeciwutleniacze. W naturopatii m\u00f3wi si\u0119, \u017ce wszystkie 3 ro\u015bliny maj\u0105 pozytywny wp\u0142yw na zdrowie w\u0105troby. Wegan Bez glutenu Bez laktozy Bez GMO [&hellip;]<\/p>\n","protected":false},"featured_media":54441,"template":"","meta":{"_acf_changed":false},"product_brand":[10220],"product_cat":[560,569],"product_tag":[],"class_list":{"0":"post-43207","1":"product","2":"type-product","3":"status-publish","4":"has-post-thumbnail","6":"product_brand-vit4ever-pl","7":"product_cat-skladniki-odzywcze","8":"product_cat-produkty-od-a-z","10":"first","11":"instock","12":"taxable","13":"shipping-taxable","14":"purchasable","15":"product-type-simple"},"acf":[],"_links":{"self":[{"href":"https:\/\/vitalstoffversand.com\/pl\/wp-json\/wp\/v2\/product\/43207","targetHints":{"allow":["GET"]}}],"collection":[{"href":"https:\/\/vitalstoffversand.com\/pl\/wp-json\/wp\/v2\/product"}],"about":[{"href":"https:\/\/vitalstoffversand.com\/pl\/wp-json\/wp\/v2\/types\/product"}],"wp:featuredmedia":[{"embeddable":true,"href":"https:\/\/vitalstoffversand.com\/pl\/wp-json\/wp\/v2\/media\/54441"}],"wp:attachment":[{"href":"https:\/\/vitalstoffversand.com\/pl\/wp-json\/wp\/v2\/media?parent=43207"}],"wp:term":[{"taxonomy":"product_brand","embeddable":true,"href":"https:\/\/vitalstoffversand.com\/pl\/wp-json\/wp\/v2\/product_brand?post=43207"},{"taxonomy":"product_cat","embeddable":true,"href":"https:\/\/vitalstoffversand.com\/pl\/wp-json\/wp\/v2\/product_cat?post=43207"},{"taxonomy":"product_tag","embeddable":true,"href":"https:\/\/vitalstoffversand.com\/pl\/wp-json\/wp\/v2\/product_tag?post=43207"}],"curies":[{"name":"wp","href":"https:\/\/api.w.org\/{rel}","templated":true}]}}