{"id":43187,"date":"2025-09-01T18:54:12","date_gmt":"2025-09-01T16:54:12","guid":{"rendered":"https:\/\/vitalstoffversand.com\/produkt\/vit4ever-omega-3-weganski-olej-z-alg-120-kapsulek\/"},"modified":"2026-03-21T15:54:21","modified_gmt":"2026-03-21T14:54:21","slug":"vit4ever-omega-3-weganski-olej-z-alg-120-kapsulek","status":"publish","type":"product","link":"https:\/\/vitalstoffversand.com\/pl\/produkt-pl\/vit4ever-omega-3-weganski-olej-z-alg-120-kapsulek\/","title":{"rendered":"Vit4ever <br>Omega 3 wega\u0144ski olej z alg \u2013 120 kapsu\u0142ek"},"content":{"rendered":"<p>Wegetarianom i weganom nie zawsze jest \u0142atwo dostarczy\u0107 wystarczaj\u0105c\u0105 ilo\u015b\u0107 kwas\u00f3w t\u0142uszczowych omega-3, poniewa\u017c znajduj\u0105 si\u0119 one g\u0142\u00f3wnie w (t\u0142ustych) rybach.<\/p>\n<p>Kapsu\u0142ki omega 3 z olejem z alg Schizochytrium sp. zawieraj\u0105ce 30% <a href=\"https:\/\/vitalstoffversand.com\/knowledge-base\/docosahexaensaeure-und-eicosapentaensaeure-dha-epa\/\" target=\"_blank\" rel=\"noopener\"><strong><span style=\"color: #0000ff;\">\u2192 DHA (kwas dokozaheksaenowy)<\/span><\/strong><\/a> i 15% <a href=\"https:\/\/vitalstoffversand.com\/knowledge-base\/eicosapentaensaeure-und-docosahexaensaeure-epa-dha\/\" target=\"_blank\" rel=\"noopener\"><strong><span style=\"color: #0000ff;\">\u2192 EPA (kwas eikozapentaenowy)<\/span><\/strong><\/a>. <\/p>\n<p>Algi s\u0105 tutaj idealnym rozwi\u0105zaniem, poniewa\u017c s\u0105 w 100% wegetaria\u0144skie i wega\u0144skie.<\/p>\n<ul>\n<li>Wegan<\/li>\n<li>Bez glutenu<\/li>\n<li>Bez laktozy<\/li>\n<li>Bez GMO<\/li>\n<li>Wyprodukowane zgodnie z surowymi normami jako\u015bci UE<\/li>\n<\/ul>\n","protected":false},"excerpt":{"rendered":"<p>Wegetarianom i weganom nie zawsze jest \u0142atwo dostarczy\u0107 wystarczaj\u0105c\u0105 ilo\u015b\u0107 kwas\u00f3w t\u0142uszczowych omega-3, poniewa\u017c znajduj\u0105 si\u0119 one g\u0142\u00f3wnie w (t\u0142ustych) rybach. Kapsu\u0142ki omega 3 z olejem z alg Schizochytrium sp. zawieraj\u0105ce 30% \u2192 DHA (kwas dokozaheksaenowy) i 15% \u2192 EPA (kwas eikozapentaenowy). Algi s\u0105 tutaj idealnym rozwi\u0105zaniem, poniewa\u017c s\u0105 w 100% wegetaria\u0144skie i wega\u0144skie. Wegan [&hellip;]<\/p>\n","protected":false},"featured_media":53881,"template":"","meta":{"_acf_changed":false},"product_brand":[10220],"product_cat":[553,569],"product_tag":[],"class_list":{"0":"post-43187","1":"product","2":"type-product","3":"status-publish","4":"has-post-thumbnail","6":"product_brand-vit4ever-pl","7":"product_cat-kwasy-tluszczowe","8":"product_cat-produkty-od-a-z","10":"first","11":"instock","12":"taxable","13":"shipping-taxable","14":"purchasable","15":"product-type-simple"},"acf":[],"_links":{"self":[{"href":"https:\/\/vitalstoffversand.com\/pl\/wp-json\/wp\/v2\/product\/43187","targetHints":{"allow":["GET"]}}],"collection":[{"href":"https:\/\/vitalstoffversand.com\/pl\/wp-json\/wp\/v2\/product"}],"about":[{"href":"https:\/\/vitalstoffversand.com\/pl\/wp-json\/wp\/v2\/types\/product"}],"wp:featuredmedia":[{"embeddable":true,"href":"https:\/\/vitalstoffversand.com\/pl\/wp-json\/wp\/v2\/media\/53881"}],"wp:attachment":[{"href":"https:\/\/vitalstoffversand.com\/pl\/wp-json\/wp\/v2\/media?parent=43187"}],"wp:term":[{"taxonomy":"product_brand","embeddable":true,"href":"https:\/\/vitalstoffversand.com\/pl\/wp-json\/wp\/v2\/product_brand?post=43187"},{"taxonomy":"product_cat","embeddable":true,"href":"https:\/\/vitalstoffversand.com\/pl\/wp-json\/wp\/v2\/product_cat?post=43187"},{"taxonomy":"product_tag","embeddable":true,"href":"https:\/\/vitalstoffversand.com\/pl\/wp-json\/wp\/v2\/product_tag?post=43187"}],"curies":[{"name":"wp","href":"https:\/\/api.w.org\/{rel}","templated":true}]}}