{"id":43164,"date":"2025-09-01T18:56:05","date_gmt":"2025-09-01T16:56:05","guid":{"rendered":"https:\/\/vitalstoffversand.com\/produkt\/vit4ever-witamina-d3-5000-j-m-k2-180-tabletek\/"},"modified":"2026-03-21T15:54:13","modified_gmt":"2026-03-21T14:54:13","slug":"vit4ever-witamina-d3-5000-j-m-k2-180-tabletek","status":"publish","type":"product","link":"https:\/\/vitalstoffversand.com\/pl\/produkt-pl\/vit4ever-witamina-d3-5000-j-m-k2-180-tabletek\/","title":{"rendered":"Vit4ever <br>Witamina D3 5000 j.m. + K2 \u2013 180 tabletek"},"content":{"rendered":"<p><a href=\"https:\/\/vitalstoffversand.com\/knowledge-base\/vitamin-d\/\" target=\"_blank\" rel=\"noopener\"><span style=\"color: #0000ff;\"><strong>\u2192 Witamina D3<\/strong><\/span><\/a> jest cz\u0119sto nazywana \u201ewitamin\u0105 s\u0142o\u0144ca\u201d i bierze udzia\u0142 w wielu funkcjach organizmu.<\/p>\n<p>Optymalnie uzupe\u0142niona o <a href=\"https:\/\/vitalstoffversand.com\/knowledge-base\/vitamin-k\/\" target=\"_blank\" rel=\"noopener\"><strong><span style=\"color: #0000ff;\">\u2192 witamin\u0119 K2<\/span><\/strong><\/a>, kt\u00f3ra jest idealnym partnerem dla witaminy D, witamina D3 5000 I.U. + K2 jest idealna do utrzymania zdrowego poziomu witaminy D w organizmie.<\/p>\n<ul>\n<li>Wegetaria\u0144skie<\/li>\n<li>Bez glutenu<\/li>\n<li>Bez laktozy<\/li>\n<li>Bez GMO<\/li>\n<li>Wyprodukowane zgodnie z surowymi normami jako\u015bci UE<\/li>\n<\/ul>\n","protected":false},"excerpt":{"rendered":"<p>\u2192 Witamina D3 jest cz\u0119sto nazywana \u201ewitamin\u0105 s\u0142o\u0144ca\u201d i bierze udzia\u0142 w wielu funkcjach organizmu. Optymalnie uzupe\u0142niona o \u2192 witamin\u0119 K2, kt\u00f3ra jest idealnym partnerem dla witaminy D, witamina D3 5000 I.U. + K2 jest idealna do utrzymania zdrowego poziomu witaminy D w organizmie. Wegetaria\u0144skie Bez glutenu Bez laktozy Bez GMO Wyprodukowane zgodnie z surowymi [&hellip;]<\/p>\n","protected":false},"featured_media":50958,"template":"","meta":{"_acf_changed":false},"product_brand":[10220],"product_cat":[564,569],"product_tag":[],"class_list":{"0":"post-43164","1":"product","2":"type-product","3":"status-publish","4":"has-post-thumbnail","6":"product_brand-vit4ever-pl","7":"product_cat-witaminy","8":"product_cat-produkty-od-a-z","10":"first","11":"outofstock","12":"taxable","13":"shipping-taxable","14":"purchasable","15":"product-type-simple"},"acf":[],"_links":{"self":[{"href":"https:\/\/vitalstoffversand.com\/pl\/wp-json\/wp\/v2\/product\/43164","targetHints":{"allow":["GET"]}}],"collection":[{"href":"https:\/\/vitalstoffversand.com\/pl\/wp-json\/wp\/v2\/product"}],"about":[{"href":"https:\/\/vitalstoffversand.com\/pl\/wp-json\/wp\/v2\/types\/product"}],"wp:featuredmedia":[{"embeddable":true,"href":"https:\/\/vitalstoffversand.com\/pl\/wp-json\/wp\/v2\/media\/50958"}],"wp:attachment":[{"href":"https:\/\/vitalstoffversand.com\/pl\/wp-json\/wp\/v2\/media?parent=43164"}],"wp:term":[{"taxonomy":"product_brand","embeddable":true,"href":"https:\/\/vitalstoffversand.com\/pl\/wp-json\/wp\/v2\/product_brand?post=43164"},{"taxonomy":"product_cat","embeddable":true,"href":"https:\/\/vitalstoffversand.com\/pl\/wp-json\/wp\/v2\/product_cat?post=43164"},{"taxonomy":"product_tag","embeddable":true,"href":"https:\/\/vitalstoffversand.com\/pl\/wp-json\/wp\/v2\/product_tag?post=43164"}],"curies":[{"name":"wp","href":"https:\/\/api.w.org\/{rel}","templated":true}]}}