{"id":40650,"date":"2025-08-15T15:21:25","date_gmt":"2025-08-15T13:21:25","guid":{"rendered":"https:\/\/vitalstoffversand.com\/?post_type=product&#038;p=40650"},"modified":"2026-03-16T15:08:49","modified_gmt":"2026-03-16T14:08:49","slug":"vit4ever-lactase-depot-rozne-wersje-kopie","status":"publish","type":"product","link":"https:\/\/vitalstoffversand.com\/pl\/produkt-pl\/vit4ever-lactase-depot-rozne-wersje-kopie\/","title":{"rendered":"Vit4ever <br>Lactase Depot 22000 \u2013 365 tabletek"},"content":{"rendered":"<p>Europejskie rozporz\u0105dzenie w sprawie o\u015bwiadcze\u0144 zdrowotnych potwierdza, \u017ce <a href=\"https:\/\/vitalstoffversand.com\/knowledge-base\/lactase\/\" target=\"_blank\" rel=\"noopener\"><strong><span style=\"color: #0000ff;\">\u2192 laktaza<\/span><\/strong><\/a> poprawia trawienie laktozy u os\u00f3b maj\u0105cych problemy z trawieniem.<\/p>\n<p>Nietolerancja laktozy to reakcja niepo\u017c\u0105dana wywo\u0142ana spo\u017cyciem laktozy (cukru mlecznego), kt\u00f3ra wyst\u0119puje g\u0142\u00f3wnie w mleku i produktach mlecznych.<\/p>\n<p>Enzym laktaza rozk\u0142ada laktoz\u0119 w jelicie. W ten spos\u00f3b mo\u017cna unikn\u0105\u0107 zaburze\u0144 w przewodzie pokarmowym.<\/p>\n<p>Zawieraj\u0105ce 22 000 jednostek FCC tabletki te zapewniaj\u0105 wysok\u0105 dawk\u0119 laktazy.<\/p>\n<ul>\n<li>Wegan<\/li>\n<li>Bez glutenu<\/li>\n<li>Bez laktozy<\/li>\n<li>Bez GMO<\/li>\n<li>Wyprodukowane zgodnie z surowymi normami jako\u015bci UE<\/li>\n<\/ul>\n","protected":false},"excerpt":{"rendered":"<p>Europejskie rozporz\u0105dzenie w sprawie o\u015bwiadcze\u0144 zdrowotnych potwierdza, \u017ce \u2192 laktaza poprawia trawienie laktozy u os\u00f3b maj\u0105cych problemy z trawieniem. Nietolerancja laktozy to reakcja niepo\u017c\u0105dana wywo\u0142ana spo\u017cyciem laktozy (cukru mlecznego), kt\u00f3ra wyst\u0119puje g\u0142\u00f3wnie w mleku i produktach mlecznych. Enzym laktaza rozk\u0142ada laktoz\u0119 w jelicie. W ten spos\u00f3b mo\u017cna unikn\u0105\u0107 zaburze\u0144 w przewodzie pokarmowym. Zawieraj\u0105ce 22 000 [&hellip;]<\/p>\n","protected":false},"featured_media":55873,"template":"","meta":{"_acf_changed":false},"product_brand":[10220],"product_cat":[560,569],"product_tag":[],"class_list":{"0":"post-40650","1":"product","2":"type-product","3":"status-publish","4":"has-post-thumbnail","6":"product_brand-vit4ever-pl","7":"product_cat-skladniki-odzywcze","8":"product_cat-produkty-od-a-z","10":"first","11":"instock","12":"taxable","13":"shipping-taxable","14":"purchasable","15":"product-type-simple"},"acf":[],"_links":{"self":[{"href":"https:\/\/vitalstoffversand.com\/pl\/wp-json\/wp\/v2\/product\/40650","targetHints":{"allow":["GET"]}}],"collection":[{"href":"https:\/\/vitalstoffversand.com\/pl\/wp-json\/wp\/v2\/product"}],"about":[{"href":"https:\/\/vitalstoffversand.com\/pl\/wp-json\/wp\/v2\/types\/product"}],"wp:featuredmedia":[{"embeddable":true,"href":"https:\/\/vitalstoffversand.com\/pl\/wp-json\/wp\/v2\/media\/55873"}],"wp:attachment":[{"href":"https:\/\/vitalstoffversand.com\/pl\/wp-json\/wp\/v2\/media?parent=40650"}],"wp:term":[{"taxonomy":"product_brand","embeddable":true,"href":"https:\/\/vitalstoffversand.com\/pl\/wp-json\/wp\/v2\/product_brand?post=40650"},{"taxonomy":"product_cat","embeddable":true,"href":"https:\/\/vitalstoffversand.com\/pl\/wp-json\/wp\/v2\/product_cat?post=40650"},{"taxonomy":"product_tag","embeddable":true,"href":"https:\/\/vitalstoffversand.com\/pl\/wp-json\/wp\/v2\/product_tag?post=40650"}],"curies":[{"name":"wp","href":"https:\/\/api.w.org\/{rel}","templated":true}]}}