{"id":39120,"date":"2025-06-11T14:37:47","date_gmt":"2025-06-11T12:37:47","guid":{"rendered":"https:\/\/vitalstoffversand.com\/?post_type=product&#038;p=39120"},"modified":"2026-03-12T14:15:51","modified_gmt":"2026-03-12T13:15:51","slug":"vit4ever-ekstrakt-z-passiflory-240-kapsulek-kopie","status":"publish","type":"product","link":"https:\/\/vitalstoffversand.com\/pl\/produkt-pl\/vit4ever-ekstrakt-z-passiflory-240-kapsulek-kopie\/","title":{"rendered":"Vit4ever <br>Rutyna \u2013 180 kapsu\u0142ek"},"content":{"rendered":"<p>Rutyna jest substancj\u0105 ro\u015blinn\u0105 z grupy flawonoid\u00f3w i od wiek\u00f3w ceniona jest w tradycyjnej medycynie wschodnioazjatyckiej.<\/p>\n<p>Rutyna pozyskiwana jest z japo\u0144skiego drzewa sznurkowego (Sophora japonica).<\/p>\n<ul>\n<li>Wegan<\/li>\n<li>Bez glutenu<\/li>\n<li>Bez laktozy<\/li>\n<li>Bez GMO<\/li>\n<li>Wyprodukowane zgodnie z surowymi normami jako\u015bci UE<\/li>\n<\/ul>\n","protected":false},"excerpt":{"rendered":"<p>Rutyna jest substancj\u0105 ro\u015blinn\u0105 z grupy flawonoid\u00f3w i od wiek\u00f3w ceniona jest w tradycyjnej medycynie wschodnioazjatyckiej. Rutyna pozyskiwana jest z japo\u0144skiego drzewa sznurkowego (Sophora japonica). Wegan Bez glutenu Bez laktozy Bez GMO Wyprodukowane zgodnie z surowymi normami jako\u015bci UE<\/p>\n","protected":false},"featured_media":49214,"template":"","meta":{"_acf_changed":false},"product_brand":[10220],"product_cat":[560,569],"product_tag":[],"class_list":{"0":"post-39120","1":"product","2":"type-product","3":"status-publish","4":"has-post-thumbnail","6":"product_brand-vit4ever-pl","7":"product_cat-skladniki-odzywcze","8":"product_cat-produkty-od-a-z","10":"first","11":"instock","12":"taxable","13":"shipping-taxable","14":"purchasable","15":"product-type-simple"},"acf":[],"_links":{"self":[{"href":"https:\/\/vitalstoffversand.com\/pl\/wp-json\/wp\/v2\/product\/39120","targetHints":{"allow":["GET"]}}],"collection":[{"href":"https:\/\/vitalstoffversand.com\/pl\/wp-json\/wp\/v2\/product"}],"about":[{"href":"https:\/\/vitalstoffversand.com\/pl\/wp-json\/wp\/v2\/types\/product"}],"wp:featuredmedia":[{"embeddable":true,"href":"https:\/\/vitalstoffversand.com\/pl\/wp-json\/wp\/v2\/media\/49214"}],"wp:attachment":[{"href":"https:\/\/vitalstoffversand.com\/pl\/wp-json\/wp\/v2\/media?parent=39120"}],"wp:term":[{"taxonomy":"product_brand","embeddable":true,"href":"https:\/\/vitalstoffversand.com\/pl\/wp-json\/wp\/v2\/product_brand?post=39120"},{"taxonomy":"product_cat","embeddable":true,"href":"https:\/\/vitalstoffversand.com\/pl\/wp-json\/wp\/v2\/product_cat?post=39120"},{"taxonomy":"product_tag","embeddable":true,"href":"https:\/\/vitalstoffversand.com\/pl\/wp-json\/wp\/v2\/product_tag?post=39120"}],"curies":[{"name":"wp","href":"https:\/\/api.w.org\/{rel}","templated":true}]}}