{"id":27348,"date":"2025-01-14T11:23:59","date_gmt":"2025-01-14T10:23:59","guid":{"rendered":"https:\/\/vitalstoffversand.com\/produkt\/vit4ever-organiczny-olej-z-czarnuszki-siewnej-240-kapsulek\/"},"modified":"2026-03-16T16:14:47","modified_gmt":"2026-03-16T15:14:47","slug":"vit4ever-organiczny-olej-z-czarnuszki-siewnej-240-kapsulek","status":"publish","type":"product","link":"https:\/\/vitalstoffversand.com\/pl\/produkt-pl\/vit4ever-organiczny-olej-z-czarnuszki-siewnej-240-kapsulek\/","title":{"rendered":"Vit4ever <br>Organiczny olej z czarnuszki siewnej &#8211; 240 kapsu\u0142ek"},"content":{"rendered":"<div id=\"tab-description\" class=\"woocommerce-Tabs-panel woocommerce-Tabs-panel--description panel entry-content wc-tab\" role=\"tabpanel\" aria-labelledby=\"tab-title-description\">Organiczny olej z czarnuszki pozyskiwany jest w procesie t\u0142oczenia na zimno i jest popularn\u0105 przypraw\u0105 nie tylko ze wzgl\u0119du na wysok\u0105 zawarto\u015b\u0107 kwasu linolowego.<\/div>\n<div role=\"tabpanel\" aria-labelledby=\"tab-title-description\"><\/div>\n<div role=\"tabpanel\" aria-labelledby=\"tab-title-description\">Oferuje wiele zdrowych sk\u0142adnik\u00f3w od\u017cywczych i staje si\u0119 coraz bardziej popularny w Europie.<\/div>\n<div role=\"tabpanel\" aria-labelledby=\"tab-title-description\"><\/div>\n<div class=\"woocommerce-Tabs-panel woocommerce-Tabs-panel--description panel entry-content wc-tab\" role=\"tabpanel\" aria-labelledby=\"tab-title-description\">\n<ul>\n<li>Wegan<\/li>\n<li>Bez glutenu<\/li>\n<li>Bez laktozy<\/li>\n<li>Bez GMO<\/li>\n<li>Wyprodukowane zgodnie z surowymi normami jako\u015bci UE<\/li>\n<\/ul>\n<\/div>\n","protected":false},"excerpt":{"rendered":"<p>Organiczny olej z czarnuszki pozyskiwany jest w procesie t\u0142oczenia na zimno i jest popularn\u0105 przypraw\u0105 nie tylko ze wzgl\u0119du na wysok\u0105 zawarto\u015b\u0107 kwasu linolowego. Oferuje wiele zdrowych sk\u0142adnik\u00f3w od\u017cywczych i staje si\u0119 coraz bardziej popularny w Europie. Wegan Bez glutenu Bez laktozy Bez GMO Wyprodukowane zgodnie z surowymi normami jako\u015bci UE<\/p>\n","protected":false},"featured_media":56761,"template":"","meta":{"_acf_changed":false},"product_brand":[10220],"product_cat":[553,540,569],"product_tag":[],"class_list":{"0":"post-27348","1":"product","2":"type-product","3":"status-publish","4":"has-post-thumbnail","6":"product_brand-vit4ever-pl","7":"product_cat-kwasy-tluszczowe","8":"product_cat-organiczny","9":"product_cat-produkty-od-a-z","11":"first","12":"instock","13":"taxable","14":"shipping-taxable","15":"purchasable","16":"product-type-simple"},"acf":[],"_links":{"self":[{"href":"https:\/\/vitalstoffversand.com\/pl\/wp-json\/wp\/v2\/product\/27348","targetHints":{"allow":["GET"]}}],"collection":[{"href":"https:\/\/vitalstoffversand.com\/pl\/wp-json\/wp\/v2\/product"}],"about":[{"href":"https:\/\/vitalstoffversand.com\/pl\/wp-json\/wp\/v2\/types\/product"}],"wp:featuredmedia":[{"embeddable":true,"href":"https:\/\/vitalstoffversand.com\/pl\/wp-json\/wp\/v2\/media\/56761"}],"wp:attachment":[{"href":"https:\/\/vitalstoffversand.com\/pl\/wp-json\/wp\/v2\/media?parent=27348"}],"wp:term":[{"taxonomy":"product_brand","embeddable":true,"href":"https:\/\/vitalstoffversand.com\/pl\/wp-json\/wp\/v2\/product_brand?post=27348"},{"taxonomy":"product_cat","embeddable":true,"href":"https:\/\/vitalstoffversand.com\/pl\/wp-json\/wp\/v2\/product_cat?post=27348"},{"taxonomy":"product_tag","embeddable":true,"href":"https:\/\/vitalstoffversand.com\/pl\/wp-json\/wp\/v2\/product_tag?post=27348"}],"curies":[{"name":"wp","href":"https:\/\/api.w.org\/{rel}","templated":true}]}}