{"id":27343,"date":"2025-01-14T11:22:53","date_gmt":"2025-01-14T10:22:53","guid":{"rendered":"https:\/\/vitalstoffversand.com\/produkt\/vit4ever-witamina-b6-365-tabletek\/"},"modified":"2026-03-16T16:06:45","modified_gmt":"2026-03-16T15:06:45","slug":"vit4ever-witamina-b6-365-tabletek","status":"publish","type":"product","link":"https:\/\/vitalstoffversand.com\/pl\/produkt-pl\/vit4ever-witamina-b6-365-tabletek\/","title":{"rendered":"Vit4ever <br>Witamina B6 &#8211; 365 tabletek"},"content":{"rendered":"<p><a href=\"https:\/\/vitalstoffversand.com\/knowledge-base\/vitamin-b6\/\" target=\"_blank\" rel=\"noopener\"><strong><span style=\"color: #0000ff;\">\u2192 Vitamin B6 <\/span><\/strong><\/a>ist ein wasserl\u00f6sliches Vitamin und wichtiger Reaktionspartner bei vielen Stoffwechselvorg\u00e4ngen.<\/p>\n<p>Dodatkowa suplementacja nie jest zazwyczaj konieczna przy zbilansowanej diecie.<br \/>\nWr\u0119cz przeciwnie, zbyt wysokie d\u0142ugoterminowe spo\u017cycie mo\u017ce prowadzi\u0107 do problem\u00f3w zdrowotnych.<\/p>\n<ul>\n<li>Wegan<\/li>\n<li>Bez glutenu<\/li>\n<li>Bez laktozy<\/li>\n<li>Bez GMO<\/li>\n<li>Wyprodukowane zgodnie z surowymi normami jako\u015bci UE<\/li>\n<\/ul>\n","protected":false},"excerpt":{"rendered":"<p>\u2192 Vitamin B6 ist ein wasserl\u00f6sliches Vitamin und wichtiger Reaktionspartner bei vielen Stoffwechselvorg\u00e4ngen. Dodatkowa suplementacja nie jest zazwyczaj konieczna przy zbilansowanej diecie. Wr\u0119cz przeciwnie, zbyt wysokie d\u0142ugoterminowe spo\u017cycie mo\u017ce prowadzi\u0107 do problem\u00f3w zdrowotnych. Wegan Bez glutenu Bez laktozy Bez GMO Wyprodukowane zgodnie z surowymi normami jako\u015bci UE<\/p>\n","protected":false},"featured_media":56721,"template":"","meta":{"_acf_changed":false},"product_brand":[10220],"product_cat":[564,569],"product_tag":[],"class_list":{"0":"post-27343","1":"product","2":"type-product","3":"status-publish","4":"has-post-thumbnail","6":"product_brand-vit4ever-pl","7":"product_cat-witaminy","8":"product_cat-produkty-od-a-z","10":"first","11":"instock","12":"taxable","13":"shipping-taxable","14":"purchasable","15":"product-type-simple"},"acf":[],"_links":{"self":[{"href":"https:\/\/vitalstoffversand.com\/pl\/wp-json\/wp\/v2\/product\/27343","targetHints":{"allow":["GET"]}}],"collection":[{"href":"https:\/\/vitalstoffversand.com\/pl\/wp-json\/wp\/v2\/product"}],"about":[{"href":"https:\/\/vitalstoffversand.com\/pl\/wp-json\/wp\/v2\/types\/product"}],"wp:featuredmedia":[{"embeddable":true,"href":"https:\/\/vitalstoffversand.com\/pl\/wp-json\/wp\/v2\/media\/56721"}],"wp:attachment":[{"href":"https:\/\/vitalstoffversand.com\/pl\/wp-json\/wp\/v2\/media?parent=27343"}],"wp:term":[{"taxonomy":"product_brand","embeddable":true,"href":"https:\/\/vitalstoffversand.com\/pl\/wp-json\/wp\/v2\/product_brand?post=27343"},{"taxonomy":"product_cat","embeddable":true,"href":"https:\/\/vitalstoffversand.com\/pl\/wp-json\/wp\/v2\/product_cat?post=27343"},{"taxonomy":"product_tag","embeddable":true,"href":"https:\/\/vitalstoffversand.com\/pl\/wp-json\/wp\/v2\/product_tag?post=27343"}],"curies":[{"name":"wp","href":"https:\/\/api.w.org\/{rel}","templated":true}]}}