{"id":27342,"date":"2024-11-11T14:25:30","date_gmt":"2024-11-11T13:25:30","guid":{"rendered":"https:\/\/vitalstoffversand.com\/produkt\/vit4ever-koralowiec-morski-sango-240-kapsulek\/"},"modified":"2026-03-16T16:04:50","modified_gmt":"2026-03-16T15:04:50","slug":"vit4ever-koralowiec-morski-sango-240-kapsulek","status":"publish","type":"product","link":"https:\/\/vitalstoffversand.com\/pl\/produkt-pl\/vit4ever-koralowiec-morski-sango-240-kapsulek\/","title":{"rendered":"Vit4ever <br>Koralowiec morski Sango &#8211; 240 kapsu\u0142ek"},"content":{"rendered":"<p>Koralowiec Sango z Okinawy jest naturalnym \u017ar\u00f3d\u0142em minera\u0142\u00f3w i dostarcza <a href=\"https:\/\/vitalstoffversand.com\/knowledge-base\/calcium\/\" target=\"_blank\" rel=\"noopener\"><strong><span style=\"color: #0000ff;\">\u2192 wapnia<\/span><\/strong><\/a> i <a href=\"https:\/\/vitalstoffversand.com\/knowledge-base\/magnesium\/\" target=\"_blank\" rel=\"noopener\"><span style=\"color: #0000ff;\"><strong>\u2192 magnezu<\/strong><\/span><\/a>, a tak\u017ce ponad 70 niezb\u0119dnych minera\u0142\u00f3w i pierwiastk\u00f3w \u015bladowych, w tym \u017celaza, krzemu, chromu, siarki i naturalnego jodu.<\/p>\n<p>Stosunek wapnia (20%) i magnezu (10%) idealnie odpowiada proporcjom organizmu wynosz\u0105cym 2:1.<\/p>\n<p>Nie dochodzi do nadmiernej eksploatacji \u017cywych raf koralowych, a produkt jest w 100% wolny od promieniowania radioaktywnego.<\/p>\n<ul>\n<li>Wegan<\/li>\n<li>Bez glutenu<\/li>\n<li>Bez laktozy<\/li>\n<li>Bez GMO<\/li>\n<li>Wyprodukowane zgodnie z surowymi normami jako\u015bci UE<\/li>\n<\/ul>\n","protected":false},"excerpt":{"rendered":"<p>Koralowiec Sango z Okinawy jest naturalnym \u017ar\u00f3d\u0142em minera\u0142\u00f3w i dostarcza \u2192 wapnia i \u2192 magnezu, a tak\u017ce ponad 70 niezb\u0119dnych minera\u0142\u00f3w i pierwiastk\u00f3w \u015bladowych, w tym \u017celaza, krzemu, chromu, siarki i naturalnego jodu. Stosunek wapnia (20%) i magnezu (10%) idealnie odpowiada proporcjom organizmu wynosz\u0105cym 2:1. Nie dochodzi do nadmiernej eksploatacji \u017cywych raf koralowych, a produkt [&hellip;]<\/p>\n","protected":false},"featured_media":56681,"template":"","meta":{"_acf_changed":false},"product_brand":[10220],"product_cat":[556,569],"product_tag":[],"class_list":{"0":"post-27342","1":"product","2":"type-product","3":"status-publish","4":"has-post-thumbnail","6":"product_brand-vit4ever-pl","7":"product_cat-mineraly-i-pierwiastki-sladowe","8":"product_cat-produkty-od-a-z","10":"first","11":"instock","12":"taxable","13":"shipping-taxable","14":"purchasable","15":"product-type-simple"},"acf":[],"_links":{"self":[{"href":"https:\/\/vitalstoffversand.com\/pl\/wp-json\/wp\/v2\/product\/27342","targetHints":{"allow":["GET"]}}],"collection":[{"href":"https:\/\/vitalstoffversand.com\/pl\/wp-json\/wp\/v2\/product"}],"about":[{"href":"https:\/\/vitalstoffversand.com\/pl\/wp-json\/wp\/v2\/types\/product"}],"wp:featuredmedia":[{"embeddable":true,"href":"https:\/\/vitalstoffversand.com\/pl\/wp-json\/wp\/v2\/media\/56681"}],"wp:attachment":[{"href":"https:\/\/vitalstoffversand.com\/pl\/wp-json\/wp\/v2\/media?parent=27342"}],"wp:term":[{"taxonomy":"product_brand","embeddable":true,"href":"https:\/\/vitalstoffversand.com\/pl\/wp-json\/wp\/v2\/product_brand?post=27342"},{"taxonomy":"product_cat","embeddable":true,"href":"https:\/\/vitalstoffversand.com\/pl\/wp-json\/wp\/v2\/product_cat?post=27342"},{"taxonomy":"product_tag","embeddable":true,"href":"https:\/\/vitalstoffversand.com\/pl\/wp-json\/wp\/v2\/product_tag?post=27342"}],"curies":[{"name":"wp","href":"https:\/\/api.w.org\/{rel}","templated":true}]}}