{"id":27337,"date":"2025-01-05T16:11:26","date_gmt":"2025-01-05T15:11:26","guid":{"rendered":"https:\/\/vitalstoffversand.com\/produkt\/vit4ever-lecytyna-300-kapsulek\/"},"modified":"2026-03-16T15:53:29","modified_gmt":"2026-03-16T14:53:29","slug":"vit4ever-lecytyna-300-kapsulek","status":"publish","type":"product","link":"https:\/\/vitalstoffversand.com\/pl\/produkt-pl\/vit4ever-lecytyna-300-kapsulek\/","title":{"rendered":"Vit4ever <br>Lecytyna &#8211; 300 kapsu\u0142ek"},"content":{"rendered":"<div id=\"tab-description\" class=\"woocommerce-Tabs-panel woocommerce-Tabs-panel--description panel entry-content wc-tab\" role=\"tabpanel\" aria-labelledby=\"tab-title-description\">\n<p>Kapsu\u0142ki z lecytyn\u0105 sojow\u0105 od Vit4ever charakteryzuj\u0105 si\u0119 wysok\u0105 i zr\u00f3\u017cnicowan\u0105 zawarto\u015bci\u0105 fosfatyd\u00f3w (fosfatydylocholina, fosfatydyloetanoloamina, fosfatydyloinozytol, kwas fosforowy).<\/p>\n<p>Lecytyna jest cennym \u017ar\u00f3d\u0142em fosfolipid\u00f3w i jest r\u00f3wnie\u017c znana ze swoich w\u0142a\u015bciwo\u015bci jako emulgator, tj. mo\u017ce wi\u0105za\u0107 t\u0142uszcze z wod\u0105.<\/p>\n<ul>\n<li>Bez glutenu<\/li>\n<li>Bez laktozy<\/li>\n<li>Bez GMO<\/li>\n<li>Wyprodukowane zgodnie z surowymi normami jako\u015bci UE<\/li>\n<\/ul>\n<\/div>\n","protected":false},"excerpt":{"rendered":"<p>Kapsu\u0142ki z lecytyn\u0105 sojow\u0105 od Vit4ever charakteryzuj\u0105 si\u0119 wysok\u0105 i zr\u00f3\u017cnicowan\u0105 zawarto\u015bci\u0105 fosfatyd\u00f3w (fosfatydylocholina, fosfatydyloetanoloamina, fosfatydyloinozytol, kwas fosforowy). Lecytyna jest cennym \u017ar\u00f3d\u0142em fosfolipid\u00f3w i jest r\u00f3wnie\u017c znana ze swoich w\u0142a\u015bciwo\u015bci jako emulgator, tj. mo\u017ce wi\u0105za\u0107 t\u0142uszcze z wod\u0105. Bez glutenu Bez laktozy Bez GMO Wyprodukowane zgodnie z surowymi normami jako\u015bci UE<\/p>\n","protected":false},"featured_media":56561,"template":"","meta":{"_acf_changed":false},"product_brand":[10220],"product_cat":[560,569],"product_tag":[],"class_list":{"0":"post-27337","1":"product","2":"type-product","3":"status-publish","4":"has-post-thumbnail","6":"product_brand-vit4ever-pl","7":"product_cat-skladniki-odzywcze","8":"product_cat-produkty-od-a-z","10":"first","11":"instock","12":"taxable","13":"shipping-taxable","14":"purchasable","15":"product-type-simple"},"acf":[],"_links":{"self":[{"href":"https:\/\/vitalstoffversand.com\/pl\/wp-json\/wp\/v2\/product\/27337","targetHints":{"allow":["GET"]}}],"collection":[{"href":"https:\/\/vitalstoffversand.com\/pl\/wp-json\/wp\/v2\/product"}],"about":[{"href":"https:\/\/vitalstoffversand.com\/pl\/wp-json\/wp\/v2\/types\/product"}],"wp:featuredmedia":[{"embeddable":true,"href":"https:\/\/vitalstoffversand.com\/pl\/wp-json\/wp\/v2\/media\/56561"}],"wp:attachment":[{"href":"https:\/\/vitalstoffversand.com\/pl\/wp-json\/wp\/v2\/media?parent=27337"}],"wp:term":[{"taxonomy":"product_brand","embeddable":true,"href":"https:\/\/vitalstoffversand.com\/pl\/wp-json\/wp\/v2\/product_brand?post=27337"},{"taxonomy":"product_cat","embeddable":true,"href":"https:\/\/vitalstoffversand.com\/pl\/wp-json\/wp\/v2\/product_cat?post=27337"},{"taxonomy":"product_tag","embeddable":true,"href":"https:\/\/vitalstoffversand.com\/pl\/wp-json\/wp\/v2\/product_tag?post=27337"}],"curies":[{"name":"wp","href":"https:\/\/api.w.org\/{rel}","templated":true}]}}