{"id":27336,"date":"2025-01-03T16:41:58","date_gmt":"2025-01-03T15:41:58","guid":{"rendered":"https:\/\/vitalstoffversand.com\/produkt\/vit4ever-witamina-a-10000-j-m-365-tabletek\/"},"modified":"2026-03-16T15:48:26","modified_gmt":"2026-03-16T14:48:26","slug":"vit4ever-witamina-a-10000-j-m-365-tabletek","status":"publish","type":"product","link":"https:\/\/vitalstoffversand.com\/pl\/produkt-pl\/vit4ever-witamina-a-10000-j-m-365-tabletek\/","title":{"rendered":"Vit4ever <br>Witamina A \u2013 365 tabletek"},"content":{"rendered":"<div id=\"tab-description\" class=\"woocommerce-Tabs-panel woocommerce-Tabs-panel--description panel entry-content wc-tab\" role=\"tabpanel\" aria-labelledby=\"tab-title-description\">\n<p><a href=\"\/?p=239\" rel=\"noopener\"><strong><span style=\"color: #0000ff;\">\u2192 Witamina A<\/span><\/strong><\/a> spe\u0142nia r\u00f3\u017cne wa\u017cne funkcje w organizmie.<\/p>\n<p>Jest to witamina rozpuszczalna w t\u0142uszczach i dlatego nie musi by\u0107 przyjmowana codziennie, poniewa\u017c organizm mo\u017ce j\u0105 magazynowa\u0107 (efekt depot).<\/p>\n<ul>\n<li>Wegan<\/li>\n<li>Bez glutenu<\/li>\n<li>Bez laktozy<\/li>\n<li>Bez GMO<\/li>\n<li>Wyprodukowane zgodnie z surowymi normami jako\u015bci UE<\/li>\n<\/ul>\n<\/div>\n","protected":false},"excerpt":{"rendered":"<p>\u2192 Witamina A spe\u0142nia r\u00f3\u017cne wa\u017cne funkcje w organizmie. Jest to witamina rozpuszczalna w t\u0142uszczach i dlatego nie musi by\u0107 przyjmowana codziennie, poniewa\u017c organizm mo\u017ce j\u0105 magazynowa\u0107 (efekt depot). Wegan Bez glutenu Bez laktozy Bez GMO Wyprodukowane zgodnie z surowymi normami jako\u015bci UE<\/p>\n","protected":false},"featured_media":56521,"template":"","meta":{"_acf_changed":false},"product_brand":[10220],"product_cat":[564,569],"product_tag":[],"class_list":{"0":"post-27336","1":"product","2":"type-product","3":"status-publish","4":"has-post-thumbnail","6":"product_brand-vit4ever-pl","7":"product_cat-witaminy","8":"product_cat-produkty-od-a-z","10":"first","11":"instock","12":"taxable","13":"shipping-taxable","14":"purchasable","15":"product-type-simple"},"acf":[],"_links":{"self":[{"href":"https:\/\/vitalstoffversand.com\/pl\/wp-json\/wp\/v2\/product\/27336","targetHints":{"allow":["GET"]}}],"collection":[{"href":"https:\/\/vitalstoffversand.com\/pl\/wp-json\/wp\/v2\/product"}],"about":[{"href":"https:\/\/vitalstoffversand.com\/pl\/wp-json\/wp\/v2\/types\/product"}],"wp:featuredmedia":[{"embeddable":true,"href":"https:\/\/vitalstoffversand.com\/pl\/wp-json\/wp\/v2\/media\/56521"}],"wp:attachment":[{"href":"https:\/\/vitalstoffversand.com\/pl\/wp-json\/wp\/v2\/media?parent=27336"}],"wp:term":[{"taxonomy":"product_brand","embeddable":true,"href":"https:\/\/vitalstoffversand.com\/pl\/wp-json\/wp\/v2\/product_brand?post=27336"},{"taxonomy":"product_cat","embeddable":true,"href":"https:\/\/vitalstoffversand.com\/pl\/wp-json\/wp\/v2\/product_cat?post=27336"},{"taxonomy":"product_tag","embeddable":true,"href":"https:\/\/vitalstoffversand.com\/pl\/wp-json\/wp\/v2\/product_tag?post=27336"}],"curies":[{"name":"wp","href":"https:\/\/api.w.org\/{rel}","templated":true}]}}