{"id":27322,"date":"2025-01-02T18:14:23","date_gmt":"2025-01-02T17:14:23","guid":{"rendered":"https:\/\/vitalstoffversand.com\/produkt\/vit4ever-kolagen-plus-rozne-odmiany-500-g\/"},"modified":"2026-03-11T18:32:12","modified_gmt":"2026-03-11T17:32:12","slug":"vit4ever-kolagen-plus-rozne-odmiany-500-g","status":"publish","type":"product","link":"https:\/\/vitalstoffversand.com\/pl\/produkt-pl\/vit4ever-kolagen-plus-rozne-odmiany-500-g\/","title":{"rendered":"Vit4ever <br>Kolagen Plus &#8211; r\u00f3\u017cne smaki &#8211; 500 g"},"content":{"rendered":"<p>Collagen Plus to doskona\u0142e po\u0142\u0105czenie bioaktywnych peptyd\u00f3w kolagenowych, uzupe\u0142nionych o MSM (metylosulfonylometan), kwas hialuronowy, glukozamin\u0119 i ekstrakt z kadzid\u0142owca.<\/p>\n<p>Jednocze\u015bnie dostarcza Ci <a href=\"https:\/\/vitalstoffversand.com\/knowledge-base\/vitamin-c\/\" target=\"_blank\" rel=\"noopener\"><span style=\"color: #0000ff;\"><strong>\u2192 Witamin\u0119 C<\/strong><\/span><\/a>, <a href=\"https:\/\/vitalstoffversand.com\/knowledge-base\/vitamin-d\/\" target=\"_blank\" rel=\"noopener\"><strong><span style=\"color: #0000ff;\">\u2192 witamin\u0119 D<\/span><\/strong><\/a>, <a href=\"https:\/\/vitalstoffversand.com\/knowledge-base\/calcium\/\" target=\"_blank\" rel=\"noopener\"><strong><span style=\"color: #0000ff;\">\u2192 wap\u0144<\/span><\/strong><\/a> oraz <a href=\"https:\/\/vitalstoffversand.com\/knowledge-base\/mangan\/\" target=\"_blank\" rel=\"noopener\"><span style=\"color: #0000ff;\"><strong>\u2192 mangan<\/strong><\/span><\/a>.<\/p>\n<p>Dzi\u0119ki 3 pysznym smakom ka\u017cdy znajdzie co\u015b dla siebie.<\/p>\n<ul>\n<li>Bez glutenu<\/li>\n<li>Bez laktozy<\/li>\n<li>Bez GMO<\/li>\n<li>Wyprodukowane zgodnie z surowymi normami jako\u015bci UE<\/li>\n<\/ul>\n","protected":false},"excerpt":{"rendered":"<p>Collagen Plus to doskona\u0142e po\u0142\u0105czenie bioaktywnych peptyd\u00f3w kolagenowych, uzupe\u0142nionych o MSM (metylosulfonylometan), kwas hialuronowy, glukozamin\u0119 i ekstrakt z kadzid\u0142owca. Jednocze\u015bnie dostarcza Ci \u2192 Witamin\u0119 C, \u2192 witamin\u0119 D, \u2192 wap\u0144 oraz \u2192 mangan. Dzi\u0119ki 3 pysznym smakom ka\u017cdy znajdzie co\u015b dla siebie. Bez glutenu Bez laktozy Bez GMO Wyprodukowane zgodnie z surowymi normami jako\u015bci UE<\/p>\n","protected":false},"featured_media":56401,"template":"","meta":{"_acf_changed":false},"product_brand":[10220],"product_cat":[557,569],"product_tag":[],"class_list":{"0":"post-27322","1":"product","2":"type-product","3":"status-publish","4":"has-post-thumbnail","6":"product_brand-vit4ever-pl","7":"product_cat-bialka","8":"product_cat-produkty-od-a-z","10":"first","11":"instock","12":"taxable","13":"shipping-taxable","14":"purchasable","15":"product-type-variable"},"acf":[],"_links":{"self":[{"href":"https:\/\/vitalstoffversand.com\/pl\/wp-json\/wp\/v2\/product\/27322","targetHints":{"allow":["GET"]}}],"collection":[{"href":"https:\/\/vitalstoffversand.com\/pl\/wp-json\/wp\/v2\/product"}],"about":[{"href":"https:\/\/vitalstoffversand.com\/pl\/wp-json\/wp\/v2\/types\/product"}],"wp:featuredmedia":[{"embeddable":true,"href":"https:\/\/vitalstoffversand.com\/pl\/wp-json\/wp\/v2\/media\/56401"}],"wp:attachment":[{"href":"https:\/\/vitalstoffversand.com\/pl\/wp-json\/wp\/v2\/media?parent=27322"}],"wp:term":[{"taxonomy":"product_brand","embeddable":true,"href":"https:\/\/vitalstoffversand.com\/pl\/wp-json\/wp\/v2\/product_brand?post=27322"},{"taxonomy":"product_cat","embeddable":true,"href":"https:\/\/vitalstoffversand.com\/pl\/wp-json\/wp\/v2\/product_cat?post=27322"},{"taxonomy":"product_tag","embeddable":true,"href":"https:\/\/vitalstoffversand.com\/pl\/wp-json\/wp\/v2\/product_tag?post=27322"}],"curies":[{"name":"wp","href":"https:\/\/api.w.org\/{rel}","templated":true}]}}