{"id":27321,"date":"2024-12-16T16:00:54","date_gmt":"2024-12-16T15:00:54","guid":{"rendered":"https:\/\/vitalstoffversand.com\/produkt\/vit4ever-kolagen-morski-rybi-300-tabletek\/"},"modified":"2026-03-16T15:47:07","modified_gmt":"2026-03-16T14:47:07","slug":"vit4ever-kolagen-morski-rybi-300-tabletek","status":"publish","type":"product","link":"https:\/\/vitalstoffversand.com\/pl\/produkt-pl\/vit4ever-kolagen-morski-rybi-300-tabletek\/","title":{"rendered":"Vit4ever <br>Kolagen morski (rybi) &#8211; 300 tabletek"},"content":{"rendered":"<p>Peptydy kolagenowe (hydrolizat) z ryb dostarczaj\u0105 kolagenu typu I i maj\u0105 doskona\u0142\u0105 biodost\u0119pno\u015b\u0107 i skuteczno\u015b\u0107.<\/p>\n<p>Wspomaga sk\u00f3r\u0119, w\u0142osy, stawy, chrz\u0105stki i tkank\u0119 \u0142\u0105czn\u0105.<\/p>\n<ul>\n<li>Bez glutenu<\/li>\n<li>Bez laktozy<\/li>\n<li>Bez GMO<\/li>\n<li>Wyprodukowane zgodnie z surowymi normami jako\u015bci UE<\/li>\n<\/ul>\n","protected":false},"excerpt":{"rendered":"<p>Peptydy kolagenowe (hydrolizat) z ryb dostarczaj\u0105 kolagenu typu I i maj\u0105 doskona\u0142\u0105 biodost\u0119pno\u015b\u0107 i skuteczno\u015b\u0107. Wspomaga sk\u00f3r\u0119, w\u0142osy, stawy, chrz\u0105stki i tkank\u0119 \u0142\u0105czn\u0105. Bez glutenu Bez laktozy Bez GMO Wyprodukowane zgodnie z surowymi normami jako\u015bci UE<\/p>\n","protected":false},"featured_media":56361,"template":"","meta":{"_acf_changed":false},"product_brand":[10220],"product_cat":[557,569],"product_tag":[],"class_list":{"0":"post-27321","1":"product","2":"type-product","3":"status-publish","4":"has-post-thumbnail","6":"product_brand-vit4ever-pl","7":"product_cat-bialka","8":"product_cat-produkty-od-a-z","10":"first","11":"instock","12":"taxable","13":"shipping-taxable","14":"purchasable","15":"product-type-simple"},"acf":[],"_links":{"self":[{"href":"https:\/\/vitalstoffversand.com\/pl\/wp-json\/wp\/v2\/product\/27321","targetHints":{"allow":["GET"]}}],"collection":[{"href":"https:\/\/vitalstoffversand.com\/pl\/wp-json\/wp\/v2\/product"}],"about":[{"href":"https:\/\/vitalstoffversand.com\/pl\/wp-json\/wp\/v2\/types\/product"}],"wp:featuredmedia":[{"embeddable":true,"href":"https:\/\/vitalstoffversand.com\/pl\/wp-json\/wp\/v2\/media\/56361"}],"wp:attachment":[{"href":"https:\/\/vitalstoffversand.com\/pl\/wp-json\/wp\/v2\/media?parent=27321"}],"wp:term":[{"taxonomy":"product_brand","embeddable":true,"href":"https:\/\/vitalstoffversand.com\/pl\/wp-json\/wp\/v2\/product_brand?post=27321"},{"taxonomy":"product_cat","embeddable":true,"href":"https:\/\/vitalstoffversand.com\/pl\/wp-json\/wp\/v2\/product_cat?post=27321"},{"taxonomy":"product_tag","embeddable":true,"href":"https:\/\/vitalstoffversand.com\/pl\/wp-json\/wp\/v2\/product_tag?post=27321"}],"curies":[{"name":"wp","href":"https:\/\/api.w.org\/{rel}","templated":true}]}}