{"id":27316,"date":"2024-12-16T15:48:19","date_gmt":"2024-12-16T14:48:19","guid":{"rendered":"https:\/\/vitalstoffversand.com\/produkt\/vit4ever-opc-witamina-c-365-kapsulek\/"},"modified":"2026-03-16T15:44:48","modified_gmt":"2026-03-16T14:44:48","slug":"vit4ever-opc-witamina-c-365-kapsulek","status":"publish","type":"product","link":"https:\/\/vitalstoffversand.com\/pl\/produkt-pl\/vit4ever-opc-witamina-c-365-kapsulek\/","title":{"rendered":"Vit4ever <br>OPC + Witamina C &#8211; 365 kapsu\u0142ek"},"content":{"rendered":"<p>OPC + witamina C to po\u0142\u0105czenie ekstraktu z pestek winogron, kt\u00f3ry dostarcza oligomerycznych proantocyjanidyn oraz <a href=\"https:\/\/vitalstoffversand.com\/knowledge-base\/vitamin-c\/\" target=\"_blank\" rel=\"noopener\"><span style=\"color: #0000ff;\"><strong>\u2192 witaminy C<\/strong><\/span><\/a> z ekstraktu z dzikiej r\u00f3\u017cy.<\/p>\n<p>OPC nale\u017cy do flawonoid\u00f3w, czyli wt\u00f3rnych substancji ro\u015blinnych i ma w\u0142a\u015bciwo\u015bci przeciwutleniaj\u0105ce.<\/p>\n<p>Witamina C optymalizuje produkt i jednocze\u015bnie wzmacnia nasz uk\u0142ad odporno\u015bciowy.<\/p>\n<ul>\n<li>Wegan<\/li>\n<li>Bez glutenu<\/li>\n<li>Bez laktozy<\/li>\n<li>Bez GMO<\/li>\n<li>Wyprodukowane zgodnie z surowymi normami jako\u015bci UE<\/li>\n<\/ul>\n","protected":false},"excerpt":{"rendered":"<p>OPC + witamina C to po\u0142\u0105czenie ekstraktu z pestek winogron, kt\u00f3ry dostarcza oligomerycznych proantocyjanidyn oraz \u2192 witaminy C z ekstraktu z dzikiej r\u00f3\u017cy. OPC nale\u017cy do flawonoid\u00f3w, czyli wt\u00f3rnych substancji ro\u015blinnych i ma w\u0142a\u015bciwo\u015bci przeciwutleniaj\u0105ce. Witamina C optymalizuje produkt i jednocze\u015bnie wzmacnia nasz uk\u0142ad odporno\u015bciowy. Wegan Bez glutenu Bez laktozy Bez GMO Wyprodukowane zgodnie z [&hellip;]<\/p>\n","protected":false},"featured_media":56321,"template":"","meta":{"_acf_changed":false},"product_brand":[10220],"product_cat":[560,569],"product_tag":[],"class_list":{"0":"post-27316","1":"product","2":"type-product","3":"status-publish","4":"has-post-thumbnail","6":"product_brand-vit4ever-pl","7":"product_cat-skladniki-odzywcze","8":"product_cat-produkty-od-a-z","10":"first","11":"instock","12":"taxable","13":"shipping-taxable","14":"purchasable","15":"product-type-simple"},"acf":[],"_links":{"self":[{"href":"https:\/\/vitalstoffversand.com\/pl\/wp-json\/wp\/v2\/product\/27316","targetHints":{"allow":["GET"]}}],"collection":[{"href":"https:\/\/vitalstoffversand.com\/pl\/wp-json\/wp\/v2\/product"}],"about":[{"href":"https:\/\/vitalstoffversand.com\/pl\/wp-json\/wp\/v2\/types\/product"}],"wp:featuredmedia":[{"embeddable":true,"href":"https:\/\/vitalstoffversand.com\/pl\/wp-json\/wp\/v2\/media\/56321"}],"wp:attachment":[{"href":"https:\/\/vitalstoffversand.com\/pl\/wp-json\/wp\/v2\/media?parent=27316"}],"wp:term":[{"taxonomy":"product_brand","embeddable":true,"href":"https:\/\/vitalstoffversand.com\/pl\/wp-json\/wp\/v2\/product_brand?post=27316"},{"taxonomy":"product_cat","embeddable":true,"href":"https:\/\/vitalstoffversand.com\/pl\/wp-json\/wp\/v2\/product_cat?post=27316"},{"taxonomy":"product_tag","embeddable":true,"href":"https:\/\/vitalstoffversand.com\/pl\/wp-json\/wp\/v2\/product_tag?post=27316"}],"curies":[{"name":"wp","href":"https:\/\/api.w.org\/{rel}","templated":true}]}}