{"id":27315,"date":"2025-01-06T12:58:09","date_gmt":"2025-01-06T11:58:09","guid":{"rendered":"https:\/\/vitalstoffversand.com\/produkt\/vit4ever-witamina-b1-365-tabletek\/"},"modified":"2026-03-16T15:38:19","modified_gmt":"2026-03-16T14:38:19","slug":"vit4ever-witamina-b1-365-tabletek","status":"publish","type":"product","link":"https:\/\/vitalstoffversand.com\/pl\/produkt-pl\/vit4ever-witamina-b1-365-tabletek\/","title":{"rendered":"Vit4ever <br>Witamina B1 &#8211; 365 tabletek"},"content":{"rendered":"<p><a href=\"https:\/\/vitalstoffversand.com\/knowledge-base\/vitamin-b1-thiamin\/\" target=\"_blank\" rel=\"noopener\"><strong><span style=\"color: #0000ff;\">\u2192 Witamina B1<\/span><\/strong><\/a> jest r\u00f3wnie\u017c znana jako tiamina i jest rozpuszczaln\u0105 w wodzie witamin\u0105, kt\u00f3ra odgrywa wa\u017cn\u0105 rol\u0119 w metabolizmie energetycznym, uk\u0142adzie nerwowym, pracy serca i psychice.<\/p>\n<ul>\n<li>Wegan<\/li>\n<li>Bez glutenu<\/li>\n<li>Bez laktozy<\/li>\n<li>Bez GMO<\/li>\n<li>Wyprodukowane zgodnie z surowymi normami jako\u015bci UE<\/li>\n<\/ul>\n","protected":false},"excerpt":{"rendered":"<p>\u2192 Witamina B1 jest r\u00f3wnie\u017c znana jako tiamina i jest rozpuszczaln\u0105 w wodzie witamin\u0105, kt\u00f3ra odgrywa wa\u017cn\u0105 rol\u0119 w metabolizmie energetycznym, uk\u0142adzie nerwowym, pracy serca i psychice. Wegan Bez glutenu Bez laktozy Bez GMO Wyprodukowane zgodnie z surowymi normami jako\u015bci UE<\/p>\n","protected":false},"featured_media":56145,"template":"","meta":{"_acf_changed":false},"product_brand":[10220],"product_cat":[564,569],"product_tag":[],"class_list":{"0":"post-27315","1":"product","2":"type-product","3":"status-publish","4":"has-post-thumbnail","6":"product_brand-vit4ever-pl","7":"product_cat-witaminy","8":"product_cat-produkty-od-a-z","10":"first","11":"instock","12":"taxable","13":"shipping-taxable","14":"purchasable","15":"product-type-simple"},"acf":[],"_links":{"self":[{"href":"https:\/\/vitalstoffversand.com\/pl\/wp-json\/wp\/v2\/product\/27315","targetHints":{"allow":["GET"]}}],"collection":[{"href":"https:\/\/vitalstoffversand.com\/pl\/wp-json\/wp\/v2\/product"}],"about":[{"href":"https:\/\/vitalstoffversand.com\/pl\/wp-json\/wp\/v2\/types\/product"}],"wp:featuredmedia":[{"embeddable":true,"href":"https:\/\/vitalstoffversand.com\/pl\/wp-json\/wp\/v2\/media\/56145"}],"wp:attachment":[{"href":"https:\/\/vitalstoffversand.com\/pl\/wp-json\/wp\/v2\/media?parent=27315"}],"wp:term":[{"taxonomy":"product_brand","embeddable":true,"href":"https:\/\/vitalstoffversand.com\/pl\/wp-json\/wp\/v2\/product_brand?post=27315"},{"taxonomy":"product_cat","embeddable":true,"href":"https:\/\/vitalstoffversand.com\/pl\/wp-json\/wp\/v2\/product_cat?post=27315"},{"taxonomy":"product_tag","embeddable":true,"href":"https:\/\/vitalstoffversand.com\/pl\/wp-json\/wp\/v2\/product_tag?post=27315"}],"curies":[{"name":"wp","href":"https:\/\/api.w.org\/{rel}","templated":true}]}}