{"id":27301,"date":"2024-12-16T14:03:41","date_gmt":"2024-12-16T13:03:41","guid":{"rendered":"https:\/\/vitalstoffversand.com\/produkt\/vit4ever-zinc-complex-365-tabletek-rozne-warianty\/"},"modified":"2026-03-16T15:19:22","modified_gmt":"2026-03-16T14:19:22","slug":"vit4ever-zinc-complex-365-tabletek-rozne-warianty","status":"publish","type":"product","link":"https:\/\/vitalstoffversand.com\/pl\/produkt-pl\/vit4ever-zinc-complex-365-tabletek-rozne-warianty\/","title":{"rendered":"Vit4ever <br>Kompleks cynku 15 mg \u2013 365 tabletek"},"content":{"rendered":"<p><a href=\"https:\/\/vitalstoffversand.com\/knowledge-base\/zink\/\" target=\"_blank\" rel=\"noopener\"><span style=\"color: #0000ff;\"><strong>\u2192 Cynk<\/strong><\/span><\/a> jest pierwiastkiem \u015bladowym i niezwykle wa\u017cnym dla naszego organizmu.<\/p>\n<p>Kompleks cynku \u0142\u0105czy w sobie bisglicynian cynku, glukonian cynku i cytrynian cynku \u2013 trzy r\u00f3\u017cne \u017ar\u00f3d\u0142a cynku \u2013 i w tym produkcie zawiera 15 mg cynku.<br \/>\nAlternatywnie dost\u0119pna jest r\u00f3wnie\u017c wersja zawieraj\u0105ca <span style=\"color: #0000ff;\"><a href=\"https:\/\/vitalstoffversand.com\/produkt\/vit4ever-zink-komplex-25-mg-400-tabletten\/\">25 mg cynku<\/a><\/span>, w po\u0142\u0105czeniu z bisglicynianem cynku, glukonianem cynku i cytrynianem cynku \u2013 trzy r\u00f3\u017cne \u017ar\u00f3d\u0142a cynku.<\/p>\n<p>Cynk jest budulcem ponad 50 enzym\u00f3w w naszym organizmie, a tak\u017ce odgrywa wa\u017cn\u0105 rol\u0119 w wielu procesach metabolicznych.<\/p>\n<p>Wzmacnia r\u00f3wnie\u017c nasz uk\u0142ad odporno\u015bciowy, wspomaga syntez\u0119 bia\u0142ek i mo\u017ce zwi\u0119kszy\u0107 produkcj\u0119 spermy u m\u0119\u017cczyzn.<\/p>\n<ul>\n<li>Wegan<\/li>\n<li>Bez glutenu<\/li>\n<li>Bez laktozy<\/li>\n<li>Bez GMO<\/li>\n<li>Wyprodukowane zgodnie z surowymi normami jako\u015bci UE<\/li>\n<\/ul>\n","protected":false},"excerpt":{"rendered":"<p>\u2192 Cynk jest pierwiastkiem \u015bladowym i niezwykle wa\u017cnym dla naszego organizmu. Kompleks cynku \u0142\u0105czy w sobie bisglicynian cynku, glukonian cynku i cytrynian cynku \u2013 trzy r\u00f3\u017cne \u017ar\u00f3d\u0142a cynku \u2013 i w tym produkcie zawiera 15 mg cynku. Alternatywnie dost\u0119pna jest r\u00f3wnie\u017c wersja zawieraj\u0105ca 25 mg cynku, w po\u0142\u0105czeniu z bisglicynianem cynku, glukonianem cynku i cytrynianem [&hellip;]<\/p>\n","protected":false},"featured_media":56025,"template":"","meta":{"_acf_changed":false},"product_brand":[10220],"product_cat":[556,569],"product_tag":[],"class_list":{"0":"post-27301","1":"product","2":"type-product","3":"status-publish","4":"has-post-thumbnail","6":"product_brand-vit4ever-pl","7":"product_cat-mineraly-i-pierwiastki-sladowe","8":"product_cat-produkty-od-a-z","10":"first","11":"instock","12":"taxable","13":"shipping-taxable","14":"purchasable","15":"product-type-simple"},"acf":[],"_links":{"self":[{"href":"https:\/\/vitalstoffversand.com\/pl\/wp-json\/wp\/v2\/product\/27301","targetHints":{"allow":["GET"]}}],"collection":[{"href":"https:\/\/vitalstoffversand.com\/pl\/wp-json\/wp\/v2\/product"}],"about":[{"href":"https:\/\/vitalstoffversand.com\/pl\/wp-json\/wp\/v2\/types\/product"}],"wp:featuredmedia":[{"embeddable":true,"href":"https:\/\/vitalstoffversand.com\/pl\/wp-json\/wp\/v2\/media\/56025"}],"wp:attachment":[{"href":"https:\/\/vitalstoffversand.com\/pl\/wp-json\/wp\/v2\/media?parent=27301"}],"wp:term":[{"taxonomy":"product_brand","embeddable":true,"href":"https:\/\/vitalstoffversand.com\/pl\/wp-json\/wp\/v2\/product_brand?post=27301"},{"taxonomy":"product_cat","embeddable":true,"href":"https:\/\/vitalstoffversand.com\/pl\/wp-json\/wp\/v2\/product_cat?post=27301"},{"taxonomy":"product_tag","embeddable":true,"href":"https:\/\/vitalstoffversand.com\/pl\/wp-json\/wp\/v2\/product_tag?post=27301"}],"curies":[{"name":"wp","href":"https:\/\/api.w.org\/{rel}","templated":true}]}}