{"id":27239,"date":"2024-11-11T18:21:04","date_gmt":"2024-11-11T17:21:04","guid":{"rendered":"https:\/\/vitalstoffversand.com\/produkt\/vit4ever-elektrolit-w-proszku-200-g-rozne-warianty\/"},"modified":"2026-03-16T13:48:45","modified_gmt":"2026-03-16T12:48:45","slug":"vit4ever-elektrolit-w-proszku-200-g-rozne-warianty","status":"publish","type":"product","link":"https:\/\/vitalstoffversand.com\/pl\/produkt-pl\/vit4ever-elektrolit-w-proszku-200-g-rozne-warianty\/","title":{"rendered":"Vit4ever <br>Elektrolity w proszku \u2013 200 g \u2013 r\u00f3\u017cne smaki"},"content":{"rendered":"<p>Elektrolitowy preparat nawadniaj\u0105cy w proszku to smaczny i skuteczny spos\u00f3b dla sportowc\u00f3w, mi\u0142o\u015bnik\u00f3w fitnessu, a tak\u017ce wszystkich innych os\u00f3b, na optymalizacj\u0119 gospodarki wodnej organizmu i zapobieganie odwodnieniu.<\/p>\n<p>Produkt jest r\u00f3wnie\u017c dost\u0119pny w wi\u0119kszym opakowaniu o wadze 400 gram\u00f3w.<\/p>\n<ul>\n<li>Wegan<\/li>\n<li>Bez glutenu<\/li>\n<li>Bez laktozy<\/li>\n<li>Bez cukru<\/li>\n<li>Bez GMO<\/li>\n<li>Wyprodukowane zgodnie z surowymi normami jako\u015bci UE<\/li>\n<\/ul>\n","protected":false},"excerpt":{"rendered":"<p>Elektrolitowy preparat nawadniaj\u0105cy w proszku to smaczny i skuteczny spos\u00f3b dla sportowc\u00f3w, mi\u0142o\u015bnik\u00f3w fitnessu, a tak\u017ce wszystkich innych os\u00f3b, na optymalizacj\u0119 gospodarki wodnej organizmu i zapobieganie odwodnieniu. Produkt jest r\u00f3wnie\u017c dost\u0119pny w wi\u0119kszym opakowaniu o wadze 400 gram\u00f3w. Wegan Bez glutenu Bez laktozy Bez cukru Bez GMO Wyprodukowane zgodnie z surowymi normami jako\u015bci UE<\/p>\n","protected":false},"featured_media":55537,"template":"","meta":{"_acf_changed":false},"product_brand":[10220],"product_cat":[556,569],"product_tag":[],"class_list":{"0":"post-27239","1":"product","2":"type-product","3":"status-publish","4":"has-post-thumbnail","6":"product_brand-vit4ever-pl","7":"product_cat-mineraly-i-pierwiastki-sladowe","8":"product_cat-produkty-od-a-z","10":"first","11":"instock","12":"taxable","13":"shipping-taxable","14":"purchasable","15":"product-type-variable"},"acf":[],"_links":{"self":[{"href":"https:\/\/vitalstoffversand.com\/pl\/wp-json\/wp\/v2\/product\/27239","targetHints":{"allow":["GET"]}}],"collection":[{"href":"https:\/\/vitalstoffversand.com\/pl\/wp-json\/wp\/v2\/product"}],"about":[{"href":"https:\/\/vitalstoffversand.com\/pl\/wp-json\/wp\/v2\/types\/product"}],"wp:featuredmedia":[{"embeddable":true,"href":"https:\/\/vitalstoffversand.com\/pl\/wp-json\/wp\/v2\/media\/55537"}],"wp:attachment":[{"href":"https:\/\/vitalstoffversand.com\/pl\/wp-json\/wp\/v2\/media?parent=27239"}],"wp:term":[{"taxonomy":"product_brand","embeddable":true,"href":"https:\/\/vitalstoffversand.com\/pl\/wp-json\/wp\/v2\/product_brand?post=27239"},{"taxonomy":"product_cat","embeddable":true,"href":"https:\/\/vitalstoffversand.com\/pl\/wp-json\/wp\/v2\/product_cat?post=27239"},{"taxonomy":"product_tag","embeddable":true,"href":"https:\/\/vitalstoffversand.com\/pl\/wp-json\/wp\/v2\/product_tag?post=27239"}],"curies":[{"name":"wp","href":"https:\/\/api.w.org\/{rel}","templated":true}]}}