{"id":27226,"date":"2024-11-11T18:16:08","date_gmt":"2024-11-11T17:16:08","guid":{"rendered":"https:\/\/vitalstoffversand.com\/produkt\/vit4ever-tauryna-240-kapsulek\/"},"modified":"2026-03-16T12:52:24","modified_gmt":"2026-03-16T11:52:24","slug":"vit4ever-tauryna-240-kapsulek","status":"publish","type":"product","link":"https:\/\/vitalstoffversand.com\/pl\/produkt-pl\/vit4ever-tauryna-240-kapsulek\/","title":{"rendered":"Vit4ever <br>Tauryna &#8211; 240 kapsu\u0142ek"},"content":{"rendered":"<p>Tauryna odgrywa wa\u017cn\u0105 rol\u0119 w organizmie cz\u0142owieka dla zdrowia uk\u0142adu sercowo-naczyniowego, funkcji m\u00f3zgu, skurczu mi\u0119\u015bni i ochrony antyoksydacyjnej, ale wyst\u0119puje g\u0142\u00f3wnie w \u017cywno\u015bci pochodzenia zwierz\u0119cego.<\/p>\n<p>Wyst\u0119puje w wysokich st\u0119\u017ceniach w m\u00f3zgu, siatk\u00f3wce, mi\u0119\u015bniu sercowym i p\u0142ytkach krwi.<\/p>\n<p>Wiele os\u00f3b zna r\u00f3wnie\u017c tauryn\u0119 jako dodatek do napoj\u00f3w energetycznych.<\/p>\n<ul>\n<li>Wegan<\/li>\n<li>Bez glutenu<\/li>\n<li>Bez laktozy<\/li>\n<li>Bez GMO<\/li>\n<li>Wyprodukowane zgodnie z surowymi normami jako\u015bci UE<\/li>\n<\/ul>\n","protected":false},"excerpt":{"rendered":"<p>Tauryna odgrywa wa\u017cn\u0105 rol\u0119 w organizmie cz\u0142owieka dla zdrowia uk\u0142adu sercowo-naczyniowego, funkcji m\u00f3zgu, skurczu mi\u0119\u015bni i ochrony antyoksydacyjnej, ale wyst\u0119puje g\u0142\u00f3wnie w \u017cywno\u015bci pochodzenia zwierz\u0119cego. Wyst\u0119puje w wysokich st\u0119\u017ceniach w m\u00f3zgu, siatk\u00f3wce, mi\u0119\u015bniu sercowym i p\u0142ytkach krwi. Wiele os\u00f3b zna r\u00f3wnie\u017c tauryn\u0119 jako dodatek do napoj\u00f3w energetycznych. Wegan Bez glutenu Bez laktozy Bez GMO Wyprodukowane [&hellip;]<\/p>\n","protected":false},"featured_media":55417,"template":"","meta":{"_acf_changed":false},"product_brand":[10220],"product_cat":[560,569],"product_tag":[],"class_list":{"0":"post-27226","1":"product","2":"type-product","3":"status-publish","4":"has-post-thumbnail","6":"product_brand-vit4ever-pl","7":"product_cat-skladniki-odzywcze","8":"product_cat-produkty-od-a-z","10":"first","11":"outofstock","12":"taxable","13":"shipping-taxable","14":"purchasable","15":"product-type-simple"},"acf":[],"_links":{"self":[{"href":"https:\/\/vitalstoffversand.com\/pl\/wp-json\/wp\/v2\/product\/27226","targetHints":{"allow":["GET"]}}],"collection":[{"href":"https:\/\/vitalstoffversand.com\/pl\/wp-json\/wp\/v2\/product"}],"about":[{"href":"https:\/\/vitalstoffversand.com\/pl\/wp-json\/wp\/v2\/types\/product"}],"wp:featuredmedia":[{"embeddable":true,"href":"https:\/\/vitalstoffversand.com\/pl\/wp-json\/wp\/v2\/media\/55417"}],"wp:attachment":[{"href":"https:\/\/vitalstoffversand.com\/pl\/wp-json\/wp\/v2\/media?parent=27226"}],"wp:term":[{"taxonomy":"product_brand","embeddable":true,"href":"https:\/\/vitalstoffversand.com\/pl\/wp-json\/wp\/v2\/product_brand?post=27226"},{"taxonomy":"product_cat","embeddable":true,"href":"https:\/\/vitalstoffversand.com\/pl\/wp-json\/wp\/v2\/product_cat?post=27226"},{"taxonomy":"product_tag","embeddable":true,"href":"https:\/\/vitalstoffversand.com\/pl\/wp-json\/wp\/v2\/product_tag?post=27226"}],"curies":[{"name":"wp","href":"https:\/\/api.w.org\/{rel}","templated":true}]}}