{"id":27225,"date":"2024-11-11T18:14:24","date_gmt":"2024-11-11T17:14:24","guid":{"rendered":"https:\/\/vitalstoffversand.com\/produkt\/vit4ever-glicyna-365-kapsulek\/"},"modified":"2026-03-16T12:50:22","modified_gmt":"2026-03-16T11:50:22","slug":"vit4ever-glicyna-365-kapsulek","status":"publish","type":"product","link":"https:\/\/vitalstoffversand.com\/pl\/produkt-pl\/vit4ever-glicyna-365-kapsulek\/","title":{"rendered":"Vit4ever <br>Glicyna &#8211; 365 kapsu\u0142ek"},"content":{"rendered":"<p>Jako aminokwas nieistotny, proteinogenny, glicyna odgrywa rol\u0119 w wielu procesach biologicznych.<\/p>\n<p>Jest ona budulcem wa\u017cnych cz\u0105steczek i mo\u017ce by\u0107 warta rozwa\u017cenia jako suplement, szczeg\u00f3lnie dla wegan lub wegetarian, poniewa\u017c wyst\u0119puje g\u0142\u00f3wnie w produktach pochodzenia zwierz\u0119cego.<\/p>\n<ul>\n<li>Wegan<\/li>\n<li>Bez glutenu<\/li>\n<li>Bez laktozy<\/li>\n<li>Bez GMO<\/li>\n<li>Wyprodukowane zgodnie z surowymi normami jako\u015bci UE<\/li>\n<\/ul>\n","protected":false},"excerpt":{"rendered":"<p>Jako aminokwas nieistotny, proteinogenny, glicyna odgrywa rol\u0119 w wielu procesach biologicznych. Jest ona budulcem wa\u017cnych cz\u0105steczek i mo\u017ce by\u0107 warta rozwa\u017cenia jako suplement, szczeg\u00f3lnie dla wegan lub wegetarian, poniewa\u017c wyst\u0119puje g\u0142\u00f3wnie w produktach pochodzenia zwierz\u0119cego. Wegan Bez glutenu Bez laktozy Bez GMO Wyprodukowane zgodnie z surowymi normami jako\u015bci UE<\/p>\n","protected":false},"featured_media":55377,"template":"","meta":{"_acf_changed":false},"product_brand":[10220],"product_cat":[552,569],"product_tag":[],"class_list":{"0":"post-27225","1":"product","2":"type-product","3":"status-publish","4":"has-post-thumbnail","6":"product_brand-vit4ever-pl","7":"product_cat-aminokwasy","8":"product_cat-produkty-od-a-z","10":"first","11":"instock","12":"taxable","13":"shipping-taxable","14":"purchasable","15":"product-type-simple"},"acf":[],"_links":{"self":[{"href":"https:\/\/vitalstoffversand.com\/pl\/wp-json\/wp\/v2\/product\/27225","targetHints":{"allow":["GET"]}}],"collection":[{"href":"https:\/\/vitalstoffversand.com\/pl\/wp-json\/wp\/v2\/product"}],"about":[{"href":"https:\/\/vitalstoffversand.com\/pl\/wp-json\/wp\/v2\/types\/product"}],"wp:featuredmedia":[{"embeddable":true,"href":"https:\/\/vitalstoffversand.com\/pl\/wp-json\/wp\/v2\/media\/55377"}],"wp:attachment":[{"href":"https:\/\/vitalstoffversand.com\/pl\/wp-json\/wp\/v2\/media?parent=27225"}],"wp:term":[{"taxonomy":"product_brand","embeddable":true,"href":"https:\/\/vitalstoffversand.com\/pl\/wp-json\/wp\/v2\/product_brand?post=27225"},{"taxonomy":"product_cat","embeddable":true,"href":"https:\/\/vitalstoffversand.com\/pl\/wp-json\/wp\/v2\/product_cat?post=27225"},{"taxonomy":"product_tag","embeddable":true,"href":"https:\/\/vitalstoffversand.com\/pl\/wp-json\/wp\/v2\/product_tag?post=27225"}],"curies":[{"name":"wp","href":"https:\/\/api.w.org\/{rel}","templated":true}]}}