{"id":27219,"date":"2025-04-07T12:15:41","date_gmt":"2025-04-07T10:15:41","guid":{"rendered":"https:\/\/vitalstoffversand.com\/produkt\/vit4ever-jod-365-tabletek\/"},"modified":"2026-03-16T12:39:28","modified_gmt":"2026-03-16T11:39:28","slug":"vit4ever-jod-365-tabletek","status":"publish","type":"product","link":"https:\/\/vitalstoffversand.com\/pl\/produkt-pl\/vit4ever-jod-365-tabletek\/","title":{"rendered":"Vit4ever <br>Jod &#8211; 365 tabletek"},"content":{"rendered":"<p><a href=\"https:\/\/vitalstoffversand.com\/knowledge-base\/jod\/\" target=\"_blank\" rel=\"noopener\"><strong><span style=\"color: #0000ff;\">\u2192 Jod<\/span><\/strong><\/a> jest wa\u017cnym pierwiastkiem \u015bladowym dla wielu proces\u00f3w zachodz\u0105cych w organizmie, a suplementacja mo\u017ce by\u0107 szczeg\u00f3lnie przydatna dla os\u00f3b z diet\u0105 ubog\u0105 w jod.<\/p>\n<p>Kobiety w ci\u0105\u017cy i matki karmi\u0105ce piersi\u0105 r\u00f3wnie\u017c maj\u0105 zwi\u0119kszone zapotrzebowanie na jod.<\/p>\n<ul>\n<li>Wegan<\/li>\n<li>Bez glutenu<\/li>\n<li>Bez laktozy<\/li>\n<li>Bez GMO<\/li>\n<li>Wyprodukowane zgodnie z surowymi normami jako\u015bci UE<\/li>\n<\/ul>\n","protected":false},"excerpt":{"rendered":"<p>\u2192 Jod jest wa\u017cnym pierwiastkiem \u015bladowym dla wielu proces\u00f3w zachodz\u0105cych w organizmie, a suplementacja mo\u017ce by\u0107 szczeg\u00f3lnie przydatna dla os\u00f3b z diet\u0105 ubog\u0105 w jod. Kobiety w ci\u0105\u017cy i matki karmi\u0105ce piersi\u0105 r\u00f3wnie\u017c maj\u0105 zwi\u0119kszone zapotrzebowanie na jod. Wegan Bez glutenu Bez laktozy Bez GMO Wyprodukowane zgodnie z surowymi normami jako\u015bci UE<\/p>\n","protected":false},"featured_media":55297,"template":"","meta":{"_acf_changed":false},"product_brand":[10220],"product_cat":[556,569],"product_tag":[],"class_list":{"0":"post-27219","1":"product","2":"type-product","3":"status-publish","4":"has-post-thumbnail","6":"product_brand-vit4ever-pl","7":"product_cat-mineraly-i-pierwiastki-sladowe","8":"product_cat-produkty-od-a-z","10":"first","11":"instock","12":"taxable","13":"shipping-taxable","14":"purchasable","15":"product-type-simple"},"acf":[],"_links":{"self":[{"href":"https:\/\/vitalstoffversand.com\/pl\/wp-json\/wp\/v2\/product\/27219","targetHints":{"allow":["GET"]}}],"collection":[{"href":"https:\/\/vitalstoffversand.com\/pl\/wp-json\/wp\/v2\/product"}],"about":[{"href":"https:\/\/vitalstoffversand.com\/pl\/wp-json\/wp\/v2\/types\/product"}],"wp:featuredmedia":[{"embeddable":true,"href":"https:\/\/vitalstoffversand.com\/pl\/wp-json\/wp\/v2\/media\/55297"}],"wp:attachment":[{"href":"https:\/\/vitalstoffversand.com\/pl\/wp-json\/wp\/v2\/media?parent=27219"}],"wp:term":[{"taxonomy":"product_brand","embeddable":true,"href":"https:\/\/vitalstoffversand.com\/pl\/wp-json\/wp\/v2\/product_brand?post=27219"},{"taxonomy":"product_cat","embeddable":true,"href":"https:\/\/vitalstoffversand.com\/pl\/wp-json\/wp\/v2\/product_cat?post=27219"},{"taxonomy":"product_tag","embeddable":true,"href":"https:\/\/vitalstoffversand.com\/pl\/wp-json\/wp\/v2\/product_tag?post=27219"}],"curies":[{"name":"wp","href":"https:\/\/api.w.org\/{rel}","templated":true}]}}