{"id":27212,"date":"2024-11-11T17:58:34","date_gmt":"2024-11-11T16:58:34","guid":{"rendered":"https:\/\/vitalstoffversand.com\/produkt\/vit4ever-rhodiola-rosea-120-kapsulek\/"},"modified":"2026-03-16T12:30:14","modified_gmt":"2026-03-16T11:30:14","slug":"vit4ever-rhodiola-rosea-120-kapsulek","status":"publish","type":"product","link":"https:\/\/vitalstoffversand.com\/pl\/produkt-pl\/vit4ever-rhodiola-rosea-120-kapsulek\/","title":{"rendered":"Vit4ever <br>Rhodiola Rosea &#8211; 120 kapsu\u0142ek"},"content":{"rendered":"<p>Rhodiola Rosea, znana r\u00f3wnie\u017c jako korze\u0144 r\u00f3\u017cy w Niemczech, ma w\u0142a\u015bciwo\u015bci adaptogenne.<\/p>\n<p>Opr\u00f3cz rozawiny, ro\u015blina zawiera r\u00f3wnie\u017c salidrozyd i jest stosowana w medycynie tradycyjnej do wspomagania organizmu w sytuacjach stresowych, jasno\u015bci umys\u0142u i og\u00f3lnej wytrzyma\u0142o\u015bci.<\/p>\n<ul>\n<li>Wegan<\/li>\n<li>Bez glutenu<\/li>\n<li>Bez laktozy<\/li>\n<li>Bez GMO<\/li>\n<li>Wyprodukowane zgodnie z surowymi normami jako\u015bci UE<\/li>\n<\/ul>\n","protected":false},"excerpt":{"rendered":"<p>Rhodiola Rosea, znana r\u00f3wnie\u017c jako korze\u0144 r\u00f3\u017cy w Niemczech, ma w\u0142a\u015bciwo\u015bci adaptogenne. Opr\u00f3cz rozawiny, ro\u015blina zawiera r\u00f3wnie\u017c salidrozyd i jest stosowana w medycynie tradycyjnej do wspomagania organizmu w sytuacjach stresowych, jasno\u015bci umys\u0142u i og\u00f3lnej wytrzyma\u0142o\u015bci. Wegan Bez glutenu Bez laktozy Bez GMO Wyprodukowane zgodnie z surowymi normami jako\u015bci UE<\/p>\n","protected":false},"featured_media":55129,"template":"","meta":{"_acf_changed":false},"product_brand":[10220],"product_cat":[560,569],"product_tag":[],"class_list":{"0":"post-27212","1":"product","2":"type-product","3":"status-publish","4":"has-post-thumbnail","6":"product_brand-vit4ever-pl","7":"product_cat-skladniki-odzywcze","8":"product_cat-produkty-od-a-z","10":"first","11":"instock","12":"taxable","13":"shipping-taxable","14":"purchasable","15":"product-type-simple"},"acf":[],"_links":{"self":[{"href":"https:\/\/vitalstoffversand.com\/pl\/wp-json\/wp\/v2\/product\/27212","targetHints":{"allow":["GET"]}}],"collection":[{"href":"https:\/\/vitalstoffversand.com\/pl\/wp-json\/wp\/v2\/product"}],"about":[{"href":"https:\/\/vitalstoffversand.com\/pl\/wp-json\/wp\/v2\/types\/product"}],"wp:featuredmedia":[{"embeddable":true,"href":"https:\/\/vitalstoffversand.com\/pl\/wp-json\/wp\/v2\/media\/55129"}],"wp:attachment":[{"href":"https:\/\/vitalstoffversand.com\/pl\/wp-json\/wp\/v2\/media?parent=27212"}],"wp:term":[{"taxonomy":"product_brand","embeddable":true,"href":"https:\/\/vitalstoffversand.com\/pl\/wp-json\/wp\/v2\/product_brand?post=27212"},{"taxonomy":"product_cat","embeddable":true,"href":"https:\/\/vitalstoffversand.com\/pl\/wp-json\/wp\/v2\/product_cat?post=27212"},{"taxonomy":"product_tag","embeddable":true,"href":"https:\/\/vitalstoffversand.com\/pl\/wp-json\/wp\/v2\/product_tag?post=27212"}],"curies":[{"name":"wp","href":"https:\/\/api.w.org\/{rel}","templated":true}]}}