{"id":27209,"date":"2025-04-11T12:07:42","date_gmt":"2025-04-11T10:07:42","guid":{"rendered":"https:\/\/vitalstoffversand.com\/produkt\/vit4ever-magtein-l-treonian-magnezu-120-kapsulek\/"},"modified":"2026-03-16T12:23:19","modified_gmt":"2026-03-16T11:23:19","slug":"vit4ever-magtein-l-treonian-magnezu-120-kapsulek","status":"publish","type":"product","link":"https:\/\/vitalstoffversand.com\/pl\/produkt-pl\/vit4ever-magtein-l-treonian-magnezu-120-kapsulek\/","title":{"rendered":"Vit4ever <br>Magtein\u00ae L-treonian magnezu &#8211; 120 kapsu\u0142ek"},"content":{"rendered":"<p>L-treonian magnezu jest jedynym zwi\u0105zkiem magnezu, kt\u00f3ry mo\u017ce przenika\u0107 przez barier\u0119 krew-m\u00f3zg, dzi\u0119ki czemu szczeg\u00f3lnie nadaje si\u0119 do wspomagania funkcji umys\u0142owych.<\/p>\n<p>Magtein\u00ae to opatentowany zwi\u0105zek <strong><span style=\"color: #0000ff;\"><a style=\"color: #0000ff;\" href=\"https:\/\/vitalstoffversand.com\/knowledge-base\/magnesium\/\" target=\"_blank\" rel=\"noopener\">\u2192 magnezu<\/a><\/span><\/strong> i kwasu L-treonowego, kt\u00f3ry charakteryzuje si\u0119 innowacyjn\u0105 struktur\u0105 i zosta\u0142 opracowany w USA.<\/p>\n<p>Zwi\u0105zek ten ma szczeg\u00f3lnie skuteczn\u0105 biodost\u0119pno\u015b\u0107 sk\u0142adnik\u00f3w aktywnych.<\/p>\n<ul>\n<li>Wegan<\/li>\n<li>Bez glutenu<\/li>\n<li>Bez laktozy<\/li>\n<li>Bez GMO<\/li>\n<li>Wyprodukowane zgodnie z surowymi normami jako\u015bci UE<\/li>\n<\/ul>\n","protected":false},"excerpt":{"rendered":"<p>L-treonian magnezu jest jedynym zwi\u0105zkiem magnezu, kt\u00f3ry mo\u017ce przenika\u0107 przez barier\u0119 krew-m\u00f3zg, dzi\u0119ki czemu szczeg\u00f3lnie nadaje si\u0119 do wspomagania funkcji umys\u0142owych. Magtein\u00ae to opatentowany zwi\u0105zek \u2192 magnezu i kwasu L-treonowego, kt\u00f3ry charakteryzuje si\u0119 innowacyjn\u0105 struktur\u0105 i zosta\u0142 opracowany w USA. Zwi\u0105zek ten ma szczeg\u00f3lnie skuteczn\u0105 biodost\u0119pno\u015b\u0107 sk\u0142adnik\u00f3w aktywnych. Wegan Bez glutenu Bez laktozy Bez GMO [&hellip;]<\/p>\n","protected":false},"featured_media":55089,"template":"","meta":{"_acf_changed":false},"product_brand":[10220],"product_cat":[571],"product_tag":[],"class_list":{"0":"post-27209","1":"product","2":"type-product","3":"status-publish","4":"has-post-thumbnail","6":"product_brand-vit4ever-pl","7":"product_cat-akcesoria-i-rozne","9":"first","10":"instock","11":"taxable","12":"shipping-taxable","13":"purchasable","14":"product-type-simple"},"acf":[],"_links":{"self":[{"href":"https:\/\/vitalstoffversand.com\/pl\/wp-json\/wp\/v2\/product\/27209","targetHints":{"allow":["GET"]}}],"collection":[{"href":"https:\/\/vitalstoffversand.com\/pl\/wp-json\/wp\/v2\/product"}],"about":[{"href":"https:\/\/vitalstoffversand.com\/pl\/wp-json\/wp\/v2\/types\/product"}],"wp:featuredmedia":[{"embeddable":true,"href":"https:\/\/vitalstoffversand.com\/pl\/wp-json\/wp\/v2\/media\/55089"}],"wp:attachment":[{"href":"https:\/\/vitalstoffversand.com\/pl\/wp-json\/wp\/v2\/media?parent=27209"}],"wp:term":[{"taxonomy":"product_brand","embeddable":true,"href":"https:\/\/vitalstoffversand.com\/pl\/wp-json\/wp\/v2\/product_brand?post=27209"},{"taxonomy":"product_cat","embeddable":true,"href":"https:\/\/vitalstoffversand.com\/pl\/wp-json\/wp\/v2\/product_cat?post=27209"},{"taxonomy":"product_tag","embeddable":true,"href":"https:\/\/vitalstoffversand.com\/pl\/wp-json\/wp\/v2\/product_tag?post=27209"}],"curies":[{"name":"wp","href":"https:\/\/api.w.org\/{rel}","templated":true}]}}