{"id":27198,"date":"2024-11-11T17:56:23","date_gmt":"2024-11-11T16:56:23","guid":{"rendered":"https:\/\/vitalstoffversand.com\/produkt\/vit4ever-maslo-orzechowe-rozne-odmiany\/"},"modified":"2026-03-16T12:19:31","modified_gmt":"2026-03-16T11:19:31","slug":"vit4ever-maslo-orzechowe-rozne-odmiany","status":"publish","type":"product","link":"https:\/\/vitalstoffversand.com\/pl\/produkt-pl\/vit4ever-maslo-orzechowe-rozne-odmiany\/","title":{"rendered":"Vit4ever <br>Mas\u0142o orzechowe &#8211; r\u00f3\u017cne smaki"},"content":{"rendered":"<p style=\"text-align: left;\">Czyste i niezafa\u0142szowane mas\u0142o orzechowe wykonane w 100% z pra\u017conych orzeszk\u00f3w ziemnych<\/p>\n<p>Dost\u0119pne w wersji kremowo-g\u0142adkiej, chrupi\u0105cej z ma\u0142ymi kawa\u0142kami orzeszk\u00f3w ziemnych oraz w ciemno pra\u017conej wersji extra crunchy.<\/p>\n<p>Mas\u0142o orzechowe jest bogate w bia\u0142ko, minera\u0142y (potas, magnez) i zawiera 52% nienasyconych kwas\u00f3w t\u0142uszczowych.<\/p>\n<p>Uwaga: W przypadku tego produktu normalnym zjawiskiem jest wyp\u0142ywanie oleju na powierzchni\u0119. Wystarczy kr\u00f3tko wymiesza\u0107, aby przywr\u00f3ci\u0107 kremow\u0105 konsystencj\u0119. <\/p>\n<ul>\n<li>wega\u0144ski<\/li>\n<li>bezglutenowy<\/li>\n<li>Bez dodatku cukru, oleju palmowego i soli<\/li>\n<li>Bez sztucznych dodatk\u00f3w<\/li>\n<\/ul>\n","protected":false},"excerpt":{"rendered":"<p>Czyste i niezafa\u0142szowane mas\u0142o orzechowe wykonane w 100% z pra\u017conych orzeszk\u00f3w ziemnych Dost\u0119pne w wersji kremowo-g\u0142adkiej, chrupi\u0105cej z ma\u0142ymi kawa\u0142kami orzeszk\u00f3w ziemnych oraz w ciemno pra\u017conej wersji extra crunchy. Mas\u0142o orzechowe jest bogate w bia\u0142ko, minera\u0142y (potas, magnez) i zawiera 52% nienasyconych kwas\u00f3w t\u0142uszczowych. Uwaga: W przypadku tego produktu normalnym zjawiskiem jest wyp\u0142ywanie oleju na [&hellip;]<\/p>\n","protected":false},"featured_media":55009,"template":"","meta":{"_acf_changed":false},"product_brand":[10220],"product_cat":[549,569],"product_tag":[],"class_list":{"0":"post-27198","1":"product","2":"type-product","3":"status-publish","4":"has-post-thumbnail","6":"product_brand-vit4ever-pl","7":"product_cat-gotowanie-i-przekaski","8":"product_cat-produkty-od-a-z","10":"first","11":"instock","12":"taxable","13":"shipping-taxable","14":"purchasable","15":"product-type-variable"},"acf":[],"_links":{"self":[{"href":"https:\/\/vitalstoffversand.com\/pl\/wp-json\/wp\/v2\/product\/27198","targetHints":{"allow":["GET"]}}],"collection":[{"href":"https:\/\/vitalstoffversand.com\/pl\/wp-json\/wp\/v2\/product"}],"about":[{"href":"https:\/\/vitalstoffversand.com\/pl\/wp-json\/wp\/v2\/types\/product"}],"wp:featuredmedia":[{"embeddable":true,"href":"https:\/\/vitalstoffversand.com\/pl\/wp-json\/wp\/v2\/media\/55009"}],"wp:attachment":[{"href":"https:\/\/vitalstoffversand.com\/pl\/wp-json\/wp\/v2\/media?parent=27198"}],"wp:term":[{"taxonomy":"product_brand","embeddable":true,"href":"https:\/\/vitalstoffversand.com\/pl\/wp-json\/wp\/v2\/product_brand?post=27198"},{"taxonomy":"product_cat","embeddable":true,"href":"https:\/\/vitalstoffversand.com\/pl\/wp-json\/wp\/v2\/product_cat?post=27198"},{"taxonomy":"product_tag","embeddable":true,"href":"https:\/\/vitalstoffversand.com\/pl\/wp-json\/wp\/v2\/product_tag?post=27198"}],"curies":[{"name":"wp","href":"https:\/\/api.w.org\/{rel}","templated":true}]}}