{"id":27170,"date":"2024-11-11T17:53:50","date_gmt":"2024-11-11T16:53:50","guid":{"rendered":"https:\/\/vitalstoffversand.com\/produkt\/vit4ever-kolagen-w-proszku-1000-g\/"},"modified":"2026-03-16T12:06:40","modified_gmt":"2026-03-16T11:06:40","slug":"vit4ever-kolagen-w-proszku-1000-g","status":"publish","type":"product","link":"https:\/\/vitalstoffversand.com\/pl\/produkt-pl\/vit4ever-kolagen-w-proszku-1000-g\/","title":{"rendered":"Vit4ever <br>Kolagen w proszku &#8211; 1000 g"},"content":{"rendered":"<p>Hydrolizat kolagenu bydl\u0119cego uzyskanego w wyniku enzymatycznego rozk\u0142adu kolagenu bydl\u0119cego typu I i III, charakteryzuj\u0105cy si\u0119 wyj\u0105tkow\u0105 czysto\u015bci\u0105, biodost\u0119pno\u015bci\u0105 i rozpuszczalno\u015bci\u0105.<\/p>\n<p>Produkt jest neutralny w smaku i dlatego mo\u017ce by\u0107 mieszany z wieloma produktami spo\u017cywczymi i napojami bez wp\u0142ywu na ich smak.<\/p>\n<p><strong>Uwaga:<\/strong> Ten produkt nie posiada certyfikatu halal.<\/p>\n<ul>\n<li>Bez glutenu<\/li>\n<li>Bez laktozy<\/li>\n<li>Bez GMO<\/li>\n<li>Wyprodukowane zgodnie z surowymi normami jako\u015bci UE<\/li>\n<\/ul>\n","protected":false},"excerpt":{"rendered":"<p>Hydrolizat kolagenu bydl\u0119cego uzyskanego w wyniku enzymatycznego rozk\u0142adu kolagenu bydl\u0119cego typu I i III, charakteryzuj\u0105cy si\u0119 wyj\u0105tkow\u0105 czysto\u015bci\u0105, biodost\u0119pno\u015bci\u0105 i rozpuszczalno\u015bci\u0105. Produkt jest neutralny w smaku i dlatego mo\u017ce by\u0107 mieszany z wieloma produktami spo\u017cywczymi i napojami bez wp\u0142ywu na ich smak. Uwaga: Ten produkt nie posiada certyfikatu halal. Bez glutenu Bez laktozy Bez GMO [&hellip;]<\/p>\n","protected":false},"featured_media":62357,"template":"","meta":{"_acf_changed":false},"product_brand":[10220],"product_cat":[560,569],"product_tag":[],"class_list":{"0":"post-27170","1":"product","2":"type-product","3":"status-publish","4":"has-post-thumbnail","6":"product_brand-vit4ever-pl","7":"product_cat-skladniki-odzywcze","8":"product_cat-produkty-od-a-z","10":"first","11":"outofstock","12":"taxable","13":"shipping-taxable","14":"purchasable","15":"product-type-simple"},"acf":[],"_links":{"self":[{"href":"https:\/\/vitalstoffversand.com\/pl\/wp-json\/wp\/v2\/product\/27170","targetHints":{"allow":["GET"]}}],"collection":[{"href":"https:\/\/vitalstoffversand.com\/pl\/wp-json\/wp\/v2\/product"}],"about":[{"href":"https:\/\/vitalstoffversand.com\/pl\/wp-json\/wp\/v2\/types\/product"}],"wp:featuredmedia":[{"embeddable":true,"href":"https:\/\/vitalstoffversand.com\/pl\/wp-json\/wp\/v2\/media\/62357"}],"wp:attachment":[{"href":"https:\/\/vitalstoffversand.com\/pl\/wp-json\/wp\/v2\/media?parent=27170"}],"wp:term":[{"taxonomy":"product_brand","embeddable":true,"href":"https:\/\/vitalstoffversand.com\/pl\/wp-json\/wp\/v2\/product_brand?post=27170"},{"taxonomy":"product_cat","embeddable":true,"href":"https:\/\/vitalstoffversand.com\/pl\/wp-json\/wp\/v2\/product_cat?post=27170"},{"taxonomy":"product_tag","embeddable":true,"href":"https:\/\/vitalstoffversand.com\/pl\/wp-json\/wp\/v2\/product_tag?post=27170"}],"curies":[{"name":"wp","href":"https:\/\/api.w.org\/{rel}","templated":true}]}}