{"id":27160,"date":"2024-11-11T15:55:08","date_gmt":"2024-11-11T14:55:08","guid":{"rendered":"https:\/\/vitalstoffversand.com\/produkt\/vit4ever-ekstrakt-z-czerwonego-ryzu-240-kapsulek\/"},"modified":"2026-03-16T11:48:05","modified_gmt":"2026-03-16T10:48:05","slug":"vit4ever-ekstrakt-z-czerwonego-ryzu-240-kapsulek","status":"publish","type":"product","link":"https:\/\/vitalstoffversand.com\/pl\/produkt-pl\/vit4ever-ekstrakt-z-czerwonego-ryzu-240-kapsulek\/","title":{"rendered":"Vit4ever <br>Wyci\u0105g z czerwonego ry\u017cu \u2013 365 kapsu\u0142ek"},"content":{"rendered":"<p>Czerwony ry\u017c otrzymywany jest poprzez fermentacj\u0119 bia\u0142ego ry\u017cu z ple\u015bni\u0105 Monascus purpureus i zawiera naturalny sk\u0142adnik aktywny monakolin\u0119 K, kt\u00f3ra jest chemicznie identyczna z syntetycznym lekiem lovostatyn\u0105.<\/p>\n<p>Lowastatyna nale\u017cy do grupy substancji czynnych statyn, kt\u00f3re s\u0105 stosowane w leczeniu podwy\u017cszonego poziomu cholesterolu i tr\u00f3jgliceryd\u00f3w oraz w zapobieganiu stwardnieniu t\u0119tnic wie\u0144cowych.<\/p>\n<ul>\n<li>Wegan<\/li>\n<li>Bez glutenu<\/li>\n<li>Bez laktozy<\/li>\n<li>Bez GMO<\/li>\n<li>Wyprodukowane zgodnie z surowymi normami jako\u015bci UE<\/li>\n<\/ul>\n","protected":false},"excerpt":{"rendered":"<p>Czerwony ry\u017c otrzymywany jest poprzez fermentacj\u0119 bia\u0142ego ry\u017cu z ple\u015bni\u0105 Monascus purpureus i zawiera naturalny sk\u0142adnik aktywny monakolin\u0119 K, kt\u00f3ra jest chemicznie identyczna z syntetycznym lekiem lovostatyn\u0105. Lowastatyna nale\u017cy do grupy substancji czynnych statyn, kt\u00f3re s\u0105 stosowane w leczeniu podwy\u017cszonego poziomu cholesterolu i tr\u00f3jgliceryd\u00f3w oraz w zapobieganiu stwardnieniu t\u0119tnic wie\u0144cowych. Wegan Bez glutenu Bez laktozy [&hellip;]<\/p>\n","protected":false},"featured_media":54689,"template":"","meta":{"_acf_changed":false},"product_brand":[10220],"product_cat":[560,569],"product_tag":[],"class_list":{"0":"post-27160","1":"product","2":"type-product","3":"status-publish","4":"has-post-thumbnail","6":"product_brand-vit4ever-pl","7":"product_cat-skladniki-odzywcze","8":"product_cat-produkty-od-a-z","10":"first","11":"instock","12":"taxable","13":"shipping-taxable","14":"purchasable","15":"product-type-simple"},"acf":[],"_links":{"self":[{"href":"https:\/\/vitalstoffversand.com\/pl\/wp-json\/wp\/v2\/product\/27160","targetHints":{"allow":["GET"]}}],"collection":[{"href":"https:\/\/vitalstoffversand.com\/pl\/wp-json\/wp\/v2\/product"}],"about":[{"href":"https:\/\/vitalstoffversand.com\/pl\/wp-json\/wp\/v2\/types\/product"}],"wp:featuredmedia":[{"embeddable":true,"href":"https:\/\/vitalstoffversand.com\/pl\/wp-json\/wp\/v2\/media\/54689"}],"wp:attachment":[{"href":"https:\/\/vitalstoffversand.com\/pl\/wp-json\/wp\/v2\/media?parent=27160"}],"wp:term":[{"taxonomy":"product_brand","embeddable":true,"href":"https:\/\/vitalstoffversand.com\/pl\/wp-json\/wp\/v2\/product_brand?post=27160"},{"taxonomy":"product_cat","embeddable":true,"href":"https:\/\/vitalstoffversand.com\/pl\/wp-json\/wp\/v2\/product_cat?post=27160"},{"taxonomy":"product_tag","embeddable":true,"href":"https:\/\/vitalstoffversand.com\/pl\/wp-json\/wp\/v2\/product_tag?post=27160"}],"curies":[{"name":"wp","href":"https:\/\/api.w.org\/{rel}","templated":true}]}}