{"id":27155,"date":"2024-11-11T18:32:24","date_gmt":"2024-11-11T17:32:24","guid":{"rendered":"https:\/\/vitalstoffversand.com\/produkt\/vit4ever-lactase-depot-rozne-wersje\/"},"modified":"2026-03-16T11:05:14","modified_gmt":"2026-03-16T10:05:14","slug":"vit4ever-lactase-depot-rozne-wersje","status":"publish","type":"product","link":"https:\/\/vitalstoffversand.com\/pl\/produkt-pl\/vit4ever-lactase-depot-rozne-wersje\/","title":{"rendered":"Vit4ever <br>Lactase Depot 13000 \u2013 120 tabletek"},"content":{"rendered":"<p><a href=\"https:\/\/vitalstoffversand.com\/knowledge-base\/lactase\/\" target=\"_blank\" rel=\"noopener\"><strong><span style=\"color: #0000ff;\">\u2192 Laktaza<\/span><\/strong><\/a> poprawia trawienie laktozy u os\u00f3b, kt\u00f3re maj\u0105 problemy z trawieniem (Health Claim Regulation).<\/p>\n<p>Nietolerancja laktozy to reakcja nietolerancji wywo\u0142ana spo\u017cyciem laktozy (cukru mlecznego), kt\u00f3ra wyst\u0119puje g\u0142\u00f3wnie w mleku i produktach mlecznych.<\/p>\n<p>Enzym laktaza rozk\u0142ada laktoz\u0119 w jelitach i zapobiega zaburzeniom w przewodzie pokarmowym.<\/p>\n<p>Tabletki maj\u0105 13 000 jednostek FCC i mo\u017cna je \u0142atwo w\u0142\u0105czy\u0107 do codziennej diety.<\/p>\n<ul>\n<li>Wegan<\/li>\n<li>Bez glutenu<\/li>\n<li>Bez laktozy<\/li>\n<li>Bez GMO<\/li>\n<li>Wyprodukowane zgodnie z surowymi normami jako\u015bci UE<\/li>\n<\/ul>\n","protected":false},"excerpt":{"rendered":"<p>\u2192 Laktaza poprawia trawienie laktozy u os\u00f3b, kt\u00f3re maj\u0105 problemy z trawieniem (Health Claim Regulation). Nietolerancja laktozy to reakcja nietolerancji wywo\u0142ana spo\u017cyciem laktozy (cukru mlecznego), kt\u00f3ra wyst\u0119puje g\u0142\u00f3wnie w mleku i produktach mlecznych. Enzym laktaza rozk\u0142ada laktoz\u0119 w jelitach i zapobiega zaburzeniom w przewodzie pokarmowym. Tabletki maj\u0105 13 000 jednostek FCC i mo\u017cna je \u0142atwo [&hellip;]<\/p>\n","protected":false},"featured_media":54401,"template":"","meta":{"_acf_changed":false},"product_brand":[10220],"product_cat":[560,569],"product_tag":[],"class_list":{"0":"post-27155","1":"product","2":"type-product","3":"status-publish","4":"has-post-thumbnail","6":"product_brand-vit4ever-pl","7":"product_cat-skladniki-odzywcze","8":"product_cat-produkty-od-a-z","10":"first","11":"instock","12":"taxable","13":"shipping-taxable","14":"purchasable","15":"product-type-simple"},"acf":[],"_links":{"self":[{"href":"https:\/\/vitalstoffversand.com\/pl\/wp-json\/wp\/v2\/product\/27155","targetHints":{"allow":["GET"]}}],"collection":[{"href":"https:\/\/vitalstoffversand.com\/pl\/wp-json\/wp\/v2\/product"}],"about":[{"href":"https:\/\/vitalstoffversand.com\/pl\/wp-json\/wp\/v2\/types\/product"}],"wp:featuredmedia":[{"embeddable":true,"href":"https:\/\/vitalstoffversand.com\/pl\/wp-json\/wp\/v2\/media\/54401"}],"wp:attachment":[{"href":"https:\/\/vitalstoffversand.com\/pl\/wp-json\/wp\/v2\/media?parent=27155"}],"wp:term":[{"taxonomy":"product_brand","embeddable":true,"href":"https:\/\/vitalstoffversand.com\/pl\/wp-json\/wp\/v2\/product_brand?post=27155"},{"taxonomy":"product_cat","embeddable":true,"href":"https:\/\/vitalstoffversand.com\/pl\/wp-json\/wp\/v2\/product_cat?post=27155"},{"taxonomy":"product_tag","embeddable":true,"href":"https:\/\/vitalstoffversand.com\/pl\/wp-json\/wp\/v2\/product_tag?post=27155"}],"curies":[{"name":"wp","href":"https:\/\/api.w.org\/{rel}","templated":true}]}}