{"id":27133,"date":"2024-11-07T19:13:26","date_gmt":"2024-11-07T18:13:26","guid":{"rendered":"https:\/\/vitalstoffversand.com\/produkt\/vit4ever-opc-pure-300-kapsulek\/"},"modified":"2026-03-12T16:50:28","modified_gmt":"2026-03-12T15:50:28","slug":"vit4ever-opc-pure-300-kapsulek","status":"publish","type":"product","link":"https:\/\/vitalstoffversand.com\/pl\/produkt-pl\/vit4ever-opc-pure-300-kapsulek\/","title":{"rendered":"Vit4ever <br>OPC Pure &#8211; 300 kapsu\u0142ek"},"content":{"rendered":"<p>Oligomeryczne proantocyjanidyny (OPC) wyst\u0119puj\u0105 w r\u00f3\u017cnych ro\u015blinach, ale s\u0105 g\u0142\u00f3wnie ekstrahowane z nasion czerwonych i niebieskich winogron.<\/p>\n<p>S\u0105 one wt\u00f3rnymi substancjami ro\u015blinnymi i nale\u017c\u0105 do grupy flawonoid\u00f3w.<\/p>\n<p>Spo\u017cycie OPC mo\u017ce by\u0107 korzystnie uzupe\u0142nione <a href=\"https:\/\/vitalstoffversand.com\/knowledge-base\/vitamin-c\/\" target=\"_blank\" rel=\"noopener\"><span style=\"color: #0000ff;\">\u2192 witamin\u0105 C<\/span><\/a>.<\/p>\n<p>Zawarto\u015b\u0107 OPC w jednej kapsu\u0142ce wynosi:<\/p>\n<p>\u2192 wed\u0142ug metody HPLC: 350 mg OPC (70% oligomerycznych proantocyjanidyn)<br \/>\n\u2192 wed\u0142ug metody Bate\/Smith: 450 mg OPC (95% oligomerycznych proantocyjanidyn)<\/p>\n<ul>\n<li>Wegan<\/li>\n<li>Bez glutenu<\/li>\n<li>Bez laktozy<\/li>\n<li>Bez GMO<\/li>\n<li>Wyprodukowane zgodnie z surowymi normami jako\u015bci UE<\/li>\n<\/ul>\n","protected":false},"excerpt":{"rendered":"<p>Oligomeryczne proantocyjanidyny (OPC) wyst\u0119puj\u0105 w r\u00f3\u017cnych ro\u015blinach, ale s\u0105 g\u0142\u00f3wnie ekstrahowane z nasion czerwonych i niebieskich winogron. S\u0105 one wt\u00f3rnymi substancjami ro\u015blinnymi i nale\u017c\u0105 do grupy flawonoid\u00f3w. Spo\u017cycie OPC mo\u017ce by\u0107 korzystnie uzupe\u0142nione \u2192 witamin\u0105 C. Zawarto\u015b\u0107 OPC w jednej kapsu\u0142ce wynosi: \u2192 wed\u0142ug metody HPLC: 350 mg OPC (70% oligomerycznych proantocyjanidyn) \u2192 wed\u0142ug metody [&hellip;]<\/p>\n","protected":false},"featured_media":49918,"template":"","meta":{"_acf_changed":false},"product_brand":[10220],"product_cat":[560,569],"product_tag":[],"class_list":{"0":"post-27133","1":"product","2":"type-product","3":"status-publish","4":"has-post-thumbnail","6":"product_brand-vit4ever-pl","7":"product_cat-skladniki-odzywcze","8":"product_cat-produkty-od-a-z","10":"first","11":"instock","12":"taxable","13":"shipping-taxable","14":"purchasable","15":"product-type-simple"},"acf":[],"_links":{"self":[{"href":"https:\/\/vitalstoffversand.com\/pl\/wp-json\/wp\/v2\/product\/27133","targetHints":{"allow":["GET"]}}],"collection":[{"href":"https:\/\/vitalstoffversand.com\/pl\/wp-json\/wp\/v2\/product"}],"about":[{"href":"https:\/\/vitalstoffversand.com\/pl\/wp-json\/wp\/v2\/types\/product"}],"wp:featuredmedia":[{"embeddable":true,"href":"https:\/\/vitalstoffversand.com\/pl\/wp-json\/wp\/v2\/media\/49918"}],"wp:attachment":[{"href":"https:\/\/vitalstoffversand.com\/pl\/wp-json\/wp\/v2\/media?parent=27133"}],"wp:term":[{"taxonomy":"product_brand","embeddable":true,"href":"https:\/\/vitalstoffversand.com\/pl\/wp-json\/wp\/v2\/product_brand?post=27133"},{"taxonomy":"product_cat","embeddable":true,"href":"https:\/\/vitalstoffversand.com\/pl\/wp-json\/wp\/v2\/product_cat?post=27133"},{"taxonomy":"product_tag","embeddable":true,"href":"https:\/\/vitalstoffversand.com\/pl\/wp-json\/wp\/v2\/product_tag?post=27133"}],"curies":[{"name":"wp","href":"https:\/\/api.w.org\/{rel}","templated":true}]}}